{"id":75115,"date":"2016-05-24T22:32:08","date_gmt":"2016-05-24T20:32:08","guid":{"rendered":"https:\/\/houtdraaiwerken-penkits.nl\/allgemeine-bedingungen-und-konditionen\/"},"modified":"2025-05-07T13:50:29","modified_gmt":"2025-05-07T11:50:29","slug":"allgemeine-bedingungen-und-konditionen","status":"publish","type":"page","link":"https:\/\/houtdraaiwerken-penkits.nl\/de\/allgemeine-bedingungen-und-konditionen\/","title":{"rendered":"Allgemeine Bedingungen und Konditionen"},"content":{"rendered":"<p>[et_pb_section fb_built=&#8220;1&#8243; _builder_version=&#8220;4.16&#8243; global_colors_info=&#8220;{}&#8220;][et_pb_row _builder_version=&#8220;4.16&#8243; background_size=&#8220;initial&#8220; background_position=&#8220;top_left&#8220; background_repeat=&#8220;repeat&#8220; global_colors_info=&#8220;{}&#8220;][et_pb_column type=&#8220;4_4&#8243; _builder_version=&#8220;4.16&#8243; custom_padding=&#8220;|||&#8220; global_colors_info=&#8220;{}&#8220; custom_padding__hover=&#8220;|||&#8220;][et_pb_text _builder_version=&#8220;4.27.0&#8243; background_size=&#8220;initial&#8220; background_position=&#8220;top_left&#8220; background_repeat=&#8220;repeat&#8220; hover_enabled=&#8220;0&#8243; global_colors_info=&#8220;{}&#8220; sticky_enabled=&#8220;0&#8243;]<\/p>\n<p>Allgemeine Bedingungen und Konditionen<\/p>\n<p>Hier k\u00f6nnen Sie unsere Allgemeinen Gesch\u00e4ftsbedingungen f\u00fcr den Webshop lesen. Nicht nur die Regierung stellt Regeln auf, um die Sicherheit Ihres Einkaufs zu gew\u00e4hrleisten. Auch wir als Webshop-Betreiber m\u00f6chten Sie \u00fcber unsere Bedingungen informieren. Indem Sie den Allgemeinen Gesch\u00e4ftsbedingungen Webshop zustimmen, kommt ein Vertrag zwischen uns und Ihnen als Kunde zustande. Doch bevor Sie unseren Allgemeinen Gesch\u00e4ftsbedingungen zustimmen, bitten wir Sie, die Bedingungen sorgf\u00e4ltig zu lesen und unsere Arbeitsweise zur Kenntnis zu nehmen. So k\u00f6nnen Sie unangenehme Situationen vermeiden! Wenn Sie Fragen zu unseren Allgemeinen Gesch\u00e4ftsbedingungen haben, k\u00f6nnen Sie uns gerne kontaktieren.      <\/p>\n<p>Artikel 1 - Webshop<\/p>\n<p>1.1.<\/p>\n<p>Der Webshop ist bei der Handelskammer registriert und zahlt seinen gesetzlichen Beitrag an das Finanzamt. Sie finden unsere Handelskammernummer und unsere Mehrwertsteuernummer auf unserer Website. Dort finden Sie auch unsere Kontaktinformationen.  <\/p>\n<p>1.2.<\/p>\n<p>Wir sind bestrebt, die Sicherheit Ihrer Daten st\u00e4ndig zu verbessern. Wenn sie von Hackern missbraucht werden, werden wir dies der Polizei melden. <\/p>\n<p>1.3.<\/p>\n<p>Wir geben Ihre pers\u00f6nlichen Daten niemals an Dritte weiter. Wenn wir Ihre pers\u00f6nlichen Daten an Dritte weitergeben, werden wir immer Ihre vorherige Zustimmung einholen. Mehr \u00fcber unser <a href=\"https:\/\/www.houtdraaiwerken-penkits.nl\/wp-content\/uploads\/2018\/06\/privacy_statement_21-05-2018.pdf\">AVG<\/a> k\u00f6nnen Sie unter diesem Link lesen  <\/p>\n<p>1.4.<\/p>\n<p>Seit dem 5. Juni 2012 ist unser Webshop verpflichtet, Ihre vorherige Zustimmung zu Cookies einzuholen. Sie k\u00f6nnen mehr dar\u00fcber in unserer Cookie-Richtlinie lesen. <\/p>\n<p>1.5.<\/p>\n<p>Wir sind verpflichtet, jeden m\u00f6glichen Verdacht auf Missbrauch oder Betrug der Polizei zu melden.<\/p>\n<p>1.6.<\/p>\n<p>Das Gesch\u00e4ft hat eine Berufshaftpflichtversicherung abgeschlossen, um sich gegen ungerechtfertigte Haftungsanspr\u00fcche eines Kunden abzusichern.<\/p>\n<p>1.7.<\/p>\n<p>Unser Ziel ist es, Ihnen jederzeit einen hervorragenden Service zu bieten. Wenn Sie <\/p>\n<p>Wenn Sie Zweifel am Kauf eines Produkts haben, helfen Ihnen unsere Mitarbeiter gerne weiter.<\/p>\n<p>Artikel 2 - Karenzzeit<\/p>\n<p>2.1.<\/p>\n<p>Sie haben eine Bedenkzeit von 14 Tagen nach dem Kauf eines bestimmten Produkts. Sollten Sie innerhalb dieser Frist widerrufen m\u00fcssen <\/p>\n<p>Begriff mit dem Kauf unzufrieden sind, k\u00f6nnen Sie das Produkt an uns zur\u00fccksenden, ohne selbst f\u00fcr das Produkt bezahlen zu m\u00fcssen. Sie zahlen nur die Versandkosten f\u00fcr die R\u00fccksendung des betreffenden Produkts. Wenn Sie bereits eine Zahlung geleistet haben, erhalten Sie eine Gutschriftrechnung und der von Ihnen gezahlte Betrag wird auf Ihre Kontonummer zur\u00fcckerstattet.  <\/p>\n<p>2.2.<\/p>\n<p>An uns zur\u00fcckgesandte Produkte m\u00fcssen mit dem Original<\/p>\n<p>Verpackung.<\/p>\n<p>Artikel 3 - Die Vereinbarung<\/p>\n<p>3.1.<\/p>\n<p>Der Vertrag zwischen dem Webshop und dem Kunden ist endg\u00fcltig, wenn der Kunde sein Einverst\u00e4ndnis mit den allgemeinen Gesch\u00e4ftsbedingungen erkl\u00e4rt hat und der Kunde eine Zahlung per iDEAL oder Bank\u00fcberweisung get\u00e4tigt hat. Nach Ablauf der Bedenkzeit von 14 Tagen und dem Eingang der Zahlung beim Webshop ist der Kunde Eigent\u00fcmer des betreffenden Produkts geworden. <\/p>\n<p>3.2.<\/p>\n<p>Die Vereinbarung wurde elektronisch erstellt, indem Sie das<\/p>\n<p>erforderlichen Felder aus und stimmen Sie den Bedingungen zu.<\/p>\n<p>3.3.<\/p>\n<p>Als Kunde sind Sie verpflichtet, Ihre Zahlungsverpflichtungen gegen\u00fcber dem Webshop zu erf\u00fcllen. Wenn Sie nicht innerhalb der gesetzten Frist zahlen, schicken wir Ihnen eine Mahnung. Wenn Sie nach 14 Tagen immer noch nicht gezahlt haben, werden Ihnen Kosten in Rechnung gestellt. Wenn Sie nach mehreren Mahnungen den f\u00e4lligen Betrag immer noch nicht bezahlt haben, werden wir die Eintreibung an ein Inkassob\u00fcro \u00fcbergeben.   <\/p>\n<p>3.4.<\/p>\n<p>Nachdem Sie Ihren Kauf get\u00e4tigt haben, erhalten Sie von uns eine schriftliche Best\u00e4tigung Ihres Kaufs per E-Mail. Darin steht, welches Produkt Sie gekauft haben, was es Sie kostet und an wen Sie sich mit Beschwerden und Anmerkungen wenden k\u00f6nnen. <\/p>\n<p>3.5.<\/p>\n<p>Wir sind verpflichtet, Ihnen das Produkt oder den Artikel innerhalb von 30 Tagen zu liefern. Sollte der Artikel aufgrund unvorhergesehener Umst\u00e4nde nicht innerhalb dieser Frist verf\u00fcgbar sein, werden wir Sie schriftlich dar\u00fcber informieren. Nach Ablauf dieser 30 Tage erstatten wir Ihnen den bereits gezahlten Kaufpreis.  <\/p>\n<p>3.6.<\/p>\n<p>Die Lieferung von Produkten ins Ausland kann l\u00e4nger dauern als die Lieferung in den Niederlanden. Die Kosten, die f\u00fcr den Versand an eine Adresse im Ausland berechnet werden, sehen Sie, wenn Sie mit dem Kauf des Produkts fortfahren. <\/p>\n<p>Artikel<\/p>\n<p>4 - Der Preis<\/p>\n<p>4.1.<\/p>\n<p>Die in unserem Webshop angegebenen Preise enthalten immer die Mehrwertsteuer.<\/p>\n<p>Die Kosten f\u00fcr den Versand des Produkts werden angezeigt, wenn Sie das Produkt in Ihren Warenkorb gelegt haben.<\/p>\n<p>4.2.<\/p>\n<p>Der mit dem Produkt auf der Website angezeigte Preis kann sich w\u00e4hrend Ihres Kaufs nicht \u00e4ndern. Sie zahlen den Betrag, der mit dem Produkt sichtbar ist und der Ihnen auch best\u00e4tigt wird, wenn Sie dem Kauf elektronisch zustimmen. Darin wird der Kaufpreis noch einmal erw\u00e4hnt.  <\/p>\n<p>4.3.<\/p>\n<p>Wenn Sie ein Produkt in einem Zeitraum kaufen, in dem keine Werbeaktion gilt, haben Sie auch danach keinen Anspruch auf einen Rabatt.<\/p>\n<p>Artikel 5 - Reklamationen und Garantie<\/p>\n<p>5.1.<\/p>\n<p>Beschwerden \u00fcber die Lieferung sollten zun\u00e4chst per E-Mail oder Telefon an uns gerichtet werden.<\/p>\n<p>5.2.<\/p>\n<p>Reklamationen \u00fcber das Produkt selbst sollten Sie uns schriftlich mitteilen. Bitte beschreiben Sie Ihre Beschwerde so genau wie m\u00f6glich. Wir werden uns in Ihrem Namen mit dem Hersteller oder Gro\u00dfh\u00e4ndler in Verbindung setzen und als Vermittler auftreten. Wenn es im Rahmen unserer M\u00f6glichkeiten liegt, werden wir das Problem selbst f\u00fcr Sie l\u00f6sen.   <\/p>\n<p>5.3.<\/p>\n<p>Beschwerden werden von uns in der Regel innerhalb von 14 Tagen bearbeitet. Reklamationen werden immer schriftlich bearbeitet. Wir m\u00f6chten Ihnen jederzeit einen hervorragenden Service bieten.  <\/p>\n<p>5.4.<\/p>\n<p>F\u00fcr jedes Produkt, das wir Ihnen liefern, gilt eine Garantie. Wie lange diese Garantie gilt, h\u00e4ngt ganz von dem jeweiligen Produkt ab. Auf Verbrauchsmaterialien und Gebrauchsgegenst\u00e4nde k\u00f6nnen wir nur eine begrenzte Garantie geben. Wenn Sie einen Mangel an einem unserer Produkte feststellen, informieren Sie uns bitte innerhalb von 48 Stunden nach der Lieferung.   <\/p>\n<p>5.5.<\/p>\n<p>Wenn das Produkt innerhalb der Garantiezeit kaputt geht, erstatten wir Ihnen den vollen Kaufpreis. Dies gilt jedoch nicht bei vors\u00e4tzlicher oder absichtlicher Besch\u00e4digung. Wir bitten Sie au\u00dferdem, sich an Ihre Versicherungsgesellschaft zu wenden, wenn der Schaden nach der Garantiezeit auftritt. M\u00f6glicherweise k\u00f6nnen Sie den Schaden \u00fcber Ihre Hausratversicherung geltend machen. In beiden F\u00e4llen k\u00f6nnen ohne Kaufbeleg keine R\u00fcckerstattungen vorgenommen werden. Nach Ablauf der Garantiezeit verf\u00e4llt im Schadensfall auch der Neu-zu-Alt-Wert. Die Zahlung erfolgt dann auf der Grundlage des aktuellen Marktwerts.      <\/p>\n<p>Wenn Sie mit den Allgemeinen Gesch\u00e4ftsbedingungen Webshop einverstanden sind, markieren Sie bitte das K\u00e4stchen. Ohne das Ankreuzen des K\u00e4stchens kann kein Vertrag abgeschlossen werden. Wir w\u00fcnschen Ihnen viel Spa\u00df mit Ihrem Einkauf! Wenn Sie weitere Fragen haben, k\u00f6nnen Sie uns gerne kontaktieren.   <\/p>\n<p>[\/et_pb_text][\/et_pb_column][\/et_pb_row][\/et_pb_section]<\/p>\n","protected":false},"excerpt":{"rendered":"<p>Allgemeine Bedingungen und Konditionen Hier k\u00f6nnen Sie unsere Allgemeinen Gesch\u00e4ftsbedingungen f\u00fcr den Webshop lesen. Nicht nur die Regierung stellt Regeln auf, um die Sicherheit Ihres Einkaufs zu gew\u00e4hrleisten. Auch wir als Webshop-Betreiber m\u00f6chten Sie \u00fcber unsere Bedingungen informieren. Indem Sie den Allgemeinen Gesch\u00e4ftsbedingungen Webshop zustimmen, kommt ein Vertrag zwischen uns und Ihnen als Kunde zustande. [&hellip;]<\/p>\n","protected":false},"author":1,"featured_media":0,"parent":0,"menu_order":0,"comment_status":"closed","ping_status":"closed","template":"","meta":{"_et_pb_use_builder":"on","_et_pb_old_content":"","_et_gb_content_width":"","footnotes":""},"class_list":["post-75115","page","type-page","status-publish","hentry"],"_links":{"self":[{"href":"https:\/\/houtdraaiwerken-penkits.nl\/de\/wp-json\/wp\/v2\/pages\/75115","targetHints":{"allow":["GET"]}}],"collection":[{"href":"https:\/\/houtdraaiwerken-penkits.nl\/de\/wp-json\/wp\/v2\/pages"}],"about":[{"href":"https:\/\/houtdraaiwerken-penkits.nl\/de\/wp-json\/wp\/v2\/types\/page"}],"author":[{"embeddable":true,"href":"https:\/\/houtdraaiwerken-penkits.nl\/de\/wp-json\/wp\/v2\/users\/1"}],"replies":[{"embeddable":true,"href":"https:\/\/houtdraaiwerken-penkits.nl\/de\/wp-json\/wp\/v2\/comments?post=75115"}],"version-history":[{"count":0,"href":"https:\/\/houtdraaiwerken-penkits.nl\/de\/wp-json\/wp\/v2\/pages\/75115\/revisions"}],"wp:attachment":[{"href":"https:\/\/houtdraaiwerken-penkits.nl\/de\/wp-json\/wp\/v2\/media?parent=75115"}],"curies":[{"name":"wp","href":"https:\/\/api.w.org\/{rel}","templated":true}]}}