{"id":103610,"date":"2026-01-28T15:09:00","date_gmt":"2026-01-28T14:09:00","guid":{"rendered":"https:\/\/houtdraaiwerken-penkits.nl\/?post_type=product&#038;p=103610"},"modified":"2026-01-28T15:23:24","modified_gmt":"2026-01-28T14:23:24","slug":"prn016-rohling-fuer-kugelschreiber-aus-kunstharz-mit-duennem-goldstreifen","status":"publish","type":"product","link":"https:\/\/houtdraaiwerken-penkits.nl\/de\/shop\/harz-stiftrohlinge\/prn016-rohling-fuer-kugelschreiber-aus-kunstharz-mit-duennem-goldstreifen\/","title":{"rendered":"PRN016 Rohlings f\u00fcr Kugelschreiber aus Kunstharz mit d\u00fcnnem Goldstreifen."},"content":{"rendered":"","protected":false},"excerpt":{"rendered":"<p>PRN016 Rohling f\u00fcr Kugelschreiber aus Kunstharz mit d\u00fcnnem Goldstreifen. Size 2x2x13 cm<\/p>\n","protected":false},"featured_media":103591,"comment_status":"closed","ping_status":"closed","template":"","meta":{"_et_pb_use_builder":"","_et_pb_old_content":"","_et_gb_content_width":""},"product_brand":[],"product_cat":[5920],"product_tag":[],"class_list":{"0":"post-103610","1":"product","2":"type-product","3":"status-publish","4":"has-post-thumbnail","6":"product_cat-harz-stiftrohlinge","8":"first","9":"instock","10":"taxable","11":"shipping-taxable","12":"purchasable","13":"product-type-variable"},"_links":{"self":[{"href":"https:\/\/houtdraaiwerken-penkits.nl\/de\/wp-json\/wp\/v2\/product\/103610","targetHints":{"allow":["GET"]}}],"collection":[{"href":"https:\/\/houtdraaiwerken-penkits.nl\/de\/wp-json\/wp\/v2\/product"}],"about":[{"href":"https:\/\/houtdraaiwerken-penkits.nl\/de\/wp-json\/wp\/v2\/types\/product"}],"replies":[{"embeddable":true,"href":"https:\/\/houtdraaiwerken-penkits.nl\/de\/wp-json\/wp\/v2\/comments?post=103610"}],"wp:featuredmedia":[{"embeddable":true,"href":"https:\/\/houtdraaiwerken-penkits.nl\/de\/wp-json\/wp\/v2\/media\/103591"}],"wp:attachment":[{"href":"https:\/\/houtdraaiwerken-penkits.nl\/de\/wp-json\/wp\/v2\/media?parent=103610"}],"wp:term":[{"taxonomy":"product_brand","embeddable":true,"href":"https:\/\/houtdraaiwerken-penkits.nl\/de\/wp-json\/wp\/v2\/product_brand?post=103610"},{"taxonomy":"product_cat","embeddable":true,"href":"https:\/\/houtdraaiwerken-penkits.nl\/de\/wp-json\/wp\/v2\/product_cat?post=103610"},{"taxonomy":"product_tag","embeddable":true,"href":"https:\/\/houtdraaiwerken-penkits.nl\/de\/wp-json\/wp\/v2\/product_tag?post=103610"}],"curies":[{"name":"wp","href":"https:\/\/api.w.org\/{rel}","templated":true}]}}