{"id":104086,"date":"2026-02-10T17:22:35","date_gmt":"2026-02-10T16:22:35","guid":{"rendered":"https:\/\/houtdraaiwerken-penkits.nl\/?post_type=product&#038;p=104086"},"modified":"2026-02-17T15:45:33","modified_gmt":"2026-02-17T14:45:33","slug":"inlay-blanks-pat-2-fur-sierra-schlauchmodell-kopie","status":"publish","type":"product","link":"https:\/\/houtdraaiwerken-penkits.nl\/de\/shop\/inlay-rohlinge\/inlay-blanks-pat-4-fuer-sierra-schlauchmodell\/inlay-blanks-pat-2-fur-sierra-schlauchmodell-kopie\/","title":{"rendered":"Inlay blanks pat 4 f\u00fcr Sierra-tube modell"},"content":{"rendered":"<p>Diese Rohlinge sind f\u00fcr einen Kugelschreiber-Bausatz gedacht, der ein Sierra-Modellrohr verwendet.<\/p>\n<p>Dieser Rohling wird verleimt und mit der richtigen Lochgr\u00f6\u00dfe 27\/64 f\u00fcr das Rohr geliefert. Sie m\u00fcssen also nur noch das Rohr einkleben und den Rohling weiterdrehen. Benutzen Sie keinen Stiftfr\u00e4ser, um das Ende rechtwinklig zu machen, sondern schleifen Sie das Ende rechtwinklig.<\/p>\n<p>Der Stiftsatz und das Rohr f\u00fcr diesen Rohling sind nicht im Preis enthalten.<\/p>\n<p>Wenn Sie diesen Rohling f\u00fcr ein anderes Stiftset haben m\u00f6chten, senden Sie mir bitte eine E-Mail und ich werde sehen, ob ich ihn f\u00fcr Sie anfertigen kann.<\/p>\n","protected":false},"excerpt":{"rendered":"<p>Diese Rohlinge sind f\u00fcr einen Kugelschreiber-Bausatz gedacht, der ein Sierra-Modellrohr verwendet. Dieser Rohling wird verleimt und mit der richtigen Lochgr\u00f6\u00dfe 27\/64 f\u00fcr das Rohr geliefert. Sie m\u00fcssen also nur noch das Rohr einkleben und den Rohling weiterdrehen. Benutzen Sie keinen Stiftfr\u00e4ser, um das Ende rechtwinklig zu machen, sondern schleifen Sie das Ende rechtwinklig. Der Stiftsatz [&hellip;]<\/p>\n","protected":false},"featured_media":104114,"comment_status":"closed","ping_status":"closed","template":"","meta":{"_et_pb_use_builder":"","_et_pb_old_content":"","_et_gb_content_width":""},"product_brand":[],"product_cat":[8614],"product_tag":[],"class_list":{"0":"post-104086","1":"product","2":"type-product","3":"status-publish","4":"has-post-thumbnail","6":"product_cat-inlay-blanks-pat-4-fuer-sierra-schlauchmodell","8":"first","9":"instock","10":"taxable","11":"shipping-taxable","12":"purchasable","13":"product-type-variable"},"_links":{"self":[{"href":"https:\/\/houtdraaiwerken-penkits.nl\/de\/wp-json\/wp\/v2\/product\/104086","targetHints":{"allow":["GET"]}}],"collection":[{"href":"https:\/\/houtdraaiwerken-penkits.nl\/de\/wp-json\/wp\/v2\/product"}],"about":[{"href":"https:\/\/houtdraaiwerken-penkits.nl\/de\/wp-json\/wp\/v2\/types\/product"}],"replies":[{"embeddable":true,"href":"https:\/\/houtdraaiwerken-penkits.nl\/de\/wp-json\/wp\/v2\/comments?post=104086"}],"wp:featuredmedia":[{"embeddable":true,"href":"https:\/\/houtdraaiwerken-penkits.nl\/de\/wp-json\/wp\/v2\/media\/104114"}],"wp:attachment":[{"href":"https:\/\/houtdraaiwerken-penkits.nl\/de\/wp-json\/wp\/v2\/media?parent=104086"}],"wp:term":[{"taxonomy":"product_brand","embeddable":true,"href":"https:\/\/houtdraaiwerken-penkits.nl\/de\/wp-json\/wp\/v2\/product_brand?post=104086"},{"taxonomy":"product_cat","embeddable":true,"href":"https:\/\/houtdraaiwerken-penkits.nl\/de\/wp-json\/wp\/v2\/product_cat?post=104086"},{"taxonomy":"product_tag","embeddable":true,"href":"https:\/\/houtdraaiwerken-penkits.nl\/de\/wp-json\/wp\/v2\/product_tag?post=104086"}],"curies":[{"name":"wp","href":"https:\/\/api.w.org\/{rel}","templated":true}]}}