{"id":75350,"date":"2016-05-18T20:11:51","date_gmt":"2016-05-18T18:11:51","guid":{"rendered":"https:\/\/houtdraaiwerken-penkits.nl\/shop\/unkategorisiert\/druckbleistift-sets-mit-sechseckigem-klick\/"},"modified":"2025-05-07T14:30:20","modified_gmt":"2025-05-07T12:30:20","slug":"druckbleistift-sets-mit-sechseckigem-klick","status":"publish","type":"product","link":"https:\/\/houtdraaiwerken-penkits.nl\/de\/shop\/stift-kits\/bleistift-sets\/druckbleistift-sets-mit-sechseckigem-klick\/druckbleistift-sets-mit-sechseckigem-klick\/","title":{"rendered":"Druckbleistift-Sets mit sechseckigem Klick"},"content":{"rendered":"<p>Erforderliche zus\u00e4tzliche Materialien:<\/p>\n<p><a href=\"https:\/\/houtdraaiwerken-penkits.nl\/shop\/busjes-sets\/bu134\/bu134\/\">BU134<\/a> Transporter<\/p>\n<p><a href=\"https:\/\/houtdraaiwerken-penkits.nl\/shop\/gereedschap-en-boren\/boren\/db38\/db38\/\">DB3\/8<\/a> Bohrer 3\/8&#8243;<\/p>\n<p><a href=\"https:\/\/houtdraaiwerken-penkits.nl\/shop\/gereedschap-en-boren\/gereedschap\/pen-mills\/pm013\/pm013pen-mills-hss-dia-8-64mm-l9-5cm-for-38-pen-tubes\/\">PM013<\/a> Stiftm\u00fchle. Bitte beachten Sie, dass Sie f\u00fcr eine Stiftm\u00fchle auch einen Fr\u00e4ser <a href=\"https:\/\/houtdraaiwerken-penkits.nl\/shop\/gereedschap-en-boren\/gereedschap\/pen-mills\/pm006\/pm006pen-mills-34-cutter-head-with-6-edges\/\">PM006<\/a> oder <a href=\"https:\/\/houtdraaiwerken-penkits.nl\/shop\/gereedschap-en-boren\/gereedschap\/pen-mills\/pm002\/pm002pen-mills-34-cutter-head-with-4-edges\/\">PM002<\/a> ben\u00f6tigen. Der Fr\u00e4ser passt auf jede Stiftm\u00fchle. <\/p>\n","protected":false},"excerpt":{"rendered":"<p>Druckbleistift-Sets mit sechseckigem Klick<\/p>\n","protected":false},"featured_media":41346,"comment_status":"open","ping_status":"closed","template":"","meta":{"_et_pb_use_builder":"on","_et_pb_old_content":"Erforderliche zus\u00e4tzliche Materialien:\n\n<a href=\"https:\/\/houtdraaiwerken-penkits.nl\/shop\/bushings\/bu134\/\">BU134<\/a> Transporter\n\n<a href=\"https:\/\/houtdraaiwerken-penkits.nl\/shop\/tools-drills\/drills\/db38\/\">DB3\/8<\/a> Bohrer 3\/8\"\n\n<a href=\"https:\/\/houtdraaiwerken-penkits.nl\/shop\/gereedschap-en-boren\/gereedschap\/pm013pen-mills-hss-dia-8-64mm-l9-5cm-for-38-pen-tubes\/\">PM013<\/a> Stiftm\u00fchle. Bitte beachten Sie, dass Sie f\u00fcr eine Stiftm\u00fchle auch einen Fr\u00e4ser <a href=\"https:\/\/houtdraaiwerken-penkits.nl\/shop\/gereedschap-en-boren\/gereedschap\/pm006pen-mills-34-cutter-head-with-6-edges\/\">PM006<\/a> oder <a href=\"https:\/\/houtdraaiwerken-penkits.nl\/shop\/gereedschap-en-boren\/gereedschap\/pm002pen-mills-34-cutter-head-with-4-edges\/\">PM002<\/a> ben\u00f6tigen. Der Fr\u00e4ser passt auf jede Stiftm\u00fchle. ","_et_gb_content_width":""},"product_brand":[],"product_cat":[2199],"product_tag":[2202,2203,2201],"class_list":{"0":"post-75350","1":"product","2":"type-product","3":"status-publish","4":"has-post-thumbnail","6":"product_cat-druckbleistift-sets-mit-sechseckigem-klick","7":"product_tag-projekt-kits","8":"product_tag-sechseckige-klick-bleistift-sets","9":"product_tag-stift-kits","11":"first","12":"instock","13":"taxable","14":"shipping-taxable","15":"purchasable","16":"product-type-variable"},"_links":{"self":[{"href":"https:\/\/houtdraaiwerken-penkits.nl\/de\/wp-json\/wp\/v2\/product\/75350","targetHints":{"allow":["GET"]}}],"collection":[{"href":"https:\/\/houtdraaiwerken-penkits.nl\/de\/wp-json\/wp\/v2\/product"}],"about":[{"href":"https:\/\/houtdraaiwerken-penkits.nl\/de\/wp-json\/wp\/v2\/types\/product"}],"replies":[{"embeddable":true,"href":"https:\/\/houtdraaiwerken-penkits.nl\/de\/wp-json\/wp\/v2\/comments?post=75350"}],"wp:featuredmedia":[{"embeddable":true,"href":"https:\/\/houtdraaiwerken-penkits.nl\/de\/wp-json\/wp\/v2\/media\/41346"}],"wp:attachment":[{"href":"https:\/\/houtdraaiwerken-penkits.nl\/de\/wp-json\/wp\/v2\/media?parent=75350"}],"wp:term":[{"taxonomy":"product_brand","embeddable":true,"href":"https:\/\/houtdraaiwerken-penkits.nl\/de\/wp-json\/wp\/v2\/product_brand?post=75350"},{"taxonomy":"product_cat","embeddable":true,"href":"https:\/\/houtdraaiwerken-penkits.nl\/de\/wp-json\/wp\/v2\/product_cat?post=75350"},{"taxonomy":"product_tag","embeddable":true,"href":"https:\/\/houtdraaiwerken-penkits.nl\/de\/wp-json\/wp\/v2\/product_tag?post=75350"}],"curies":[{"name":"wp","href":"https:\/\/api.w.org\/{rel}","templated":true}]}}