{"id":75561,"date":"2016-05-16T21:59:49","date_gmt":"2016-05-16T19:59:49","guid":{"rendered":"https:\/\/houtdraaiwerken-penkits.nl\/shop\/unkategorisiert\/f3-nachfuellmine-fuer-slimline-comfort-euro-pen-1-stueck\/"},"modified":"2025-12-01T09:16:25","modified_gmt":"2025-12-01T08:16:25","slug":"f3-nachfuellmine-fuer-slimline-comfort-euro-pen-1-stueck","status":"publish","type":"product","link":"https:\/\/houtdraaiwerken-penkits.nl\/de\/shop\/stiftteile\/nachfullpackung-fur-slimline-komfort-euro-kugelschreiber\/f3-nachfuellmine-fuer-slimline-comfort-euro-pen-1-stueck\/","title":{"rendered":"F3 Nachf\u00fcllmine f\u00fcr Slimline\/Comfort\/Euro Pen. 1 St\u00fcck"},"content":{"rendered":"","protected":false},"excerpt":{"rendered":"<p>Nachf\u00fcllpackung f\u00fcr Slimline\/Comfort\/Euro-Kugelschreiber<\/p>\n","protected":false},"featured_media":41226,"comment_status":"open","ping_status":"closed","template":"","meta":{"_et_pb_use_builder":"","_et_pb_old_content":"","_et_gb_content_width":""},"product_brand":[],"product_cat":[2386,2116],"product_tag":[2388],"class_list":{"0":"post-75561","1":"product","2":"type-product","3":"status-publish","4":"has-post-thumbnail","6":"product_cat-nachfullpackung-fur-slimline-komfort-euro-kugelschreiber","7":"product_cat-nachfullungen-tinte-federn","8":"product_tag-nachfullpackung-fur-slimline-comfort-euro-kugelschreiber","10":"first","11":"instock","12":"taxable","13":"shipping-taxable","14":"purchasable","15":"product-type-variable"},"_links":{"self":[{"href":"https:\/\/houtdraaiwerken-penkits.nl\/de\/wp-json\/wp\/v2\/product\/75561","targetHints":{"allow":["GET"]}}],"collection":[{"href":"https:\/\/houtdraaiwerken-penkits.nl\/de\/wp-json\/wp\/v2\/product"}],"about":[{"href":"https:\/\/houtdraaiwerken-penkits.nl\/de\/wp-json\/wp\/v2\/types\/product"}],"replies":[{"embeddable":true,"href":"https:\/\/houtdraaiwerken-penkits.nl\/de\/wp-json\/wp\/v2\/comments?post=75561"}],"wp:featuredmedia":[{"embeddable":true,"href":"https:\/\/houtdraaiwerken-penkits.nl\/de\/wp-json\/wp\/v2\/media\/41226"}],"wp:attachment":[{"href":"https:\/\/houtdraaiwerken-penkits.nl\/de\/wp-json\/wp\/v2\/media?parent=75561"}],"wp:term":[{"taxonomy":"product_brand","embeddable":true,"href":"https:\/\/houtdraaiwerken-penkits.nl\/de\/wp-json\/wp\/v2\/product_brand?post=75561"},{"taxonomy":"product_cat","embeddable":true,"href":"https:\/\/houtdraaiwerken-penkits.nl\/de\/wp-json\/wp\/v2\/product_cat?post=75561"},{"taxonomy":"product_tag","embeddable":true,"href":"https:\/\/houtdraaiwerken-penkits.nl\/de\/wp-json\/wp\/v2\/product_tag?post=75561"}],"curies":[{"name":"wp","href":"https:\/\/api.w.org\/{rel}","templated":true}]}}