{"id":75620,"date":"2016-05-11T22:34:49","date_gmt":"2016-05-11T20:34:49","guid":{"rendered":"https:\/\/houtdraaiwerken-penkits.nl\/shop\/unkategorisiert\/pm137-stiftmuehlen-hss-o13-7mm-l9-5cm-fuer-14-5mm-stiftrohre\/"},"modified":"2025-05-11T15:38:57","modified_gmt":"2025-05-11T13:38:57","slug":"pm137-stiftmuehlen-hss-o13-7mm-l9-5cm-fuer-14-5mm-stiftrohre","status":"publish","type":"product","link":"https:\/\/houtdraaiwerken-penkits.nl\/de\/shop\/werkzeuge\/stiftmuehlen-fraeser\/pm137-stiftmuehlen-hss-o13-7mm-l9-5cm-fuer-14-5mm-stiftrohre\/","title":{"rendered":"PM137 Stiftm\u00fchlen HSS, \u00d8:13.7mm, L:9.5cm, f\u00fcr 14.5mm Stiftrohre"},"content":{"rendered":"","protected":false},"excerpt":{"rendered":"<p>Stiftfr\u00e4ser HSS, Dia.:13.7mm, L:9.5cm, f\u00fcr 14.5mm Stifth\u00fclsen.<\/p>\n<p>Um das Ende des Holzes im Verh\u00e4ltnis zur H\u00fclse gerade zu machen.<\/p>\n","protected":false},"featured_media":41166,"comment_status":"open","ping_status":"closed","template":"","meta":{"_et_pb_use_builder":"","_et_pb_old_content":"","_et_gb_content_width":""},"product_brand":[],"product_cat":[2524,8429,2290],"product_tag":[2529,2530,2527,2525],"class_list":{"0":"post-75620","1":"product","2":"type-product","3":"status-publish","4":"has-post-thumbnail","6":"product_cat-pm137-de","7":"product_cat-stiftmuehlen-fraeser","8":"product_cat-werkzeuge","9":"product_tag-durchmesser13-7mm","10":"product_tag-fur-145-mm-stiftrohrchen","11":"product_tag-l95cm-de","12":"product_tag-stiftfraser-hss","14":"first","15":"instock","16":"taxable","17":"shipping-taxable","18":"purchasable","19":"product-type-simple"},"_links":{"self":[{"href":"https:\/\/houtdraaiwerken-penkits.nl\/de\/wp-json\/wp\/v2\/product\/75620","targetHints":{"allow":["GET"]}}],"collection":[{"href":"https:\/\/houtdraaiwerken-penkits.nl\/de\/wp-json\/wp\/v2\/product"}],"about":[{"href":"https:\/\/houtdraaiwerken-penkits.nl\/de\/wp-json\/wp\/v2\/types\/product"}],"replies":[{"embeddable":true,"href":"https:\/\/houtdraaiwerken-penkits.nl\/de\/wp-json\/wp\/v2\/comments?post=75620"}],"wp:featuredmedia":[{"embeddable":true,"href":"https:\/\/houtdraaiwerken-penkits.nl\/de\/wp-json\/wp\/v2\/media\/41166"}],"wp:attachment":[{"href":"https:\/\/houtdraaiwerken-penkits.nl\/de\/wp-json\/wp\/v2\/media?parent=75620"}],"wp:term":[{"taxonomy":"product_brand","embeddable":true,"href":"https:\/\/houtdraaiwerken-penkits.nl\/de\/wp-json\/wp\/v2\/product_brand?post=75620"},{"taxonomy":"product_cat","embeddable":true,"href":"https:\/\/houtdraaiwerken-penkits.nl\/de\/wp-json\/wp\/v2\/product_cat?post=75620"},{"taxonomy":"product_tag","embeddable":true,"href":"https:\/\/houtdraaiwerken-penkits.nl\/de\/wp-json\/wp\/v2\/product_tag?post=75620"}],"curies":[{"name":"wp","href":"https:\/\/api.w.org\/{rel}","templated":true}]}}