{"id":75651,"date":"2016-05-11T22:28:57","date_gmt":"2016-05-11T20:28:57","guid":{"rendered":"https:\/\/houtdraaiwerken-penkits.nl\/shop\/unkategorisiert\/pm116-stiftmuehlen-hss-o11-63mm-l9-5cm-fuer-12-35mm-stiftrohre\/"},"modified":"2026-04-03T07:32:08","modified_gmt":"2026-04-03T05:32:08","slug":"pm116-stiftmuehlen-hss-o11-63mm-l9-5cm-fuer-12-35mm-stiftrohre","status":"publish","type":"product","link":"https:\/\/houtdraaiwerken-penkits.nl\/de\/shop\/werkzeuge\/stiftmuehlen-fraeser\/pm116-stiftmuehlen-hss-o11-63mm-l9-5cm-fuer-12-35mm-stiftrohre\/","title":{"rendered":"PM116 Stiftm\u00fchlen HSS, \u00d8:11.63mm, L:9.5cm, f\u00fcr 12.35mm Stiftrohre"},"content":{"rendered":"","protected":false},"excerpt":{"rendered":"<p>Stiftfr\u00e4ser HSS, Dia.:11.63mm, L:9.5cm, f\u00fcr 12.35mm Stiftrohre.<\/p>\n<p>Um das Ende des Holzes im Verh\u00e4ltnis zum Rohr gerade zu machen.<\/p>\n","protected":false},"featured_media":41142,"comment_status":"open","ping_status":"closed","template":"","meta":{"_et_pb_use_builder":"","_et_pb_old_content":"","_et_gb_content_width":""},"product_brand":[],"product_cat":[2620,8429,2290],"product_tag":[2621,2624,2527,2525],"class_list":{"0":"post-75651","1":"product","2":"type-product","3":"status-publish","4":"has-post-thumbnail","6":"product_cat-pm116-de","7":"product_cat-stiftmuehlen-fraeser","8":"product_cat-werkzeuge","9":"product_tag-durchmesser11-63mm","10":"product_tag-fur-1235mm-stiftrohrchen","11":"product_tag-l95cm-de","12":"product_tag-stiftfraser-hss","14":"first","15":"instock","16":"taxable","17":"shipping-taxable","18":"purchasable","19":"product-type-simple"},"_links":{"self":[{"href":"https:\/\/houtdraaiwerken-penkits.nl\/de\/wp-json\/wp\/v2\/product\/75651","targetHints":{"allow":["GET"]}}],"collection":[{"href":"https:\/\/houtdraaiwerken-penkits.nl\/de\/wp-json\/wp\/v2\/product"}],"about":[{"href":"https:\/\/houtdraaiwerken-penkits.nl\/de\/wp-json\/wp\/v2\/types\/product"}],"replies":[{"embeddable":true,"href":"https:\/\/houtdraaiwerken-penkits.nl\/de\/wp-json\/wp\/v2\/comments?post=75651"}],"wp:featuredmedia":[{"embeddable":true,"href":"https:\/\/houtdraaiwerken-penkits.nl\/de\/wp-json\/wp\/v2\/media\/41142"}],"wp:attachment":[{"href":"https:\/\/houtdraaiwerken-penkits.nl\/de\/wp-json\/wp\/v2\/media?parent=75651"}],"wp:term":[{"taxonomy":"product_brand","embeddable":true,"href":"https:\/\/houtdraaiwerken-penkits.nl\/de\/wp-json\/wp\/v2\/product_brand?post=75651"},{"taxonomy":"product_cat","embeddable":true,"href":"https:\/\/houtdraaiwerken-penkits.nl\/de\/wp-json\/wp\/v2\/product_cat?post=75651"},{"taxonomy":"product_tag","embeddable":true,"href":"https:\/\/houtdraaiwerken-penkits.nl\/de\/wp-json\/wp\/v2\/product_tag?post=75651"}],"curies":[{"name":"wp","href":"https:\/\/api.w.org\/{rel}","templated":true}]}}