{"id":75663,"date":"2016-05-11T22:27:16","date_gmt":"2016-05-11T20:27:16","guid":{"rendered":"https:\/\/houtdraaiwerken-penkits.nl\/shop\/unkategorisiert\/pm015-stiftfraeser-hss-durchmesser9-9mm-laenge9-5cm-fuer-1045mm-stiftrohre\/"},"modified":"2026-01-09T23:20:45","modified_gmt":"2026-01-09T22:20:45","slug":"pm015-stiftfraeser-hss-durchmesser9-9mm-laenge9-5cm-fuer-1045mm-stiftrohre","status":"publish","type":"product","link":"https:\/\/houtdraaiwerken-penkits.nl\/de\/shop\/werkzeuge\/stiftmuehlen-fraeser\/pm015-stiftfraeser-hss-durchmesser9-9mm-laenge9-5cm-fuer-1045mm-stiftrohre\/","title":{"rendered":"PM015 Stiftfr\u00e4ser HSS, Durchmesser:9.9mm, L\u00e4nge:9.5cm. F\u00fcr 10,45mm Stiftrohre"},"content":{"rendered":"","protected":false},"excerpt":{"rendered":"<p>Stiftfr\u00e4ser HSS, Durchm.:9,9mm, L:9,5cm. F\u00fcr Kugelschreiberrohre mit einem Durchmesser von 10,45 mm.<\/p>\n<p>Um das Ende des Holzes im Verh\u00e4ltnis zum Rohr gerade zu machen.<\/p>\n","protected":false},"featured_media":41118,"comment_status":"open","ping_status":"closed","template":"","meta":{"_et_pb_use_builder":"","_et_pb_old_content":"","_et_gb_content_width":""},"product_brand":[],"product_cat":[2657,8429,2290],"product_tag":[2658,2659,2525],"class_list":{"0":"post-75663","1":"product","2":"type-product","3":"status-publish","4":"has-post-thumbnail","6":"product_cat-pm015-de","7":"product_cat-stiftmuehlen-fraeser","8":"product_cat-werkzeuge","9":"product_tag-durchmesser9-9mm","10":"product_tag-l95cm-fur-1045mm-stifthulsen","11":"product_tag-stiftfraser-hss","13":"first","14":"instock","15":"taxable","16":"shipping-taxable","17":"purchasable","18":"product-type-simple"},"_links":{"self":[{"href":"https:\/\/houtdraaiwerken-penkits.nl\/de\/wp-json\/wp\/v2\/product\/75663","targetHints":{"allow":["GET"]}}],"collection":[{"href":"https:\/\/houtdraaiwerken-penkits.nl\/de\/wp-json\/wp\/v2\/product"}],"about":[{"href":"https:\/\/houtdraaiwerken-penkits.nl\/de\/wp-json\/wp\/v2\/types\/product"}],"replies":[{"embeddable":true,"href":"https:\/\/houtdraaiwerken-penkits.nl\/de\/wp-json\/wp\/v2\/comments?post=75663"}],"wp:featuredmedia":[{"embeddable":true,"href":"https:\/\/houtdraaiwerken-penkits.nl\/de\/wp-json\/wp\/v2\/media\/41118"}],"wp:attachment":[{"href":"https:\/\/houtdraaiwerken-penkits.nl\/de\/wp-json\/wp\/v2\/media?parent=75663"}],"wp:term":[{"taxonomy":"product_brand","embeddable":true,"href":"https:\/\/houtdraaiwerken-penkits.nl\/de\/wp-json\/wp\/v2\/product_brand?post=75663"},{"taxonomy":"product_cat","embeddable":true,"href":"https:\/\/houtdraaiwerken-penkits.nl\/de\/wp-json\/wp\/v2\/product_cat?post=75663"},{"taxonomy":"product_tag","embeddable":true,"href":"https:\/\/houtdraaiwerken-penkits.nl\/de\/wp-json\/wp\/v2\/product_tag?post=75663"}],"curies":[{"name":"wp","href":"https:\/\/api.w.org\/{rel}","templated":true}]}}