{"id":75674,"date":"2016-05-11T22:21:58","date_gmt":"2016-05-11T20:21:58","guid":{"rendered":"https:\/\/houtdraaiwerken-penkits.nl\/shop\/unkategorisiert\/pm107-stiftfraeser-hss-durchmesser10-7mm-laenge9-5cm-fuer-115-mm-stifthuelsen\/"},"modified":"2025-05-30T16:02:46","modified_gmt":"2025-05-30T14:02:46","slug":"pm107-stiftfraeser-hss-durchmesser10-7mm-laenge9-5cm-fuer-115-mm-stifthuelsen","status":"publish","type":"product","link":"https:\/\/houtdraaiwerken-penkits.nl\/de\/shop\/werkzeuge\/stiftmuehlen-fraeser\/pm107-stiftfraeser-hss-durchmesser10-7mm-laenge9-5cm-fuer-115-mm-stifthuelsen\/","title":{"rendered":"PM107 R\u00e4umerschafts HSS, Durchmesser:10.7mm, L\u00e4nge:9.5cm. F\u00fcr 11,5-mm-h\u00fclsen"},"content":{"rendered":"","protected":false},"excerpt":{"rendered":"<p>R\u00e4umerschafts HSS, Durchm.:10,7mm, L:9,5cm. F\u00fcr 11,5-mm-Stifth\u00fclsen. Um das Ende des Holzes im Verh\u00e4ltnis zur H\u00fclse gerade zu machen.<\/p>\n","protected":false},"featured_media":41130,"comment_status":"open","ping_status":"closed","template":"","meta":{"_et_pb_use_builder":"","_et_pb_old_content":"","_et_gb_content_width":""},"product_brand":[],"product_cat":[2693,8429,2290],"product_tag":[2695,2697,2525],"class_list":{"0":"post-75674","1":"product","2":"type-product","3":"status-publish","4":"has-post-thumbnail","6":"product_cat-pm107-de","7":"product_cat-stiftmuehlen-fraeser","8":"product_cat-werkzeuge","9":"product_tag-durchmesser10-7mm","10":"product_tag-l95cm-fur-115-mm-stiftrohrchen","11":"product_tag-stiftfraser-hss","13":"first","14":"instock","15":"taxable","16":"shipping-taxable","17":"purchasable","18":"product-type-simple"},"_links":{"self":[{"href":"https:\/\/houtdraaiwerken-penkits.nl\/de\/wp-json\/wp\/v2\/product\/75674","targetHints":{"allow":["GET"]}}],"collection":[{"href":"https:\/\/houtdraaiwerken-penkits.nl\/de\/wp-json\/wp\/v2\/product"}],"about":[{"href":"https:\/\/houtdraaiwerken-penkits.nl\/de\/wp-json\/wp\/v2\/types\/product"}],"replies":[{"embeddable":true,"href":"https:\/\/houtdraaiwerken-penkits.nl\/de\/wp-json\/wp\/v2\/comments?post=75674"}],"wp:featuredmedia":[{"embeddable":true,"href":"https:\/\/houtdraaiwerken-penkits.nl\/de\/wp-json\/wp\/v2\/media\/41130"}],"wp:attachment":[{"href":"https:\/\/houtdraaiwerken-penkits.nl\/de\/wp-json\/wp\/v2\/media?parent=75674"}],"wp:term":[{"taxonomy":"product_brand","embeddable":true,"href":"https:\/\/houtdraaiwerken-penkits.nl\/de\/wp-json\/wp\/v2\/product_brand?post=75674"},{"taxonomy":"product_cat","embeddable":true,"href":"https:\/\/houtdraaiwerken-penkits.nl\/de\/wp-json\/wp\/v2\/product_cat?post=75674"},{"taxonomy":"product_tag","embeddable":true,"href":"https:\/\/houtdraaiwerken-penkits.nl\/de\/wp-json\/wp\/v2\/product_tag?post=75674"}],"curies":[{"name":"wp","href":"https:\/\/api.w.org\/{rel}","templated":true}]}}