{"id":75687,"date":"2016-05-11T22:19:45","date_gmt":"2016-05-11T20:19:45","guid":{"rendered":"https:\/\/houtdraaiwerken-penkits.nl\/shop\/unkategorisiert\/pm013-stiftfraeser-hss-o8-64mm-l9-5cm-fuer-3-8-stiftrohre\/"},"modified":"2025-10-01T09:23:41","modified_gmt":"2025-10-01T07:23:41","slug":"pm013-stiftfraeser-hss-o8-64mm-l9-5cm-fuer-3-8-stiftrohre","status":"publish","type":"product","link":"https:\/\/houtdraaiwerken-penkits.nl\/de\/shop\/werkzeuge\/stiftmuehlen-fraeser\/pm013-stiftfraeser-hss-o8-64mm-l9-5cm-fuer-3-8-stiftrohre\/","title":{"rendered":"PM013 R\u00e4umerschafts HSS, \u00d8:8.64mm, L:9.5cm, f\u00fcr 3\/8&#8243; F\u00fcller"},"content":{"rendered":"","protected":false},"excerpt":{"rendered":"<p>R\u00e4umerschafts HSS, Dia.:8.64mm, L:9.5cm, f\u00fcr 3\/8&#8243; Stifth\u00fclsen. Um das Ende des Holzes im Verh\u00e4ltnis zur H\u00fclse gerade zu machen.<\/p>\n","protected":false},"featured_media":41106,"comment_status":"open","ping_status":"closed","template":"","meta":{"_et_pb_use_builder":"","_et_pb_old_content":"","_et_gb_content_width":""},"product_brand":[],"product_cat":[2729,8429,2290],"product_tag":[2731,2733,2527,2525],"class_list":{"0":"post-75687","1":"product","2":"type-product","3":"status-publish","4":"has-post-thumbnail","6":"product_cat-pm013-de","7":"product_cat-stiftmuehlen-fraeser","8":"product_cat-werkzeuge","9":"product_tag-durchmesser8-64mm","10":"product_tag-fur-3-8-stiftrohre","11":"product_tag-l95cm-de","12":"product_tag-stiftfraser-hss","14":"first","15":"instock","16":"taxable","17":"shipping-taxable","18":"purchasable","19":"product-type-simple"},"_links":{"self":[{"href":"https:\/\/houtdraaiwerken-penkits.nl\/de\/wp-json\/wp\/v2\/product\/75687","targetHints":{"allow":["GET"]}}],"collection":[{"href":"https:\/\/houtdraaiwerken-penkits.nl\/de\/wp-json\/wp\/v2\/product"}],"about":[{"href":"https:\/\/houtdraaiwerken-penkits.nl\/de\/wp-json\/wp\/v2\/types\/product"}],"replies":[{"embeddable":true,"href":"https:\/\/houtdraaiwerken-penkits.nl\/de\/wp-json\/wp\/v2\/comments?post=75687"}],"wp:featuredmedia":[{"embeddable":true,"href":"https:\/\/houtdraaiwerken-penkits.nl\/de\/wp-json\/wp\/v2\/media\/41106"}],"wp:attachment":[{"href":"https:\/\/houtdraaiwerken-penkits.nl\/de\/wp-json\/wp\/v2\/media?parent=75687"}],"wp:term":[{"taxonomy":"product_brand","embeddable":true,"href":"https:\/\/houtdraaiwerken-penkits.nl\/de\/wp-json\/wp\/v2\/product_brand?post=75687"},{"taxonomy":"product_cat","embeddable":true,"href":"https:\/\/houtdraaiwerken-penkits.nl\/de\/wp-json\/wp\/v2\/product_cat?post=75687"},{"taxonomy":"product_tag","embeddable":true,"href":"https:\/\/houtdraaiwerken-penkits.nl\/de\/wp-json\/wp\/v2\/product_tag?post=75687"}],"curies":[{"name":"wp","href":"https:\/\/api.w.org\/{rel}","templated":true}]}}