{"id":76227,"date":"2016-07-11T18:13:07","date_gmt":"2016-07-11T16:13:07","guid":{"rendered":"https:\/\/houtdraaiwerken-penkits.nl\/shop\/unkategorisiert\/serra-touch-twist-stift-sets\/"},"modified":"2025-05-07T15:14:50","modified_gmt":"2025-05-07T13:14:50","slug":"serra-touch-twist-stift-sets","status":"publish","type":"product","link":"https:\/\/houtdraaiwerken-penkits.nl\/de\/shop\/stift-kits\/touch-stylus-stift-sets\/sierra-touch-stylus-stift-sets\/serra-touch-twist-stift-sets\/","title":{"rendered":"Serra touch Twist Stift-Sets"},"content":{"rendered":"<p>Erforderliche zus\u00e4tzliche Materialien:<\/p>\n<p><a href=\"https:\/\/houtdraaiwerken-penkits.nl\/shop\/busjes-sets\/bu40\/bu40\/\">BU40<\/a> Buchse<\/p>\n<p><a href=\"https:\/\/www.houtdraaiwerken-penkits.nl\/shop\/gereedschap-en-boren\/boren\/rsdb27-64-boor\/rsdb27-64-boor\/\">RSDB27\/64<\/a> Bohrer<\/p>\n<p><a href=\"https:\/\/houtdraaiwerken-penkits.nl\/de\/?post_type=product&#038;p=75663\">PM015<\/a> Stiftm\u00fchle. Bitte beachten Sie, dass Sie f\u00fcr eine Stiftm\u00fchle auch einen Fr\u00e4ser <a href=\"https:\/\/houtdraaiwerken-penkits.nl\/shop\/gereedschap-en-boren\/gereedschap\/pen-mills\/pm006\/pm006pen-mills-34-cutter-head-with-6-edges\/\">PM006<\/a> oder <a href=\"https:\/\/houtdraaiwerken-penkits.nl\/shop\/gereedschap-en-boren\/gereedschap\/pen-mills\/pm002\/pm002pen-mills-34-cutter-head-with-4-edges\/\">PM002<\/a> ben\u00f6tigen. Der Fr\u00e4ser passt in jede Stiftm\u00fchle. <\/p>\n","protected":false},"excerpt":{"rendered":"<p>Serra touch Twist Stift-Sets<\/p>\n","protected":false},"featured_media":43110,"comment_status":"open","ping_status":"closed","template":"","meta":{"_et_pb_use_builder":"","_et_pb_old_content":"","_et_gb_content_width":""},"product_brand":[],"product_cat":[3306],"product_tag":[3309,3310,2201,2962],"class_list":{"0":"post-76227","1":"product","2":"type-product","3":"status-publish","4":"has-post-thumbnail","6":"product_cat-sierra-touch-stylus-stift-sets","7":"product_tag-sierra-stift-kits","8":"product_tag-sierra-touch-stylus-stift-sets","9":"product_tag-stift-kits","10":"product_tag-stift-kits-de","12":"first","13":"instock","14":"taxable","15":"shipping-taxable","16":"purchasable","17":"product-type-variable"},"_links":{"self":[{"href":"https:\/\/houtdraaiwerken-penkits.nl\/de\/wp-json\/wp\/v2\/product\/76227","targetHints":{"allow":["GET"]}}],"collection":[{"href":"https:\/\/houtdraaiwerken-penkits.nl\/de\/wp-json\/wp\/v2\/product"}],"about":[{"href":"https:\/\/houtdraaiwerken-penkits.nl\/de\/wp-json\/wp\/v2\/types\/product"}],"replies":[{"embeddable":true,"href":"https:\/\/houtdraaiwerken-penkits.nl\/de\/wp-json\/wp\/v2\/comments?post=76227"}],"wp:featuredmedia":[{"embeddable":true,"href":"https:\/\/houtdraaiwerken-penkits.nl\/de\/wp-json\/wp\/v2\/media\/43110"}],"wp:attachment":[{"href":"https:\/\/houtdraaiwerken-penkits.nl\/de\/wp-json\/wp\/v2\/media?parent=76227"}],"wp:term":[{"taxonomy":"product_brand","embeddable":true,"href":"https:\/\/houtdraaiwerken-penkits.nl\/de\/wp-json\/wp\/v2\/product_brand?post=76227"},{"taxonomy":"product_cat","embeddable":true,"href":"https:\/\/houtdraaiwerken-penkits.nl\/de\/wp-json\/wp\/v2\/product_cat?post=76227"},{"taxonomy":"product_tag","embeddable":true,"href":"https:\/\/houtdraaiwerken-penkits.nl\/de\/wp-json\/wp\/v2\/product_tag?post=76227"}],"curies":[{"name":"wp","href":"https:\/\/api.w.org\/{rel}","templated":true}]}}