{"id":76672,"date":"2016-09-28T17:11:55","date_gmt":"2016-09-28T15:11:55","guid":{"rendered":"https:\/\/houtdraaiwerken-penkits.nl\/shop\/unkategorisiert\/spads10-schleifpapierblaetter\/"},"modified":"2026-03-17T10:39:09","modified_gmt":"2026-03-17T09:39:09","slug":"spads10-schleifpapierblaetter","status":"publish","type":"product","link":"https:\/\/houtdraaiwerken-penkits.nl\/de\/shop\/werkzeuge\/spads10-schleifblatter\/spads10-schleifpapierblaetter\/","title":{"rendered":"SPADS10 Schleifpapierbl\u00e4tter"},"content":{"rendered":"","protected":false},"excerpt":{"rendered":"<p>Schleifpapierbl\u00e4tter. k\u00f6nnen auch nass verwendet werden <\/p>\n<p>Der Preis basiert auf einer Packung mit 10 verschiedenen Korngr\u00f6\u00dfen<\/p>\n<p>#180, #240, #320, #400, #600, #800, #1000, #1200, #1500, #2000<\/p>\n<p>Gr\u00f6\u00dfe eines Blattes: 230*280mm<\/p>\n","protected":false},"featured_media":43892,"comment_status":"open","ping_status":"closed","template":"","meta":{"_et_pb_use_builder":"","_et_pb_old_content":"","_et_gb_content_width":""},"product_brand":[],"product_cat":[3723,3722],"product_tag":[3724],"class_list":{"0":"post-76672","1":"product","2":"type-product","3":"status-publish","4":"has-post-thumbnail","6":"product_cat-schleifpapier-leim-und-finishing","7":"product_cat-spads10-schleifblatter","8":"product_tag-mikrofaser-schleifpads","10":"first","11":"instock","12":"taxable","13":"shipping-taxable","14":"purchasable","15":"product-type-simple"},"_links":{"self":[{"href":"https:\/\/houtdraaiwerken-penkits.nl\/de\/wp-json\/wp\/v2\/product\/76672","targetHints":{"allow":["GET"]}}],"collection":[{"href":"https:\/\/houtdraaiwerken-penkits.nl\/de\/wp-json\/wp\/v2\/product"}],"about":[{"href":"https:\/\/houtdraaiwerken-penkits.nl\/de\/wp-json\/wp\/v2\/types\/product"}],"replies":[{"embeddable":true,"href":"https:\/\/houtdraaiwerken-penkits.nl\/de\/wp-json\/wp\/v2\/comments?post=76672"}],"wp:featuredmedia":[{"embeddable":true,"href":"https:\/\/houtdraaiwerken-penkits.nl\/de\/wp-json\/wp\/v2\/media\/43892"}],"wp:attachment":[{"href":"https:\/\/houtdraaiwerken-penkits.nl\/de\/wp-json\/wp\/v2\/media?parent=76672"}],"wp:term":[{"taxonomy":"product_brand","embeddable":true,"href":"https:\/\/houtdraaiwerken-penkits.nl\/de\/wp-json\/wp\/v2\/product_brand?post=76672"},{"taxonomy":"product_cat","embeddable":true,"href":"https:\/\/houtdraaiwerken-penkits.nl\/de\/wp-json\/wp\/v2\/product_cat?post=76672"},{"taxonomy":"product_tag","embeddable":true,"href":"https:\/\/houtdraaiwerken-penkits.nl\/de\/wp-json\/wp\/v2\/product_tag?post=76672"}],"curies":[{"name":"wp","href":"https:\/\/api.w.org\/{rel}","templated":true}]}}