{"id":76852,"date":"2016-09-22T18:08:35","date_gmt":"2016-09-22T16:08:35","guid":{"rendered":"https:\/\/houtdraaiwerken-penkits.nl\/shop\/unkategorisiert\/rasierklingengriff-sets-fuer-gillette-fusion-klingen\/"},"modified":"2026-03-03T17:23:08","modified_gmt":"2026-03-03T16:23:08","slug":"rasierklingengriff-sets-fuer-gillette-fusion-klingen","status":"publish","type":"product","link":"https:\/\/houtdraaiwerken-penkits.nl\/de\/shop\/andere-bausatze\/parfum-und-rasiersets\/rasierklingengriff-sets-fuer-gillette-fusion-klingen\/","title":{"rendered":"Rasierklingengriff-Sets f\u00fcr Gillette Fusion Klingen"},"content":{"rendered":"<p>Zus\u00e4tzlich ben\u00f6tigte Materialien:<\/p>\n<p><a href=\"https:\/\/houtdraaiwerken-penkits.nl\/de\/shop\/distanzringsatz\/bu93-de\/bu93\/\">BU93<\/a>\u00a0Buchsen<\/p>\n<p><a href=\"https:\/\/houtdraaiwerken-penkits.nl\/de\/shop\/bohrer\/db007-de\/db007-bohrer-7-mm\/\">DB007<\/a>\u00a0Bohrer 7mm<\/p>\n<p><a href=\"https:\/\/www.houtdraaiwerken-penkits.nl\/shop\/gereedschap-en-boren\/gereedschap\/pen-mills\/pm011\/pm011pen-mills-hss-dia-6-18mm-l9-5cm-for-7mm-pen-tube\/\">PM011<\/a>\u00a0Stiftfr\u00e4se<\/p>\n","protected":false},"excerpt":{"rendered":"<p>Rasierklingengriff-Sets f\u00fcr Gillet Fusion-Klingen<\/p>\n","protected":false},"featured_media":43724,"comment_status":"open","ping_status":"closed","template":"","meta":{"_et_pb_use_builder":"off","_et_pb_old_content":"Erforderliches Zusatzmaterial:\r\n\r\n<span style=\"line-height: 1.5\"><a href=\"https:\/\/houtdraaiwerken-penkits.nl\/shop\/busjes-sets\/bu93\/\">BU93<\/a> Buchsen <\/span>\r\n\r\n<span style=\"line-height: 1.5\"><a href=\"https:\/\/houtdraaiwerken-penkits.nl\/shop\/tools-drills\/drills\/db007\/\">DB007<\/a> Bohrer 7mm <\/span>\r\n\r\n<a href=\"https:\/\/www.houtdraaiwerken-penkits.nl\/shop\/gereedschap-en-boren\/gereedschap\/pen-mills\/pm011\/pm011pen-mills-hss-dia-6-18mm-l9-5cm-for-7mm-pen-tube\/\">PM011<\/a> Stiftfr\u00e4se","_et_gb_content_width":""},"product_brand":[],"product_cat":[2937,3863],"product_tag":[2202,3257,2201],"class_list":{"0":"post-76852","1":"product","2":"type-product","3":"status-publish","4":"has-post-thumbnail","6":"product_cat-parfum-und-rasiersets","7":"product_cat-rasierklingengriff-set-chrom-fur-gillet-fusion-klingen","8":"product_tag-projekt-kits","9":"product_tag-rasierklingen-sets","10":"product_tag-stift-kits","12":"first","13":"instock","14":"taxable","15":"shipping-taxable","16":"purchasable","17":"product-type-variable"},"_links":{"self":[{"href":"https:\/\/houtdraaiwerken-penkits.nl\/de\/wp-json\/wp\/v2\/product\/76852","targetHints":{"allow":["GET"]}}],"collection":[{"href":"https:\/\/houtdraaiwerken-penkits.nl\/de\/wp-json\/wp\/v2\/product"}],"about":[{"href":"https:\/\/houtdraaiwerken-penkits.nl\/de\/wp-json\/wp\/v2\/types\/product"}],"replies":[{"embeddable":true,"href":"https:\/\/houtdraaiwerken-penkits.nl\/de\/wp-json\/wp\/v2\/comments?post=76852"}],"wp:featuredmedia":[{"embeddable":true,"href":"https:\/\/houtdraaiwerken-penkits.nl\/de\/wp-json\/wp\/v2\/media\/43724"}],"wp:attachment":[{"href":"https:\/\/houtdraaiwerken-penkits.nl\/de\/wp-json\/wp\/v2\/media?parent=76852"}],"wp:term":[{"taxonomy":"product_brand","embeddable":true,"href":"https:\/\/houtdraaiwerken-penkits.nl\/de\/wp-json\/wp\/v2\/product_brand?post=76852"},{"taxonomy":"product_cat","embeddable":true,"href":"https:\/\/houtdraaiwerken-penkits.nl\/de\/wp-json\/wp\/v2\/product_cat?post=76852"},{"taxonomy":"product_tag","embeddable":true,"href":"https:\/\/houtdraaiwerken-penkits.nl\/de\/wp-json\/wp\/v2\/product_tag?post=76852"}],"curies":[{"name":"wp","href":"https:\/\/api.w.org\/{rel}","templated":true}]}}