{"id":76998,"date":"2016-07-24T16:35:01","date_gmt":"2016-07-24T14:35:01","guid":{"rendered":"https:\/\/houtdraaiwerken-penkits.nl\/shop\/unkategorisiert\/bt76-stiftroehrchen-fuer-artisan-klickerstift\/"},"modified":"2025-05-07T16:18:04","modified_gmt":"2025-05-07T14:18:04","slug":"bt76-stiftroehrchen-fuer-artisan-klickerstift","status":"publish","type":"product","link":"https:\/\/houtdraaiwerken-penkits.nl\/de\/shop\/stiftrohre\/bt76-stiftroehrchen-fuer-artisan-klickerstift\/","title":{"rendered":"BT76 Stiftr\u00f6hrchen f\u00fcr artisan Klickerstift"},"content":{"rendered":"","protected":false},"excerpt":{"rendered":"<p>BT76 Stiftr\u00f6hrchen f\u00fcr artisan clicker Stift<\/p>\n","protected":false},"featured_media":43568,"comment_status":"open","ping_status":"closed","template":"","meta":{"_et_pb_use_builder":"","_et_pb_old_content":"","_et_gb_content_width":""},"product_brand":[],"product_cat":[3297,2112],"product_tag":[3298],"class_list":{"0":"post-76998","1":"product","2":"type-product","3":"status-publish","4":"has-post-thumbnail","6":"product_cat-stiftrohre","7":"product_cat-stiftteile","8":"product_tag-stiftrohr","10":"first","11":"instock","12":"taxable","13":"shipping-taxable","14":"purchasable","15":"product-type-simple"},"_links":{"self":[{"href":"https:\/\/houtdraaiwerken-penkits.nl\/de\/wp-json\/wp\/v2\/product\/76998","targetHints":{"allow":["GET"]}}],"collection":[{"href":"https:\/\/houtdraaiwerken-penkits.nl\/de\/wp-json\/wp\/v2\/product"}],"about":[{"href":"https:\/\/houtdraaiwerken-penkits.nl\/de\/wp-json\/wp\/v2\/types\/product"}],"replies":[{"embeddable":true,"href":"https:\/\/houtdraaiwerken-penkits.nl\/de\/wp-json\/wp\/v2\/comments?post=76998"}],"wp:featuredmedia":[{"embeddable":true,"href":"https:\/\/houtdraaiwerken-penkits.nl\/de\/wp-json\/wp\/v2\/media\/43568"}],"wp:attachment":[{"href":"https:\/\/houtdraaiwerken-penkits.nl\/de\/wp-json\/wp\/v2\/media?parent=76998"}],"wp:term":[{"taxonomy":"product_brand","embeddable":true,"href":"https:\/\/houtdraaiwerken-penkits.nl\/de\/wp-json\/wp\/v2\/product_brand?post=76998"},{"taxonomy":"product_cat","embeddable":true,"href":"https:\/\/houtdraaiwerken-penkits.nl\/de\/wp-json\/wp\/v2\/product_cat?post=76998"},{"taxonomy":"product_tag","embeddable":true,"href":"https:\/\/houtdraaiwerken-penkits.nl\/de\/wp-json\/wp\/v2\/product_tag?post=76998"}],"curies":[{"name":"wp","href":"https:\/\/api.w.org\/{rel}","templated":true}]}}