{"id":77028,"date":"2016-07-24T16:24:52","date_gmt":"2016-07-24T14:24:52","guid":{"rendered":"https:\/\/houtdraaiwerken-penkits.nl\/shop\/unkategorisiert\/bt135-stiftroehrchen-fuer-sechseckige-klick-stift-sets\/"},"modified":"2025-05-07T16:21:19","modified_gmt":"2025-05-07T14:21:19","slug":"bt135-stiftroehrchen-fuer-sechseckige-klick-stift-sets","status":"publish","type":"product","link":"https:\/\/houtdraaiwerken-penkits.nl\/de\/shop\/stiftteile\/bt135-stiftrohrchen-fur-sechseckige-klick-stift-sets\/bt135-stiftroehrchen-fuer-sechseckige-klick-stift-sets\/","title":{"rendered":"BT135 Stiftr\u00f6hrchen f\u00fcr sechseckige Klick-Stift-Sets"},"content":{"rendered":"","protected":false},"excerpt":{"rendered":"<p>BT135 Stiftr\u00f6hrchen f\u00fcr sechseckige Klick-Stift-Sets<\/p>\n","protected":false},"featured_media":43508,"comment_status":"open","ping_status":"closed","template":"","meta":{"_et_pb_use_builder":"","_et_pb_old_content":"","_et_gb_content_width":""},"product_brand":[],"product_cat":[3994,3297],"product_tag":[3298],"class_list":{"0":"post-77028","1":"product","2":"type-product","3":"status-publish","4":"has-post-thumbnail","6":"product_cat-bt135-stiftrohrchen-fur-sechseckige-klick-stift-sets","7":"product_cat-stiftrohre","8":"product_tag-stiftrohr","10":"first","11":"outofstock","12":"taxable","13":"shipping-taxable","14":"purchasable","15":"product-type-simple"},"_links":{"self":[{"href":"https:\/\/houtdraaiwerken-penkits.nl\/de\/wp-json\/wp\/v2\/product\/77028","targetHints":{"allow":["GET"]}}],"collection":[{"href":"https:\/\/houtdraaiwerken-penkits.nl\/de\/wp-json\/wp\/v2\/product"}],"about":[{"href":"https:\/\/houtdraaiwerken-penkits.nl\/de\/wp-json\/wp\/v2\/types\/product"}],"replies":[{"embeddable":true,"href":"https:\/\/houtdraaiwerken-penkits.nl\/de\/wp-json\/wp\/v2\/comments?post=77028"}],"wp:featuredmedia":[{"embeddable":true,"href":"https:\/\/houtdraaiwerken-penkits.nl\/de\/wp-json\/wp\/v2\/media\/43508"}],"wp:attachment":[{"href":"https:\/\/houtdraaiwerken-penkits.nl\/de\/wp-json\/wp\/v2\/media?parent=77028"}],"wp:term":[{"taxonomy":"product_brand","embeddable":true,"href":"https:\/\/houtdraaiwerken-penkits.nl\/de\/wp-json\/wp\/v2\/product_brand?post=77028"},{"taxonomy":"product_cat","embeddable":true,"href":"https:\/\/houtdraaiwerken-penkits.nl\/de\/wp-json\/wp\/v2\/product_cat?post=77028"},{"taxonomy":"product_tag","embeddable":true,"href":"https:\/\/houtdraaiwerken-penkits.nl\/de\/wp-json\/wp\/v2\/product_tag?post=77028"}],"curies":[{"name":"wp","href":"https:\/\/api.w.org\/{rel}","templated":true}]}}