{"id":77047,"date":"2016-07-24T16:14:44","date_gmt":"2016-07-24T14:14:44","guid":{"rendered":"https:\/\/houtdraaiwerken-penkits.nl\/shop\/unkategorisiert\/bt179-stifthuelsenset-fuer-halbrunde-rollerballstifte-und-fuellfederhalter\/"},"modified":"2025-05-07T16:23:23","modified_gmt":"2025-05-07T14:23:23","slug":"bt179-stifthuelsenset-fuer-halbrunde-rollerballstifte-und-fuellfederhalter","status":"publish","type":"product","link":"https:\/\/houtdraaiwerken-penkits.nl\/de\/shop\/stiftteile\/bt179-stifthulsenset-fur-halbrunde-rollerballstifte-und-fullfederhalter\/bt179-stifthuelsenset-fuer-halbrunde-rollerballstifte-und-fuellfederhalter\/","title":{"rendered":"BT179 Stifth\u00fclsenset f\u00fcr halbrunde Rollerballstifte und F\u00fcllfederhalter"},"content":{"rendered":"","protected":false},"excerpt":{"rendered":"<p>BT179 Stifth\u00fclsenset f\u00fcr halbrunde Rollerballstifte und F\u00fcllfederhalter<\/p>\n","protected":false},"featured_media":43460,"comment_status":"open","ping_status":"closed","template":"","meta":{"_et_pb_use_builder":"","_et_pb_old_content":"","_et_gb_content_width":""},"product_brand":[],"product_cat":[4013,3297],"product_tag":[3298],"class_list":{"0":"post-77047","1":"product","2":"type-product","3":"status-publish","4":"has-post-thumbnail","6":"product_cat-bt179-stifthulsenset-fur-halbrunde-rollerballstifte-und-fullfederhalter","7":"product_cat-stiftrohre","8":"product_tag-stiftrohr","10":"first","11":"instock","12":"taxable","13":"shipping-taxable","14":"purchasable","15":"product-type-simple"},"_links":{"self":[{"href":"https:\/\/houtdraaiwerken-penkits.nl\/de\/wp-json\/wp\/v2\/product\/77047","targetHints":{"allow":["GET"]}}],"collection":[{"href":"https:\/\/houtdraaiwerken-penkits.nl\/de\/wp-json\/wp\/v2\/product"}],"about":[{"href":"https:\/\/houtdraaiwerken-penkits.nl\/de\/wp-json\/wp\/v2\/types\/product"}],"replies":[{"embeddable":true,"href":"https:\/\/houtdraaiwerken-penkits.nl\/de\/wp-json\/wp\/v2\/comments?post=77047"}],"wp:featuredmedia":[{"embeddable":true,"href":"https:\/\/houtdraaiwerken-penkits.nl\/de\/wp-json\/wp\/v2\/media\/43460"}],"wp:attachment":[{"href":"https:\/\/houtdraaiwerken-penkits.nl\/de\/wp-json\/wp\/v2\/media?parent=77047"}],"wp:term":[{"taxonomy":"product_brand","embeddable":true,"href":"https:\/\/houtdraaiwerken-penkits.nl\/de\/wp-json\/wp\/v2\/product_brand?post=77047"},{"taxonomy":"product_cat","embeddable":true,"href":"https:\/\/houtdraaiwerken-penkits.nl\/de\/wp-json\/wp\/v2\/product_cat?post=77047"},{"taxonomy":"product_tag","embeddable":true,"href":"https:\/\/houtdraaiwerken-penkits.nl\/de\/wp-json\/wp\/v2\/product_tag?post=77047"}],"curies":[{"name":"wp","href":"https:\/\/api.w.org\/{rel}","templated":true}]}}