{"id":77106,"date":"2016-07-24T15:59:29","date_gmt":"2016-07-24T13:59:29","guid":{"rendered":"https:\/\/houtdraaiwerken-penkits.nl\/shop\/unkategorisiert\/bt50-stiftroehrchenset-fuer-den-grossen-jr-gentleman-stift\/"},"modified":"2025-05-07T16:25:34","modified_gmt":"2025-05-07T14:25:34","slug":"bt50-stiftroehrchenset-fuer-den-grossen-jr-gentleman-stift","status":"publish","type":"product","link":"https:\/\/houtdraaiwerken-penkits.nl\/de\/shop\/stiftteile\/bt50-stiftrohrchenset-fur-den-grosen-jr-gentleman-stift\/bt50-stiftroehrchenset-fuer-den-grossen-jr-gentleman-stift\/","title":{"rendered":"BT50 Stiftr\u00f6hrchenset f\u00fcr den gro\u00dfen Jr Gentleman Stift"},"content":{"rendered":"","protected":false},"excerpt":{"rendered":"<p>BT50 Stiftr\u00f6hrchenset f\u00fcr den gro\u00dfen Jr Gentleman Stift<\/p>\n","protected":false},"featured_media":43374,"comment_status":"open","ping_status":"closed","template":"","meta":{"_et_pb_use_builder":"","_et_pb_old_content":"","_et_gb_content_width":""},"product_brand":[],"product_cat":[4057,3297],"product_tag":[3298],"class_list":{"0":"post-77106","1":"product","2":"type-product","3":"status-publish","4":"has-post-thumbnail","6":"product_cat-bt50-stiftrohrchenset-fur-den-grosen-jr-gentleman-stift","7":"product_cat-stiftrohre","8":"product_tag-stiftrohr","10":"first","11":"instock","12":"taxable","13":"shipping-taxable","14":"purchasable","15":"product-type-simple"},"_links":{"self":[{"href":"https:\/\/houtdraaiwerken-penkits.nl\/de\/wp-json\/wp\/v2\/product\/77106","targetHints":{"allow":["GET"]}}],"collection":[{"href":"https:\/\/houtdraaiwerken-penkits.nl\/de\/wp-json\/wp\/v2\/product"}],"about":[{"href":"https:\/\/houtdraaiwerken-penkits.nl\/de\/wp-json\/wp\/v2\/types\/product"}],"replies":[{"embeddable":true,"href":"https:\/\/houtdraaiwerken-penkits.nl\/de\/wp-json\/wp\/v2\/comments?post=77106"}],"wp:featuredmedia":[{"embeddable":true,"href":"https:\/\/houtdraaiwerken-penkits.nl\/de\/wp-json\/wp\/v2\/media\/43374"}],"wp:attachment":[{"href":"https:\/\/houtdraaiwerken-penkits.nl\/de\/wp-json\/wp\/v2\/media?parent=77106"}],"wp:term":[{"taxonomy":"product_brand","embeddable":true,"href":"https:\/\/houtdraaiwerken-penkits.nl\/de\/wp-json\/wp\/v2\/product_brand?post=77106"},{"taxonomy":"product_cat","embeddable":true,"href":"https:\/\/houtdraaiwerken-penkits.nl\/de\/wp-json\/wp\/v2\/product_cat?post=77106"},{"taxonomy":"product_tag","embeddable":true,"href":"https:\/\/houtdraaiwerken-penkits.nl\/de\/wp-json\/wp\/v2\/product_tag?post=77106"}],"curies":[{"name":"wp","href":"https:\/\/api.w.org\/{rel}","templated":true}]}}