{"id":77805,"date":"2017-07-21T16:36:17","date_gmt":"2017-07-21T14:36:17","guid":{"rendered":"https:\/\/houtdraaiwerken-penkits.nl\/shop\/unkategorisiert\/schlauch-fuer-105-mm-stiftrohre-geschlossenes-ende-dorn-gross\/"},"modified":"2025-05-07T17:05:13","modified_gmt":"2025-05-07T15:05:13","slug":"schlauch-fuer-105-mm-stiftrohre-geschlossenes-ende-dorn-gross","status":"publish","type":"product","link":"https:\/\/houtdraaiwerken-penkits.nl\/de\/shop\/werkzeuge\/mandrels-und-zubehor\/rohr-10-5mm-fur-closed-end-mandrel-gros\/schlauch-fuer-105-mm-stiftrohre-geschlossenes-ende-dorn-gross\/","title":{"rendered":"Schlauch f\u00fcr 10,5 mm Stiftrohre Geschlossenes Ende Dorn gro\u00df"},"content":{"rendered":"","protected":false},"excerpt":{"rendered":"<p>Rohr f\u00fcr 10,5 mm Messingrohre f\u00fcr den Closed End Mandrel gro\u00df. Das Rohr ist 30 cm lang. <\/p>\n","protected":false},"featured_media":46220,"comment_status":"open","ping_status":"closed","template":"","meta":{"_et_pb_use_builder":"","_et_pb_old_content":"","_et_gb_content_width":""},"product_brand":[],"product_cat":[3147,4605],"product_tag":[],"class_list":{"0":"post-77805","1":"product","2":"type-product","3":"status-publish","4":"has-post-thumbnail","6":"product_cat-mandrels-und-zubehor","7":"product_cat-rohr-10-5mm-fur-closed-end-mandrel-gros","9":"first","10":"outofstock","11":"taxable","12":"shipping-taxable","13":"purchasable","14":"product-type-simple"},"_links":{"self":[{"href":"https:\/\/houtdraaiwerken-penkits.nl\/de\/wp-json\/wp\/v2\/product\/77805","targetHints":{"allow":["GET"]}}],"collection":[{"href":"https:\/\/houtdraaiwerken-penkits.nl\/de\/wp-json\/wp\/v2\/product"}],"about":[{"href":"https:\/\/houtdraaiwerken-penkits.nl\/de\/wp-json\/wp\/v2\/types\/product"}],"replies":[{"embeddable":true,"href":"https:\/\/houtdraaiwerken-penkits.nl\/de\/wp-json\/wp\/v2\/comments?post=77805"}],"wp:featuredmedia":[{"embeddable":true,"href":"https:\/\/houtdraaiwerken-penkits.nl\/de\/wp-json\/wp\/v2\/media\/46220"}],"wp:attachment":[{"href":"https:\/\/houtdraaiwerken-penkits.nl\/de\/wp-json\/wp\/v2\/media?parent=77805"}],"wp:term":[{"taxonomy":"product_brand","embeddable":true,"href":"https:\/\/houtdraaiwerken-penkits.nl\/de\/wp-json\/wp\/v2\/product_brand?post=77805"},{"taxonomy":"product_cat","embeddable":true,"href":"https:\/\/houtdraaiwerken-penkits.nl\/de\/wp-json\/wp\/v2\/product_cat?post=77805"},{"taxonomy":"product_tag","embeddable":true,"href":"https:\/\/houtdraaiwerken-penkits.nl\/de\/wp-json\/wp\/v2\/product_tag?post=77805"}],"curies":[{"name":"wp","href":"https:\/\/api.w.org\/{rel}","templated":true}]}}