{"id":78027,"date":"2024-10-24T10:59:11","date_gmt":"2024-10-24T08:59:11","guid":{"rendered":"https:\/\/houtdraaiwerken-penkits.nl\/shop\/unkategorisiert\/amaranth-everlasting-bleistift-sets\/"},"modified":"2025-12-16T17:53:09","modified_gmt":"2025-12-16T16:53:09","slug":"amaranth-everlasting-bleistift-sets","status":"publish","type":"product","link":"https:\/\/houtdraaiwerken-penkits.nl\/de\/shop\/stift-kits\/bleistift-sets\/amaranth-everlasting-bleistift-sets\/","title":{"rendered":"Amaranth Everlasting Bleistift-Sets"},"content":{"rendered":"<p>Ben\u00f6tigte Materialien:<\/p>\n<p><a href=\"https:\/\/houtdraaiwerken-penkits.nl\/de\/shop\/distanzringsatz\/bu-8724-de\/bu8724-fuer-amaranth-everlasting-bleistift-sets\/\">BU8724<\/a> Distanzring<\/p>\n<p><a href=\"https:\/\/houtdraaiwerken-penkits.nl\/de\/shop\/bohrer\/db007-de\/db007-bohrer-7-mm\/\">db007<\/a> Bohrer<\/p>\n<p><a href=\"https:\/\/houtdraaiwerken-penkits.nl\/de\/shop\/bohrer\/rsdb077-de\/rsdb077-bohrer-77-mm\/\">RSDB077<\/a> Bohrer<\/p>\n<p><a href=\"https:\/\/houtdraaiwerken-penkits.nl\/de\/shop\/werkzeuge\/stiftmuehlen-fraeser\/pm011-stiftmuehlen-hss-durchmesser618mm-laenge95cm-fuer-7mm-stiftrohr\/\">PM011<\/a> R\u00e4umerschafts. Bitte beachten Sie, dass Sie f\u00fcr eine Stiftm\u00fchle auch einen Fr\u00e4ser\u00a0<a href=\"https:\/\/houtdraaiwerken-penkits.nl\/de\/shop\/werkzeuge\/stiftmuehlen-fraeser\/pm006-de\/pm006-3-4-schneidkopf-mit-6-schneiden-fuer-pen-muehlen\/\">PM006<\/a>\u00a0oder\u00a0<a href=\"https:\/\/houtdraaiwerken-penkits.nl\/de\/shop\/werkzeuge\/stiftmuehlen-fraeser\/pm002-de\/pm002-3-4-schneidkopf-mit-4-schneidkanten-fuer-pen-mills\/\">PM002<\/a>\u00a0ben\u00f6tigen. Der Fr\u00e4ser passt auf jede Stiftm\u00fchle.<\/p>\n","protected":false},"excerpt":{"rendered":"<p>Der Amarant Everlasting Bleistiftsatz ist eine Eigenentwicklung und exklusiv bei (HPK) <span class=\"skiptranslate\">houtdraaiwerken-penkits<\/span>.nl erh\u00e4ltlich. Die Spitze ist mit einer Schraubverbindung versehen, die leicht ausgetauscht werden kann. Dieser Bleistift muss nicht gespitzt werden. Dieser Bleistift wird haupts\u00e4chlich f\u00fcr k\u00fcnstlerische Projekte wie Zeichnen und Skizzieren verwendet.<br \/>\nWenn Sie den Bleistift nicht benutzen, k\u00f6nnen Sie die Kappe auf die Spitze klappen, um die Bleistiftmine zu sch\u00fctzen. W\u00e4hrend des Gebrauchs kann die Kappe auf der R\u00fcckseite \u00fcber den Radiergummi gedreht werden.<\/p>\n","protected":false},"featured_media":72429,"comment_status":"closed","ping_status":"closed","template":"","meta":{"_et_pb_use_builder":"off","_et_pb_old_content":"Zus\u00e4tzlich ben\u00f6tigte Materialien:\r\n\r\n<a href=\"https:\/\/houtdraaiwerken-penkits.nl\/shop\/busjes-sets\/bu-8724\/bu-8724-voor-amarant-everlasting-pencil-kits\/\">BU8724<\/a> Buchse\r\n\r\n db007 Bohrer\r\n\r\n<a href=\"https:\/\/houtdraaiwerken-penkits.nl\/shop\/gereedschap-en-boren\/boren\/rsdb077\/rsdb077-boor-77-mm\/\">RSDB077<\/a> Bohrer\r\n\r\n<a href=\"https:\/\/houtdraaiwerken-penkits.nl\/shop\/gereedschap-en-boren\/gereedschap\/pen-mills\/pm011\/pm011pen-mills-hss-dia-6-18mm-l9-5cm-for-7mm-pen-tube\/\">PM011<\/a> Stiftm\u00fchle","_et_gb_content_width":""},"product_brand":[],"product_cat":[4697,4470,5138],"product_tag":[],"class_list":{"0":"post-78027","1":"product","2":"type-product","3":"status-publish","4":"has-post-thumbnail","6":"product_cat-amarant-everlasting-bleistift-sets","7":"product_cat-bleistift-sets","8":"product_cat-hpk-stift-kits","10":"first","11":"instock","12":"taxable","13":"shipping-taxable","14":"purchasable","15":"product-type-variable"},"_links":{"self":[{"href":"https:\/\/houtdraaiwerken-penkits.nl\/de\/wp-json\/wp\/v2\/product\/78027","targetHints":{"allow":["GET"]}}],"collection":[{"href":"https:\/\/houtdraaiwerken-penkits.nl\/de\/wp-json\/wp\/v2\/product"}],"about":[{"href":"https:\/\/houtdraaiwerken-penkits.nl\/de\/wp-json\/wp\/v2\/types\/product"}],"replies":[{"embeddable":true,"href":"https:\/\/houtdraaiwerken-penkits.nl\/de\/wp-json\/wp\/v2\/comments?post=78027"}],"wp:featuredmedia":[{"embeddable":true,"href":"https:\/\/houtdraaiwerken-penkits.nl\/de\/wp-json\/wp\/v2\/media\/72429"}],"wp:attachment":[{"href":"https:\/\/houtdraaiwerken-penkits.nl\/de\/wp-json\/wp\/v2\/media?parent=78027"}],"wp:term":[{"taxonomy":"product_brand","embeddable":true,"href":"https:\/\/houtdraaiwerken-penkits.nl\/de\/wp-json\/wp\/v2\/product_brand?post=78027"},{"taxonomy":"product_cat","embeddable":true,"href":"https:\/\/houtdraaiwerken-penkits.nl\/de\/wp-json\/wp\/v2\/product_cat?post=78027"},{"taxonomy":"product_tag","embeddable":true,"href":"https:\/\/houtdraaiwerken-penkits.nl\/de\/wp-json\/wp\/v2\/product_tag?post=78027"}],"curies":[{"name":"wp","href":"https:\/\/api.w.org\/{rel}","templated":true}]}}