{"id":80275,"date":"2023-01-30T11:39:02","date_gmt":"2023-01-30T10:39:02","guid":{"rendered":"https:\/\/houtdraaiwerken-penkits.nl\/shop\/unkategorisiert\/mini-scherenbausaetze\/"},"modified":"2026-04-23T22:57:59","modified_gmt":"2026-04-23T20:57:59","slug":"mini-scherenbausaetze","status":"publish","type":"product","link":"https:\/\/houtdraaiwerken-penkits.nl\/de\/shop\/andere-bausatze\/verschiedene-kits\/mini-scherenbausatze\/mini-scherenbausaetze\/","title":{"rendered":"Mini-Scherenbaus\u00e4tze"},"content":{"rendered":"<p>Zus\u00e4tzlich ben\u00f6tigte Materialien:<\/p>\n<p><a href=\"https:\/\/www.houtdraaiwerken-penkits.nl\/shop\/busjes-sets\/bu552\/bu552\/\">BU552<\/a> Buchsen<\/p>\n<p><a href=\"https:\/\/www.houtdraaiwerken-penkits.nl\/shop\/gereedschap-en-boren\/boren\/rsdb1132\/rsdb1132boor-87mm\/\">RSDB11\/32<\/a> 11\/32 Bohrer<\/p>\n<p><a href=\"https:\/\/www.houtdraaiwerken-penkits.nl\/shop\/gereedschap-en-boren\/gereedschap\/pen-mills\/pm012\/pm012pen-mills-hss-dia-7-2mm-l9-5cm-for-8mm-pen-tubes\/\">PM012<\/a> Stiftfr\u00e4se<\/p>\n","protected":false},"excerpt":{"rendered":"<p>Mini-Scherenbaus\u00e4tze<\/p>\n","protected":false},"featured_media":66126,"comment_status":"closed","ping_status":"closed","template":"","meta":{"_et_pb_use_builder":"on","_et_pb_old_content":"Zus\u00e4tzlich ben\u00f6tigte Materialien:\n\n<a href=\"https:\/\/www.houtdraaiwerken-penkits.nl\/shop\/busjes-sets\/bu552\/bu552\/\">BU552<\/a> Buchsen\n\n<a href=\"https:\/\/www.houtdraaiwerken-penkits.nl\/shop\/gereedschap-en-boren\/boren\/rsdb1132\/rsdb1132boor-87mm\/\">RSDB11\/32<\/a> 11\/32 Bohrer\n\n<a href=\"https:\/\/www.houtdraaiwerken-penkits.nl\/shop\/gereedschap-en-boren\/gereedschap\/pen-mills\/pm012\/pm012pen-mills-hss-dia-7-2mm-l9-5cm-for-8mm-pen-tubes\/\">PM012<\/a> Stiftfr\u00e4se","_et_gb_content_width":""},"product_brand":[],"product_cat":[5027],"product_tag":[],"class_list":{"0":"post-80275","1":"product","2":"type-product","3":"status-publish","4":"has-post-thumbnail","6":"product_cat-mini-scherenbausatze","8":"first","9":"instock","10":"taxable","11":"shipping-taxable","12":"purchasable","13":"product-type-variable"},"_links":{"self":[{"href":"https:\/\/houtdraaiwerken-penkits.nl\/de\/wp-json\/wp\/v2\/product\/80275","targetHints":{"allow":["GET"]}}],"collection":[{"href":"https:\/\/houtdraaiwerken-penkits.nl\/de\/wp-json\/wp\/v2\/product"}],"about":[{"href":"https:\/\/houtdraaiwerken-penkits.nl\/de\/wp-json\/wp\/v2\/types\/product"}],"replies":[{"embeddable":true,"href":"https:\/\/houtdraaiwerken-penkits.nl\/de\/wp-json\/wp\/v2\/comments?post=80275"}],"wp:featuredmedia":[{"embeddable":true,"href":"https:\/\/houtdraaiwerken-penkits.nl\/de\/wp-json\/wp\/v2\/media\/66126"}],"wp:attachment":[{"href":"https:\/\/houtdraaiwerken-penkits.nl\/de\/wp-json\/wp\/v2\/media?parent=80275"}],"wp:term":[{"taxonomy":"product_brand","embeddable":true,"href":"https:\/\/houtdraaiwerken-penkits.nl\/de\/wp-json\/wp\/v2\/product_brand?post=80275"},{"taxonomy":"product_cat","embeddable":true,"href":"https:\/\/houtdraaiwerken-penkits.nl\/de\/wp-json\/wp\/v2\/product_cat?post=80275"},{"taxonomy":"product_tag","embeddable":true,"href":"https:\/\/houtdraaiwerken-penkits.nl\/de\/wp-json\/wp\/v2\/product_tag?post=80275"}],"curies":[{"name":"wp","href":"https:\/\/api.w.org\/{rel}","templated":true}]}}