{"id":80395,"date":"2024-03-22T13:31:39","date_gmt":"2024-03-22T12:31:39","guid":{"rendered":"https:\/\/houtdraaiwerken-penkits.nl\/shop\/unkategorisiert\/leiterplatten-stiftrohlinge-fuer-serra-stiftsatz\/"},"modified":"2025-09-01T21:16:11","modified_gmt":"2025-09-01T19:16:11","slug":"leiterplatten-stiftrohlinge-fuer-serra-stiftsatz","status":"publish","type":"product","link":"https:\/\/houtdraaiwerken-penkits.nl\/de\/shop\/stiftrohlinge\/spezielle-acryl-rohlinge\/leiterplatten-stiftrohlinge-fur-serra-stiftsatz\/leiterplatten-stiftrohlinge-fuer-serra-stiftsatz\/","title":{"rendered":"Leiterplatten-Stiftrohlinge f\u00fcr Serra-Stiftsatz"},"content":{"rendered":"","protected":false},"excerpt":{"rendered":"<p>Leiterplatten-Stiftrohlinge f\u00fcr Serra Stiftbausatz. 1 St\u00fcck, es sieht toll aus. Das Messingstiftrohr ist im Rohling vorgegossen. Kein Bohren oder Kleben erforderlich, einfach das Ende auf die richtige L\u00e4nge zuschneiden.   <\/p>\n","protected":false},"featured_media":70933,"comment_status":"closed","ping_status":"closed","template":"","meta":{"_et_pb_use_builder":"","_et_pb_old_content":"","_et_gb_content_width":""},"product_brand":[],"product_cat":[5118],"product_tag":[],"class_list":{"0":"post-80395","1":"product","2":"type-product","3":"status-publish","4":"has-post-thumbnail","6":"product_cat-leiterplatten-stiftrohlinge-fur-serra-stiftsatz","8":"first","9":"instock","10":"taxable","11":"shipping-taxable","12":"purchasable","13":"product-type-variable"},"_links":{"self":[{"href":"https:\/\/houtdraaiwerken-penkits.nl\/de\/wp-json\/wp\/v2\/product\/80395","targetHints":{"allow":["GET"]}}],"collection":[{"href":"https:\/\/houtdraaiwerken-penkits.nl\/de\/wp-json\/wp\/v2\/product"}],"about":[{"href":"https:\/\/houtdraaiwerken-penkits.nl\/de\/wp-json\/wp\/v2\/types\/product"}],"replies":[{"embeddable":true,"href":"https:\/\/houtdraaiwerken-penkits.nl\/de\/wp-json\/wp\/v2\/comments?post=80395"}],"wp:featuredmedia":[{"embeddable":true,"href":"https:\/\/houtdraaiwerken-penkits.nl\/de\/wp-json\/wp\/v2\/media\/70933"}],"wp:attachment":[{"href":"https:\/\/houtdraaiwerken-penkits.nl\/de\/wp-json\/wp\/v2\/media?parent=80395"}],"wp:term":[{"taxonomy":"product_brand","embeddable":true,"href":"https:\/\/houtdraaiwerken-penkits.nl\/de\/wp-json\/wp\/v2\/product_brand?post=80395"},{"taxonomy":"product_cat","embeddable":true,"href":"https:\/\/houtdraaiwerken-penkits.nl\/de\/wp-json\/wp\/v2\/product_cat?post=80395"},{"taxonomy":"product_tag","embeddable":true,"href":"https:\/\/houtdraaiwerken-penkits.nl\/de\/wp-json\/wp\/v2\/product_tag?post=80395"}],"curies":[{"name":"wp","href":"https:\/\/api.w.org\/{rel}","templated":true}]}}