{"id":80498,"date":"2024-06-18T13:37:47","date_gmt":"2024-06-18T11:37:47","guid":{"rendered":"https:\/\/houtdraaiwerken-penkits.nl\/shop\/unkategorisiert\/rotur-dornhalter-deluxe-mk1\/"},"modified":"2024-06-18T13:37:47","modified_gmt":"2024-06-18T11:37:47","slug":"rotur-dornhalter-deluxe-mk1","status":"publish","type":"product","link":"https:\/\/houtdraaiwerken-penkits.nl\/de\/shop\/werkzeuge\/mandrels-und-zubehor\/rotur-dornhalter-deluxe-mk1\/rotur-dornhalter-deluxe-mk1\/","title":{"rendered":"Rotur Dornhalter Deluxe MK1"},"content":{"rendered":"<p>Der Dornhalter Deluxe hat 2 abgedichtete Lager, wodurch er sich noch besser dreht und weniger Vibrationen verursacht. Diese Dornst\u00fctze ist daher von sehr hoher Qualit\u00e4t. <\/p>\n<p>Diese Mandelst\u00fctze hat eine MK1-Aufnahme.<\/p>\n<p>Inhalt:<br \/>\n1x MK1 Dornhalter De luxe<\/p>\n","protected":false},"excerpt":{"rendered":"<p>Der Dornhalter Deluxe hat 2 abgedichtete Lager, wodurch er sich noch besser dreht und weniger Vibrationen verursacht. Diese Dornst\u00fctze ist daher von sehr hoher Qualit\u00e4t. Diese Mandelst\u00fctze hat eine MK1-Aufnahme. Inhalt: 1x MK1 Dornhalter De luxe<\/p>\n","protected":false},"featured_media":57068,"comment_status":"closed","ping_status":"closed","template":"","meta":{"_et_pb_use_builder":"","_et_pb_old_content":"","_et_gb_content_width":""},"product_brand":[],"product_cat":[3147,5189],"product_tag":[5191,5192,5193],"class_list":{"0":"post-80498","1":"product","2":"type-product","3":"status-publish","4":"has-post-thumbnail","6":"product_cat-mandrels-und-zubehor","7":"product_cat-rotur-dornhalter-deluxe-mk1","8":"product_tag-rotur-colleted-pen-dorn-deluxe-mk2","9":"product_tag-rotur-set-colleted-pen-mandrel-deluxe-dornhalter-deluxe-mk2","10":"product_tag-rotur-dornhalter-deluxe-mk2","12":"first","13":"instock","14":"taxable","15":"shipping-taxable","16":"purchasable","17":"product-type-simple"},"_links":{"self":[{"href":"https:\/\/houtdraaiwerken-penkits.nl\/de\/wp-json\/wp\/v2\/product\/80498","targetHints":{"allow":["GET"]}}],"collection":[{"href":"https:\/\/houtdraaiwerken-penkits.nl\/de\/wp-json\/wp\/v2\/product"}],"about":[{"href":"https:\/\/houtdraaiwerken-penkits.nl\/de\/wp-json\/wp\/v2\/types\/product"}],"replies":[{"embeddable":true,"href":"https:\/\/houtdraaiwerken-penkits.nl\/de\/wp-json\/wp\/v2\/comments?post=80498"}],"wp:featuredmedia":[{"embeddable":true,"href":"https:\/\/houtdraaiwerken-penkits.nl\/de\/wp-json\/wp\/v2\/media\/57068"}],"wp:attachment":[{"href":"https:\/\/houtdraaiwerken-penkits.nl\/de\/wp-json\/wp\/v2\/media?parent=80498"}],"wp:term":[{"taxonomy":"product_brand","embeddable":true,"href":"https:\/\/houtdraaiwerken-penkits.nl\/de\/wp-json\/wp\/v2\/product_brand?post=80498"},{"taxonomy":"product_cat","embeddable":true,"href":"https:\/\/houtdraaiwerken-penkits.nl\/de\/wp-json\/wp\/v2\/product_cat?post=80498"},{"taxonomy":"product_tag","embeddable":true,"href":"https:\/\/houtdraaiwerken-penkits.nl\/de\/wp-json\/wp\/v2\/product_tag?post=80498"}],"curies":[{"name":"wp","href":"https:\/\/api.w.org\/{rel}","templated":true}]}}