{"id":80535,"date":"2024-06-18T13:42:52","date_gmt":"2024-06-18T11:42:52","guid":{"rendered":"https:\/\/houtdraaiwerken-penkits.nl\/shop\/unkategorisiert\/rotur-colleted-pen-dorn-deluxe-mk1\/"},"modified":"2024-06-18T13:42:52","modified_gmt":"2024-06-18T11:42:52","slug":"rotur-colleted-pen-dorn-deluxe-mk1","status":"publish","type":"product","link":"https:\/\/houtdraaiwerken-penkits.nl\/de\/shop\/werkzeuge\/mandrels-und-zubehor\/rotur-colleted-pen-dorn-deluxe-mk1\/rotur-colleted-pen-dorn-deluxe-mk1\/","title":{"rendered":"Rotur Colleted Pen Dorn Deluxe MK1"},"content":{"rendered":"<p>Der neue Colleted Pen Mandrel wurde im Vereinigten K\u00f6nigreich f\u00fcr professionelle Stiftedreher entwickelt. Er ist dem Universal Pen Mandrel sehr \u00e4hnlich, aber bei diesem Dorn klemmt der Schaft genau an seinem Platz, indem der Kopf gegen die Spannzange des Dornhalters angezogen wird, und dies h\u00e4lt die Spannzange v\u00f6llig staubfrei verborgen. Dieser Dorn ist daher von sehr hoher Qualit\u00e4t.  <\/p>\n<p>Dieser Dorn hat eine MK1-Aufnahme. Der Schaft ist in der L\u00e4nge verstellbar. <\/p>\n<p>Inhalt:<br \/>\n1x MK1 Dornhalter<br \/>\n1x Welle mit Durchmesser 6,2 mm<br \/>\n1x Maulschl\u00fcssel<br \/>\n1x Inbusschl\u00fcssel<br \/>\n4x konische Distanzst\u00fccke<br \/>\n3x Standard Distanzst\u00fccke 7 mm<br \/>\n2x Kontermutter<\/p>\n","protected":false},"excerpt":{"rendered":"<p>Der neue Colleted Pen Mandrel wurde im Vereinigten K\u00f6nigreich f\u00fcr professionelle Stiftedreher entwickelt. Er ist dem Universal Pen Mandrel sehr \u00e4hnlich, aber bei diesem Dorn klemmt der Schaft genau an seinem Platz, indem der Kopf gegen die Spannzange des Dornhalters angezogen wird, und dies h\u00e4lt die Spannzange v\u00f6llig staubfrei verborgen. Dieser Dorn ist daher von [&hellip;]<\/p>\n","protected":false},"featured_media":57056,"comment_status":"closed","ping_status":"closed","template":"","meta":{"_et_pb_use_builder":"","_et_pb_old_content":"","_et_gb_content_width":""},"product_brand":[],"product_cat":[3147,5216],"product_tag":[5191],"class_list":{"0":"post-80535","1":"product","2":"type-product","3":"status-publish","4":"has-post-thumbnail","6":"product_cat-mandrels-und-zubehor","7":"product_cat-rotur-colleted-pen-dorn-deluxe-mk1","8":"product_tag-rotur-colleted-pen-dorn-deluxe-mk2","10":"first","11":"instock","12":"taxable","13":"shipping-taxable","14":"purchasable","15":"product-type-simple"},"_links":{"self":[{"href":"https:\/\/houtdraaiwerken-penkits.nl\/de\/wp-json\/wp\/v2\/product\/80535","targetHints":{"allow":["GET"]}}],"collection":[{"href":"https:\/\/houtdraaiwerken-penkits.nl\/de\/wp-json\/wp\/v2\/product"}],"about":[{"href":"https:\/\/houtdraaiwerken-penkits.nl\/de\/wp-json\/wp\/v2\/types\/product"}],"replies":[{"embeddable":true,"href":"https:\/\/houtdraaiwerken-penkits.nl\/de\/wp-json\/wp\/v2\/comments?post=80535"}],"wp:featuredmedia":[{"embeddable":true,"href":"https:\/\/houtdraaiwerken-penkits.nl\/de\/wp-json\/wp\/v2\/media\/57056"}],"wp:attachment":[{"href":"https:\/\/houtdraaiwerken-penkits.nl\/de\/wp-json\/wp\/v2\/media?parent=80535"}],"wp:term":[{"taxonomy":"product_brand","embeddable":true,"href":"https:\/\/houtdraaiwerken-penkits.nl\/de\/wp-json\/wp\/v2\/product_brand?post=80535"},{"taxonomy":"product_cat","embeddable":true,"href":"https:\/\/houtdraaiwerken-penkits.nl\/de\/wp-json\/wp\/v2\/product_cat?post=80535"},{"taxonomy":"product_tag","embeddable":true,"href":"https:\/\/houtdraaiwerken-penkits.nl\/de\/wp-json\/wp\/v2\/product_tag?post=80535"}],"curies":[{"name":"wp","href":"https:\/\/api.w.org\/{rel}","templated":true}]}}