{"id":80551,"date":"2024-06-18T14:52:55","date_gmt":"2024-06-18T12:52:55","guid":{"rendered":"https:\/\/houtdraaiwerken-penkits.nl\/shop\/unkategorisiert\/bt3004-roehrenset-fuer-new-soccer-cyclist-racer-drehkugelschreiber-sets\/"},"modified":"2025-05-15T09:46:09","modified_gmt":"2025-05-15T07:46:09","slug":"bt3004-roehrenset-fuer-new-soccer-cyclist-racer-drehkugelschreiber-sets","status":"publish","type":"product","link":"https:\/\/houtdraaiwerken-penkits.nl\/de\/shop\/stiftrohre\/bt3004-rohrchen-set-fur-new-soccer-drehbleistift-sets\/bt3004-roehrenset-fuer-new-soccer-cyclist-racer-drehkugelschreiber-sets\/","title":{"rendered":"BT3004 R\u00f6hrenset f\u00fcr &#8222;New Soccer&#8220; &amp; &#8222;Cyclist racer&#8220; Drehkugelschreiber-Sets"},"content":{"rendered":"","protected":false},"excerpt":{"rendered":"<p>BT3004 R\u00f6hrenset f\u00fcr &#8222;New Soccer&#8220; &amp; &#8222;Cyclist racer&#8220; Drehkugelschreiber-Sets. Preis f\u00fcr 1 Set! <\/p>\n","protected":false},"featured_media":59660,"comment_status":"open","ping_status":"closed","template":"","meta":{"_et_pb_use_builder":"","_et_pb_old_content":"","_et_gb_content_width":""},"product_brand":[],"product_cat":[5229,3297],"product_tag":[3298],"class_list":{"0":"post-80551","1":"product","2":"type-product","3":"status-publish","4":"has-post-thumbnail","6":"product_cat-bt3004-rohrchen-set-fur-new-soccer-drehbleistift-sets","7":"product_cat-stiftrohre","8":"product_tag-stiftrohr","10":"first","11":"instock","12":"taxable","13":"shipping-taxable","14":"purchasable","15":"product-type-simple"},"_links":{"self":[{"href":"https:\/\/houtdraaiwerken-penkits.nl\/de\/wp-json\/wp\/v2\/product\/80551","targetHints":{"allow":["GET"]}}],"collection":[{"href":"https:\/\/houtdraaiwerken-penkits.nl\/de\/wp-json\/wp\/v2\/product"}],"about":[{"href":"https:\/\/houtdraaiwerken-penkits.nl\/de\/wp-json\/wp\/v2\/types\/product"}],"replies":[{"embeddable":true,"href":"https:\/\/houtdraaiwerken-penkits.nl\/de\/wp-json\/wp\/v2\/comments?post=80551"}],"wp:featuredmedia":[{"embeddable":true,"href":"https:\/\/houtdraaiwerken-penkits.nl\/de\/wp-json\/wp\/v2\/media\/59660"}],"wp:attachment":[{"href":"https:\/\/houtdraaiwerken-penkits.nl\/de\/wp-json\/wp\/v2\/media?parent=80551"}],"wp:term":[{"taxonomy":"product_brand","embeddable":true,"href":"https:\/\/houtdraaiwerken-penkits.nl\/de\/wp-json\/wp\/v2\/product_brand?post=80551"},{"taxonomy":"product_cat","embeddable":true,"href":"https:\/\/houtdraaiwerken-penkits.nl\/de\/wp-json\/wp\/v2\/product_cat?post=80551"},{"taxonomy":"product_tag","embeddable":true,"href":"https:\/\/houtdraaiwerken-penkits.nl\/de\/wp-json\/wp\/v2\/product_tag?post=80551"}],"curies":[{"name":"wp","href":"https:\/\/api.w.org\/{rel}","templated":true}]}}