{"id":80597,"date":"2024-04-05T10:20:02","date_gmt":"2024-04-05T08:20:02","guid":{"rendered":"https:\/\/houtdraaiwerken-penkits.nl\/shop\/unkategorisiert\/kette-anhaenger-25mm-einlage\/"},"modified":"2025-10-25T07:54:20","modified_gmt":"2025-10-25T05:54:20","slug":"kette-anhaenger-25mm-einlage","status":"publish","type":"product","link":"https:\/\/houtdraaiwerken-penkits.nl\/de\/shop\/andere-bausatze\/schmuck\/kette-anhanger-25mm-einlage\/kette-anhaenger-25mm-einlage\/","title":{"rendered":"Kette Anh\u00e4nger 25mm Einlage."},"content":{"rendered":"","protected":false},"excerpt":{"rendered":"<p>Kette Anh\u00e4nger 25mm Einlage. Preis pro St\u00fcck.<\/p>\n<p>Dieser Anh\u00e4nger ben\u00f6tigt auf beiden Seiten einen Einsatz und kann gedreht werden.<\/p>\n","protected":false},"featured_media":71065,"comment_status":"open","ping_status":"closed","template":"","meta":{"_et_pb_use_builder":"","_et_pb_old_content":"","_et_gb_content_width":""},"product_brand":[],"product_cat":[2248,5241,5253,5240],"product_tag":[5246,5247,2201,2962],"class_list":{"0":"post-80597","1":"product","2":"type-product","3":"status-publish","4":"has-post-thumbnail","6":"product_cat-andere-bausatze","7":"product_cat-kette-anhanger-25mm-einlage","8":"product_cat-kettenanhanger-fur-25mm-einlage","9":"product_cat-schmuck","10":"product_tag-armband-fur-25-mm-einlage","11":"product_tag-kettenanhanger-fur-25mm-einlage","12":"product_tag-stift-kits","13":"product_tag-stift-kits-de","15":"first","16":"instock","17":"taxable","18":"shipping-taxable","19":"purchasable","20":"product-type-variable"},"_links":{"self":[{"href":"https:\/\/houtdraaiwerken-penkits.nl\/de\/wp-json\/wp\/v2\/product\/80597","targetHints":{"allow":["GET"]}}],"collection":[{"href":"https:\/\/houtdraaiwerken-penkits.nl\/de\/wp-json\/wp\/v2\/product"}],"about":[{"href":"https:\/\/houtdraaiwerken-penkits.nl\/de\/wp-json\/wp\/v2\/types\/product"}],"replies":[{"embeddable":true,"href":"https:\/\/houtdraaiwerken-penkits.nl\/de\/wp-json\/wp\/v2\/comments?post=80597"}],"wp:featuredmedia":[{"embeddable":true,"href":"https:\/\/houtdraaiwerken-penkits.nl\/de\/wp-json\/wp\/v2\/media\/71065"}],"wp:attachment":[{"href":"https:\/\/houtdraaiwerken-penkits.nl\/de\/wp-json\/wp\/v2\/media?parent=80597"}],"wp:term":[{"taxonomy":"product_brand","embeddable":true,"href":"https:\/\/houtdraaiwerken-penkits.nl\/de\/wp-json\/wp\/v2\/product_brand?post=80597"},{"taxonomy":"product_cat","embeddable":true,"href":"https:\/\/houtdraaiwerken-penkits.nl\/de\/wp-json\/wp\/v2\/product_cat?post=80597"},{"taxonomy":"product_tag","embeddable":true,"href":"https:\/\/houtdraaiwerken-penkits.nl\/de\/wp-json\/wp\/v2\/product_tag?post=80597"}],"curies":[{"name":"wp","href":"https:\/\/api.w.org\/{rel}","templated":true}]}}