{"id":80706,"date":"2023-10-09T13:42:53","date_gmt":"2023-10-09T11:42:53","guid":{"rendered":"https:\/\/houtdraaiwerken-penkits.nl\/shop\/unkategorisiert\/bt509-fp-rp-stifthuelsen-set-fuer-honeybee-fuellhalter-rollerball-kits\/"},"modified":"2023-10-09T13:42:53","modified_gmt":"2023-10-09T11:42:53","slug":"bt509-fp-rp-stifthuelsen-set-fuer-honeybee-fuellhalter-rollerball-kits","status":"publish","type":"product","link":"https:\/\/houtdraaiwerken-penkits.nl\/de\/shop\/stiftrohre\/bt509-fp-rp-stifthulsen-set-fur-honeybee-fullhalter-rollerball-kits\/bt509-fp-rp-stifthuelsen-set-fuer-honeybee-fuellhalter-rollerball-kits\/","title":{"rendered":"BT509 FP\/RP Stifth\u00fclsen-Set f\u00fcr Honeybee-F\u00fcllhalter\/Rollerball-Kits"},"content":{"rendered":"","protected":false},"excerpt":{"rendered":"<p>BT509 Stifth\u00fclsenset f\u00fcr Honeybee F\u00fcllfederhalter \/ Rollerball-Kits<\/p>\n","protected":false},"featured_media":44048,"comment_status":"open","ping_status":"closed","template":"","meta":{"_et_pb_use_builder":"","_et_pb_old_content":"","_et_gb_content_width":""},"product_brand":[],"product_cat":[5320,3297],"product_tag":[3298],"class_list":{"0":"post-80706","1":"product","2":"type-product","3":"status-publish","4":"has-post-thumbnail","6":"product_cat-bt509-fp-rp-stifthulsen-set-fur-honeybee-fullhalter-rollerball-kits","7":"product_cat-stiftrohre","8":"product_tag-stiftrohr","10":"first","11":"instock","12":"taxable","13":"shipping-taxable","14":"purchasable","15":"product-type-simple"},"_links":{"self":[{"href":"https:\/\/houtdraaiwerken-penkits.nl\/de\/wp-json\/wp\/v2\/product\/80706","targetHints":{"allow":["GET"]}}],"collection":[{"href":"https:\/\/houtdraaiwerken-penkits.nl\/de\/wp-json\/wp\/v2\/product"}],"about":[{"href":"https:\/\/houtdraaiwerken-penkits.nl\/de\/wp-json\/wp\/v2\/types\/product"}],"replies":[{"embeddable":true,"href":"https:\/\/houtdraaiwerken-penkits.nl\/de\/wp-json\/wp\/v2\/comments?post=80706"}],"wp:featuredmedia":[{"embeddable":true,"href":"https:\/\/houtdraaiwerken-penkits.nl\/de\/wp-json\/wp\/v2\/media\/44048"}],"wp:attachment":[{"href":"https:\/\/houtdraaiwerken-penkits.nl\/de\/wp-json\/wp\/v2\/media?parent=80706"}],"wp:term":[{"taxonomy":"product_brand","embeddable":true,"href":"https:\/\/houtdraaiwerken-penkits.nl\/de\/wp-json\/wp\/v2\/product_brand?post=80706"},{"taxonomy":"product_cat","embeddable":true,"href":"https:\/\/houtdraaiwerken-penkits.nl\/de\/wp-json\/wp\/v2\/product_cat?post=80706"},{"taxonomy":"product_tag","embeddable":true,"href":"https:\/\/houtdraaiwerken-penkits.nl\/de\/wp-json\/wp\/v2\/product_tag?post=80706"}],"curies":[{"name":"wp","href":"https:\/\/api.w.org\/{rel}","templated":true}]}}