{"id":80730,"date":"2023-09-20T09:54:03","date_gmt":"2023-09-20T07:54:03","guid":{"rendered":"https:\/\/houtdraaiwerken-penkits.nl\/shop\/unkategorisiert\/honeybee-fuellfederhalter-und-rollerball-kits\/"},"modified":"2026-01-09T23:20:48","modified_gmt":"2026-01-09T22:20:48","slug":"honeybee-fuellfederhalter-und-rollerball-kits","status":"publish","type":"product","link":"https:\/\/houtdraaiwerken-penkits.nl\/de\/shop\/stift-kits\/fullfederhalter-und-tintenroller-sets\/honeybee-fullfederhalter-und-rollerball-kits\/honeybee-fuellfederhalter-und-rollerball-kits\/","title":{"rendered":"Honeybee F\u00fcller\/Rollerball-Stift-Kit"},"content":{"rendered":"<p>Zus\u00e4tzlich ben\u00f6tigte Materialien:<\/p>\n<p><a href=\"https:\/\/houtdraaiwerken-penkits.nl\/de\/shop\/distanzringsatz\/bu478-fp-rp-de\/bu478-fp-rp\/\">BU478FP\/RP<\/a> Distanzring \u00a0 Bitte beachten: Diese Buchsen sind nicht dasselbe wie das Kugelschreiber-Kit!!!!<\/p>\n<p><a href=\"https:\/\/houtdraaiwerken-penkits.nl\/de\/shop\/bohrer\/rsdb117-de\/rsdb117-bohrer-117-mm\/\">RSDB117<\/a> 11.7 mm Bohrer<\/p>\n<p><a href=\"https:\/\/houtdraaiwerken-penkits.nl\/de\/shop\/bohrer\/rsdb25-64-bohrer\/\">RSDB25\/64<\/a> Bohrer<\/p>\n<p><a href=\"https:\/\/houtdraaiwerken-penkits.nl\/de\/shop\/werkzeuge\/stiftmuehlen-fraeser\/pm107-stiftfraeser-hss-durchmesser10-7mm-laenge9-5cm-fuer-115-mm-stifthuelsen\/\">PM107<\/a> &amp;\u00a0 <a href=\"https:\/\/houtdraaiwerken-penkits.nl\/de\/shop\/werkzeuge\/stiftmuehlen-fraeser\/pm014-stiftfraeser-hss-durchmesser915mm-laenge95cm-fuer-10mm-stifthuelsen\/\">PM014<\/a> R\u00e4umerschafts<\/p>\n<p>Bitte beachten Sie, dass Sie f\u00fcr eine Stiftm\u00fchle auch einen Fr\u00e4ser\u00a0<a href=\"https:\/\/houtdraaiwerken-penkits.nl\/de\/shop\/werkzeuge\/stiftmuehlen-fraeser\/pm006-de\/pm006-3-4-schneidkopf-mit-6-schneiden-fuer-pen-muehlen\/\">PM006<\/a>\u00a0oder\u00a0<a href=\"https:\/\/houtdraaiwerken-penkits.nl\/de\/shop\/werkzeuge\/stiftmuehlen-fraeser\/pm002-de\/pm002-3-4-schneidkopf-mit-4-schneidkanten-fuer-pen-mills\/\">PM002<\/a>\u00a0ben\u00f6tigen. Der Fr\u00e4ser passt auf jede Stiftm\u00fchle.<\/p>\n","protected":false},"excerpt":{"rendered":"<p>Honeybee F\u00fcllfederhalter und Rollerball-Kits<\/p>\n","protected":false},"featured_media":68194,"comment_status":"open","ping_status":"closed","template":"","meta":{"_et_pb_use_builder":"off","_et_pb_old_content":"Benodigde aanvullende materialen:\r\n\r\n<a href=\"https:\/\/www.houtdraaiwerken-penkits.nl\/shop\/busjes-sets\/bu478-fp-rp\/bu478-fp-rp\/\">BU478FP\/RP<\/a> Bushings\u00a0 \u00a0 \u00a0<strong>Let op: deze bushings zijn niet hetzelfde als de Ballpen kit of pencil kit!!!!<\/strong>\r\n\r\n<a href=\"https:\/\/www.houtdraaiwerken-penkits.nl\/shop\/gereedschap-en-boren\/boren\/rsdb117\/rsdb117\/\">RSDB117<\/a> 11.7 mm Drill\r\n\r\n<a href=\"https:\/\/www.houtdraaiwerken-penkits.nl\/shop\/gereedschap-en-boren\/boren\/rsdb25-64-boor\/\">RSDB25\/64<\/a> Drill\r\n\r\n<a href=\"https:\/\/www.houtdraaiwerken-penkits.nl\/shop\/gereedschap-en-boren\/gereedschap\/pen-mills\/pm107\/pm015pen-mills-hss-dia-9-9mm-l9-5cm-for-10-45mm-pen-tubes\/\">PM107<\/a> &\u00a0 <a href=\"https:\/\/www.houtdraaiwerken-penkits.nl\/shop\/gereedschap-en-boren\/gereedschap\/pen-mills\/pm014\/pm014pen-mills-hss-dia-9-15mm-l9-5cm-for-10mm-pen-tubes\/\">PM014<\/a> pen mills","_et_gb_content_width":""},"product_brand":[],"product_cat":[3668,5338,5138],"product_tag":[5339,5343,5341,5342,5340,2201],"class_list":{"0":"post-80730","1":"product","2":"type-product","3":"status-publish","4":"has-post-thumbnail","6":"product_cat-fullfederhalter-und-tintenroller-sets","7":"product_cat-honeybee-fullfederhalter-und-rollerball-kits","8":"product_cat-hpk-stift-kits","9":"product_tag-grose-jr-gentleman-fullfederhalter-rollerball-kits","10":"product_tag-katzchen-stift-kit","11":"product_tag-pferde-fullfederhalter-bausatz","12":"product_tag-pferde-rollerball-stift-set","13":"product_tag-pferdestall-bausatz","14":"product_tag-stift-kits","16":"first","17":"instock","18":"taxable","19":"shipping-taxable","20":"purchasable","21":"product-type-variable"},"_links":{"self":[{"href":"https:\/\/houtdraaiwerken-penkits.nl\/de\/wp-json\/wp\/v2\/product\/80730","targetHints":{"allow":["GET"]}}],"collection":[{"href":"https:\/\/houtdraaiwerken-penkits.nl\/de\/wp-json\/wp\/v2\/product"}],"about":[{"href":"https:\/\/houtdraaiwerken-penkits.nl\/de\/wp-json\/wp\/v2\/types\/product"}],"replies":[{"embeddable":true,"href":"https:\/\/houtdraaiwerken-penkits.nl\/de\/wp-json\/wp\/v2\/comments?post=80730"}],"wp:featuredmedia":[{"embeddable":true,"href":"https:\/\/houtdraaiwerken-penkits.nl\/de\/wp-json\/wp\/v2\/media\/68194"}],"wp:attachment":[{"href":"https:\/\/houtdraaiwerken-penkits.nl\/de\/wp-json\/wp\/v2\/media?parent=80730"}],"wp:term":[{"taxonomy":"product_brand","embeddable":true,"href":"https:\/\/houtdraaiwerken-penkits.nl\/de\/wp-json\/wp\/v2\/product_brand?post=80730"},{"taxonomy":"product_cat","embeddable":true,"href":"https:\/\/houtdraaiwerken-penkits.nl\/de\/wp-json\/wp\/v2\/product_cat?post=80730"},{"taxonomy":"product_tag","embeddable":true,"href":"https:\/\/houtdraaiwerken-penkits.nl\/de\/wp-json\/wp\/v2\/product_tag?post=80730"}],"curies":[{"name":"wp","href":"https:\/\/api.w.org\/{rel}","templated":true}]}}