{"id":80776,"date":"2023-08-03T09:28:18","date_gmt":"2023-08-03T07:28:18","guid":{"rendered":"https:\/\/houtdraaiwerken-penkits.nl\/shop\/unkategorisiert\/steampunk-bolzenschreiber-bausaetze-psi\/"},"modified":"2023-08-03T09:28:18","modified_gmt":"2023-08-03T07:28:18","slug":"steampunk-bolzenschreiber-bausaetze-psi","status":"publish","type":"product","link":"https:\/\/houtdraaiwerken-penkits.nl\/de\/shop\/stift-kits\/stift-kits-von-psi\/steampunk-bolzenschreiber-bausatze-psi\/steampunk-bolzenschreiber-bausaetze-psi\/","title":{"rendered":"Steampunk Bolzenschreiber-Baus\u00e4tze ( PSI )"},"content":{"rendered":"<p>Erforderliche zus\u00e4tzliche Materialien:<\/p>\n<p><a href=\"https:\/\/www.houtdraaiwerken-penkits.nl\/shop\/busjes-sets\/bu982\/bu984-2\/\">BU982<\/a> Buchsen<\/p>\n<p><a href=\"https:\/\/www.houtdraaiwerken-penkits.nl\/shop\/gereedschap-en-boren\/boren\/db38\/db38\/\">DB3\/8<\/a> Bohrer<\/p>\n<p><a href=\"https:\/\/www.houtdraaiwerken-penkits.nl\/shop\/gereedschap-en-boren\/gereedschap\/pen-mills\/pm013\/pm013pen-mills-hss-dia-8-64mm-l9-5cm-for-38-pen-tubes\/\">PM013<\/a> Stiftm\u00fchle. Bitte beachten Sie, dass Sie f\u00fcr eine Stiftm\u00fchle auch einen Fr\u00e4ser <a href=\"https:\/\/houtdraaiwerken-penkits.nl\/shop\/gereedschap\/pen-mills\/pm006\/pm006pen-mills-34-cutter-head-with-6-edges\/\">PM006<\/a> oder <a href=\"https:\/\/houtdraaiwerken-penkits.nl\/shop\/gereedschap\/pen-mills\/pm002\/pm002pen-mills-34-cutter-head-with-4-edges\/\">PM002<\/a> ben\u00f6tigen. Der Fr\u00e4ser passt auf jede Stiftm\u00fchle. <\/p>\n<p>&nbsp;<\/p>\n<p>&nbsp;<\/p>\n","protected":false},"excerpt":{"rendered":"<p>Victorian Twist Stift-Sets ( PSI )<\/p>\n","protected":false},"featured_media":67919,"comment_status":"open","ping_status":"closed","template":"","meta":{"_et_pb_use_builder":"","_et_pb_old_content":"","_et_gb_content_width":""},"product_brand":[],"product_cat":[3352,5365,5294],"product_tag":[5366,2201,2962],"class_list":{"0":"post-80776","1":"product","2":"type-product","3":"status-publish","4":"has-post-thumbnail","6":"product_cat-kugelschreiber-kits","7":"product_cat-steampunk-bolzenschreiber-bausatze-psi","8":"product_cat-stift-kits-von-psi","9":"product_tag-steampunk-bolt-stift-bausatze","10":"product_tag-stift-kits","11":"product_tag-stift-kits-de","13":"first","14":"instock","15":"taxable","16":"shipping-taxable","17":"purchasable","18":"product-type-variable"},"_links":{"self":[{"href":"https:\/\/houtdraaiwerken-penkits.nl\/de\/wp-json\/wp\/v2\/product\/80776","targetHints":{"allow":["GET"]}}],"collection":[{"href":"https:\/\/houtdraaiwerken-penkits.nl\/de\/wp-json\/wp\/v2\/product"}],"about":[{"href":"https:\/\/houtdraaiwerken-penkits.nl\/de\/wp-json\/wp\/v2\/types\/product"}],"replies":[{"embeddable":true,"href":"https:\/\/houtdraaiwerken-penkits.nl\/de\/wp-json\/wp\/v2\/comments?post=80776"}],"wp:featuredmedia":[{"embeddable":true,"href":"https:\/\/houtdraaiwerken-penkits.nl\/de\/wp-json\/wp\/v2\/media\/67919"}],"wp:attachment":[{"href":"https:\/\/houtdraaiwerken-penkits.nl\/de\/wp-json\/wp\/v2\/media?parent=80776"}],"wp:term":[{"taxonomy":"product_brand","embeddable":true,"href":"https:\/\/houtdraaiwerken-penkits.nl\/de\/wp-json\/wp\/v2\/product_brand?post=80776"},{"taxonomy":"product_cat","embeddable":true,"href":"https:\/\/houtdraaiwerken-penkits.nl\/de\/wp-json\/wp\/v2\/product_cat?post=80776"},{"taxonomy":"product_tag","embeddable":true,"href":"https:\/\/houtdraaiwerken-penkits.nl\/de\/wp-json\/wp\/v2\/product_tag?post=80776"}],"curies":[{"name":"wp","href":"https:\/\/api.w.org\/{rel}","templated":true}]}}