{"id":80970,"date":"2023-05-31T14:42:19","date_gmt":"2023-05-31T12:42:19","guid":{"rendered":"https:\/\/houtdraaiwerken-penkits.nl\/shop\/unkategorisiert\/angelruten-bausaetze-150cm-lang\/"},"modified":"2026-01-15T12:57:55","modified_gmt":"2026-01-15T11:57:55","slug":"angelruten-bausaetze-150cm-lang","status":"publish","type":"product","link":"https:\/\/houtdraaiwerken-penkits.nl\/de\/shop\/andere-bausatze\/verschiedene-kits\/angelruten-bausatze-150cm-lang\/angelruten-bausaetze-150cm-lang\/","title":{"rendered":"Angelruten-Baus\u00e4tze 150cm lang"},"content":{"rendered":"<p>Zus\u00e4tzlich ben\u00f6tigte Materialien:<\/p>\n<p><a href=\"https:\/\/www.houtdraaiwerken-penkits.nl\/shop\/busjes-sets\/bu562\/bu562\/\">BU562<\/a> Distanzring<\/p>\n<p> 17mm Bohrer<\/p>\n","protected":false},"excerpt":{"rendered":"<p>Angelrute in Stiftform. Leicht zu transportieren! <\/p>\n","protected":false},"featured_media":67336,"comment_status":"closed","ping_status":"closed","template":"","meta":{"_et_pb_use_builder":"","_et_pb_old_content":"","_et_gb_content_width":""},"product_brand":[],"product_cat":[5457],"product_tag":[],"class_list":{"0":"post-80970","1":"product","2":"type-product","3":"status-publish","4":"has-post-thumbnail","6":"product_cat-angelruten-bausatze-150cm-lang","8":"first","9":"instock","10":"taxable","11":"shipping-taxable","12":"purchasable","13":"product-type-variable"},"_links":{"self":[{"href":"https:\/\/houtdraaiwerken-penkits.nl\/de\/wp-json\/wp\/v2\/product\/80970","targetHints":{"allow":["GET"]}}],"collection":[{"href":"https:\/\/houtdraaiwerken-penkits.nl\/de\/wp-json\/wp\/v2\/product"}],"about":[{"href":"https:\/\/houtdraaiwerken-penkits.nl\/de\/wp-json\/wp\/v2\/types\/product"}],"replies":[{"embeddable":true,"href":"https:\/\/houtdraaiwerken-penkits.nl\/de\/wp-json\/wp\/v2\/comments?post=80970"}],"wp:featuredmedia":[{"embeddable":true,"href":"https:\/\/houtdraaiwerken-penkits.nl\/de\/wp-json\/wp\/v2\/media\/67336"}],"wp:attachment":[{"href":"https:\/\/houtdraaiwerken-penkits.nl\/de\/wp-json\/wp\/v2\/media?parent=80970"}],"wp:term":[{"taxonomy":"product_brand","embeddable":true,"href":"https:\/\/houtdraaiwerken-penkits.nl\/de\/wp-json\/wp\/v2\/product_brand?post=80970"},{"taxonomy":"product_cat","embeddable":true,"href":"https:\/\/houtdraaiwerken-penkits.nl\/de\/wp-json\/wp\/v2\/product_cat?post=80970"},{"taxonomy":"product_tag","embeddable":true,"href":"https:\/\/houtdraaiwerken-penkits.nl\/de\/wp-json\/wp\/v2\/product_tag?post=80970"}],"curies":[{"name":"wp","href":"https:\/\/api.w.org\/{rel}","templated":true}]}}