{"id":81003,"date":"2023-05-11T15:31:48","date_gmt":"2023-05-11T13:31:48","guid":{"rendered":"https:\/\/houtdraaiwerken-penkits.nl\/shop\/unkategorisiert\/bt5002-roehrchenset-fuer-magistralis-stiftsets\/"},"modified":"2025-05-17T12:30:41","modified_gmt":"2025-05-17T10:30:41","slug":"bt5002-roehrchenset-fuer-magistralis-stiftsets","status":"publish","type":"product","link":"https:\/\/houtdraaiwerken-penkits.nl\/de\/shop\/stiftrohre\/bt5002-rohrchen-fur-magistralis-stift-sets\/bt5002-roehrchenset-fuer-magistralis-stiftsets\/","title":{"rendered":"BT5002 H\u00fclse f\u00fcr Magistralis-Stiftsets"},"content":{"rendered":"","protected":false},"excerpt":{"rendered":"<p>BT5002 H\u00fclse f\u00fcr Magistralis-Stiftsets Preis f\u00fcr 1 Set<\/p>\n","protected":false},"featured_media":59660,"comment_status":"open","ping_status":"closed","template":"","meta":{"_et_pb_use_builder":"","_et_pb_old_content":"","_et_gb_content_width":""},"product_brand":[],"product_cat":[5488,3297],"product_tag":[3298],"class_list":{"0":"post-81003","1":"product","2":"type-product","3":"status-publish","4":"has-post-thumbnail","6":"product_cat-bt5002-rohrchen-fur-magistralis-stift-sets","7":"product_cat-stiftrohre","8":"product_tag-stiftrohr","10":"first","11":"instock","12":"taxable","13":"shipping-taxable","14":"purchasable","15":"product-type-simple"},"_links":{"self":[{"href":"https:\/\/houtdraaiwerken-penkits.nl\/de\/wp-json\/wp\/v2\/product\/81003","targetHints":{"allow":["GET"]}}],"collection":[{"href":"https:\/\/houtdraaiwerken-penkits.nl\/de\/wp-json\/wp\/v2\/product"}],"about":[{"href":"https:\/\/houtdraaiwerken-penkits.nl\/de\/wp-json\/wp\/v2\/types\/product"}],"replies":[{"embeddable":true,"href":"https:\/\/houtdraaiwerken-penkits.nl\/de\/wp-json\/wp\/v2\/comments?post=81003"}],"wp:featuredmedia":[{"embeddable":true,"href":"https:\/\/houtdraaiwerken-penkits.nl\/de\/wp-json\/wp\/v2\/media\/59660"}],"wp:attachment":[{"href":"https:\/\/houtdraaiwerken-penkits.nl\/de\/wp-json\/wp\/v2\/media?parent=81003"}],"wp:term":[{"taxonomy":"product_brand","embeddable":true,"href":"https:\/\/houtdraaiwerken-penkits.nl\/de\/wp-json\/wp\/v2\/product_brand?post=81003"},{"taxonomy":"product_cat","embeddable":true,"href":"https:\/\/houtdraaiwerken-penkits.nl\/de\/wp-json\/wp\/v2\/product_cat?post=81003"},{"taxonomy":"product_tag","embeddable":true,"href":"https:\/\/houtdraaiwerken-penkits.nl\/de\/wp-json\/wp\/v2\/product_tag?post=81003"}],"curies":[{"name":"wp","href":"https:\/\/api.w.org\/{rel}","templated":true}]}}