{"id":81028,"date":"2023-05-11T15:00:07","date_gmt":"2023-05-11T13:00:07","guid":{"rendered":"https:\/\/houtdraaiwerken-penkits.nl\/shop\/unkategorisiert\/powerstar-fuellfederhalter-bausatz\/"},"modified":"2026-04-07T17:44:03","modified_gmt":"2026-04-07T15:44:03","slug":"powerstar-fuellfederhalter-bausatz","status":"publish","type":"product","link":"https:\/\/houtdraaiwerken-penkits.nl\/de\/shop\/stift-kits\/stiftbausatze-made-in-taiwan\/powerstar-fullfederhalter-bausatz\/powerstar-fuellfederhalter-bausatz\/","title":{"rendered":"Powerstar-F\u00fcllfederhalter-Bausatz"},"content":{"rendered":"<p>Ben\u00f6tigte Materialien:<\/p>\n<p><a href=\"https:\/\/houtdraaiwerken-penkits.nl\/de\/shop\/distanzringsatz\/bu5001-de\/bu5001\/\">BU5001<\/a> Distanzring<\/p>\n<p><a href=\"https:\/\/houtdraaiwerken-penkits.nl\/de\/shop\/bohrer\/rsdb130-de\/rsdb130-bohrer-13-mm\/\">RSDB130<\/a> Bohrer 13mm<\/p>\n<p><a href=\"https:\/\/houtdraaiwerken-penkits.nl\/de\/shop\/bohrer\/db104-de\/db104-bohrer-104-mm\/\">DB104<\/a> 10,4 mm Bohrung<\/p>\n<p><a href=\"https:\/\/houtdraaiwerken-penkits.nl\/de\/shop\/werkzeuge\/stiftmuehlen-fraeser\/pm116-stiftmuehlen-hss-o11-63mm-l9-5cm-fuer-12-35mm-stiftrohre\/\">PM116<\/a> Stiftm\u00fchle<\/p>\n<p><a href=\"https:\/\/houtdraaiwerken-penkits.nl\/de\/shop\/werkzeuge\/stiftmuehlen-fraeser\/pm014-stiftfraeser-hss-durchmesser915mm-laenge95cm-fuer-10mm-stifthuelsen\/\">PM014<\/a> Stiftm\u00fchlen. Bitte beachten Sie, dass Sie f\u00fcr eine Stiftm\u00fchle auch einen Fr\u00e4ser <a href=\"https:\/\/houtdraaiwerken-penkits.nl\/de\/shop\/werkzeuge\/stiftmuehlen-fraeser\/pm006-de\/pm006-3-4-schneidkopf-mit-6-schneiden-fuer-pen-muehlen\/\">PM006<\/a> oder <a href=\"https:\/\/houtdraaiwerken-penkits.nl\/de\/shop\/werkzeuge\/stiftmuehlen-fraeser\/pm002-de\/pm002-3-4-schneidkopf-mit-4-schneidkanten-fuer-pen-mills\/\">PM002<\/a> ben\u00f6tigen. Der Fr\u00e4ser passt auf jede Stiftm\u00fchle.<\/p>\n","protected":false},"excerpt":{"rendered":"<p>Powerstar F\u00fcllfederhalter-Set. Dieses Schreibset enth\u00e4lt einen Tintenkonverter, eine Nachf\u00fclltinte und eine Standardfeder. Aber es passt eine Standard-250-Bock-Feder.<\/p>\n<p>Exklusiv bei HPK erh\u00e4ltlich<\/p>\n","protected":false},"featured_media":69173,"comment_status":"open","ping_status":"closed","template":"","meta":{"_et_pb_use_builder":"","_et_pb_old_content":"","_et_gb_content_width":""},"product_brand":[],"product_cat":[3668,5138,5511,5137],"product_tag":[5512],"class_list":{"0":"post-81028","1":"product","2":"type-product","3":"status-publish","4":"has-post-thumbnail","6":"product_cat-fullfederhalter-und-tintenroller-sets","7":"product_cat-hpk-stift-kits","8":"product_cat-powerstar-fullfederhalter-bausatz","9":"product_cat-stiftbausatze-made-in-taiwan","10":"product_tag-powerstar-fullfederhalter-bausatz","12":"first","13":"instock","14":"taxable","15":"shipping-taxable","16":"purchasable","17":"product-type-variable"},"_links":{"self":[{"href":"https:\/\/houtdraaiwerken-penkits.nl\/de\/wp-json\/wp\/v2\/product\/81028","targetHints":{"allow":["GET"]}}],"collection":[{"href":"https:\/\/houtdraaiwerken-penkits.nl\/de\/wp-json\/wp\/v2\/product"}],"about":[{"href":"https:\/\/houtdraaiwerken-penkits.nl\/de\/wp-json\/wp\/v2\/types\/product"}],"replies":[{"embeddable":true,"href":"https:\/\/houtdraaiwerken-penkits.nl\/de\/wp-json\/wp\/v2\/comments?post=81028"}],"wp:featuredmedia":[{"embeddable":true,"href":"https:\/\/houtdraaiwerken-penkits.nl\/de\/wp-json\/wp\/v2\/media\/69173"}],"wp:attachment":[{"href":"https:\/\/houtdraaiwerken-penkits.nl\/de\/wp-json\/wp\/v2\/media?parent=81028"}],"wp:term":[{"taxonomy":"product_brand","embeddable":true,"href":"https:\/\/houtdraaiwerken-penkits.nl\/de\/wp-json\/wp\/v2\/product_brand?post=81028"},{"taxonomy":"product_cat","embeddable":true,"href":"https:\/\/houtdraaiwerken-penkits.nl\/de\/wp-json\/wp\/v2\/product_cat?post=81028"},{"taxonomy":"product_tag","embeddable":true,"href":"https:\/\/houtdraaiwerken-penkits.nl\/de\/wp-json\/wp\/v2\/product_tag?post=81028"}],"curies":[{"name":"wp","href":"https:\/\/api.w.org\/{rel}","templated":true}]}}