{"id":81144,"date":"2025-04-10T14:26:31","date_gmt":"2025-04-10T12:26:31","guid":{"rendered":"https:\/\/houtdraaiwerken-penkits.nl\/shop\/unkategorisiert\/olst-klick-stift-bausatz\/"},"modified":"2026-04-07T17:44:03","modified_gmt":"2026-04-07T15:44:03","slug":"olst-klick-stift-bausatz","status":"publish","type":"product","link":"https:\/\/houtdraaiwerken-penkits.nl\/de\/shop\/stift-kits\/klick-stift-sets\/olst-klick-stift-sets\/olst-klick-stift-bausatz\/","title":{"rendered":"Olst Klick-Stift-Bausatz"},"content":{"rendered":"<p>Erforderliche zus\u00e4tzliche Materialien:<\/p>\n<p>Distanzring <a href=\"https:\/\/houtdraaiwerken-penkits.nl\/de\/shop\/distanzringsatz\/bu13-de\/bu13-fuer-olst-klickstift-bausatz\/\">BU13<\/a><\/p>\n<p><a href=\"https:\/\/houtdraaiwerken-penkits.nl\/de\/shop\/bohrer\/db3-8-de\/db3-8-bohrer-3-8\/\">DB3\/8<\/a> 3\/8 Bohrer<\/p>\n<p><a href=\"https:\/\/www.houtdraaiwerken-penkits.nl\/shop\/gereedschap-en-boren\/gereedschap\/pm013pen-mills-hss-dia-8-64mm-l9-5cm-for-38-pen-tubes\/\">PM013<\/a> R\u00e4umerschafts. Bitte beachten Sie, dass Sie f\u00fcr eine Stiftm\u00fchle auch einen Fr\u00e4ser <a href=\"https:\/\/houtdraaiwerken-penkits.nl\/de\/shop\/werkzeuge\/stiftmuehlen-fraeser\/pm006-de\/pm006-3-4-schneidkopf-mit-6-schneiden-fuer-pen-muehlen\/\">PM006<\/a> oder <a href=\"https:\/\/houtdraaiwerken-penkits.nl\/de\/shop\/werkzeuge\/stiftmuehlen-fraeser\/pm002-de\/pm002-3-4-schneidkopf-mit-4-schneidkanten-fuer-pen-mills\/\">PM002<\/a> ben\u00f6tigen. Der Fr\u00e4ser passt auf jede Stiftm\u00fchle.<\/p>\n","protected":false},"excerpt":{"rendered":"<p>Erforderliche zus\u00e4tzliche Materialien: Distanzring BU13 DB3\/8 3\/8 Bohrer PM013 R\u00e4umerschafts. Bitte beachten Sie, dass Sie f\u00fcr eine Stiftm\u00fchle auch einen Fr\u00e4ser PM006 oder PM002 ben\u00f6tigen. Der Fr\u00e4ser passt auf jede Stiftm\u00fchle.<\/p>\n","protected":false},"featured_media":74101,"comment_status":"closed","ping_status":"closed","template":"","meta":{"_et_pb_use_builder":"","_et_pb_old_content":"","_et_gb_content_width":""},"product_brand":[],"product_cat":[5138,3037,5570],"product_tag":[],"class_list":{"0":"post-81144","1":"product","2":"type-product","3":"status-publish","4":"has-post-thumbnail","6":"product_cat-hpk-stift-kits","7":"product_cat-klick-stift-sets","8":"product_cat-olst-klick-stift-sets","10":"first","11":"instock","12":"taxable","13":"shipping-taxable","14":"purchasable","15":"product-type-variable"},"_links":{"self":[{"href":"https:\/\/houtdraaiwerken-penkits.nl\/de\/wp-json\/wp\/v2\/product\/81144","targetHints":{"allow":["GET"]}}],"collection":[{"href":"https:\/\/houtdraaiwerken-penkits.nl\/de\/wp-json\/wp\/v2\/product"}],"about":[{"href":"https:\/\/houtdraaiwerken-penkits.nl\/de\/wp-json\/wp\/v2\/types\/product"}],"replies":[{"embeddable":true,"href":"https:\/\/houtdraaiwerken-penkits.nl\/de\/wp-json\/wp\/v2\/comments?post=81144"}],"wp:featuredmedia":[{"embeddable":true,"href":"https:\/\/houtdraaiwerken-penkits.nl\/de\/wp-json\/wp\/v2\/media\/74101"}],"wp:attachment":[{"href":"https:\/\/houtdraaiwerken-penkits.nl\/de\/wp-json\/wp\/v2\/media?parent=81144"}],"wp:term":[{"taxonomy":"product_brand","embeddable":true,"href":"https:\/\/houtdraaiwerken-penkits.nl\/de\/wp-json\/wp\/v2\/product_brand?post=81144"},{"taxonomy":"product_cat","embeddable":true,"href":"https:\/\/houtdraaiwerken-penkits.nl\/de\/wp-json\/wp\/v2\/product_cat?post=81144"},{"taxonomy":"product_tag","embeddable":true,"href":"https:\/\/houtdraaiwerken-penkits.nl\/de\/wp-json\/wp\/v2\/product_tag?post=81144"}],"curies":[{"name":"wp","href":"https:\/\/api.w.org\/{rel}","templated":true}]}}