{"id":81206,"date":"2023-02-24T13:16:32","date_gmt":"2023-02-24T12:16:32","guid":{"rendered":"https:\/\/houtdraaiwerken-penkits.nl\/shop\/unkategorisiert\/federmaeppchen-aus-leder-gruen-xl\/"},"modified":"2023-02-24T13:16:32","modified_gmt":"2023-02-24T12:16:32","slug":"federmaeppchen-aus-leder-gruen-xl","status":"publish","type":"product","link":"https:\/\/houtdraaiwerken-penkits.nl\/de\/shop\/stifteboxen\/federmappchen-aus-leder-grun-xl\/federmaeppchen-aus-leder-gruen-xl\/","title":{"rendered":"Federm\u00e4ppchen aus Leder Gr\u00fcn XL"},"content":{"rendered":"","protected":false},"excerpt":{"rendered":"<p>Federm\u00e4ppchen aus Leder Gr\u00fcn XL. Gr\u00f6\u00dfe . 16,5 x 7 cm  <\/p>\n","protected":false},"featured_media":66555,"comment_status":"open","ping_status":"closed","template":"","meta":{"_et_pb_use_builder":"","_et_pb_old_content":"","_et_gb_content_width":""},"product_brand":[],"product_cat":[5600],"product_tag":[5539,3319,3318],"class_list":{"0":"post-81206","1":"product","2":"type-product","3":"status-publish","4":"has-post-thumbnail","6":"product_cat-federmappchen-aus-leder-grun-xl","7":"product_tag-federmappchen-aus-leder-braun","8":"product_tag-schwarzes-lederpenetui","9":"product_tag-stiftetui","11":"first","12":"instock","13":"taxable","14":"shipping-taxable","15":"purchasable","16":"product-type-simple"},"_links":{"self":[{"href":"https:\/\/houtdraaiwerken-penkits.nl\/de\/wp-json\/wp\/v2\/product\/81206","targetHints":{"allow":["GET"]}}],"collection":[{"href":"https:\/\/houtdraaiwerken-penkits.nl\/de\/wp-json\/wp\/v2\/product"}],"about":[{"href":"https:\/\/houtdraaiwerken-penkits.nl\/de\/wp-json\/wp\/v2\/types\/product"}],"replies":[{"embeddable":true,"href":"https:\/\/houtdraaiwerken-penkits.nl\/de\/wp-json\/wp\/v2\/comments?post=81206"}],"wp:featuredmedia":[{"embeddable":true,"href":"https:\/\/houtdraaiwerken-penkits.nl\/de\/wp-json\/wp\/v2\/media\/66555"}],"wp:attachment":[{"href":"https:\/\/houtdraaiwerken-penkits.nl\/de\/wp-json\/wp\/v2\/media?parent=81206"}],"wp:term":[{"taxonomy":"product_brand","embeddable":true,"href":"https:\/\/houtdraaiwerken-penkits.nl\/de\/wp-json\/wp\/v2\/product_brand?post=81206"},{"taxonomy":"product_cat","embeddable":true,"href":"https:\/\/houtdraaiwerken-penkits.nl\/de\/wp-json\/wp\/v2\/product_cat?post=81206"},{"taxonomy":"product_tag","embeddable":true,"href":"https:\/\/houtdraaiwerken-penkits.nl\/de\/wp-json\/wp\/v2\/product_tag?post=81206"}],"curies":[{"name":"wp","href":"https:\/\/api.w.org\/{rel}","templated":true}]}}