{"id":81259,"date":"2025-01-23T11:55:47","date_gmt":"2025-01-23T10:55:47","guid":{"rendered":"https:\/\/houtdraaiwerken-penkits.nl\/shop\/unkategorisiert\/salz-und-pfeffermuehle-mit-keramikmahlwerk-psi\/"},"modified":"2026-01-01T13:52:20","modified_gmt":"2026-01-01T12:52:20","slug":"salz-und-pfeffermuehle-mit-keramikmahlwerk-psi","status":"publish","type":"product","link":"https:\/\/houtdraaiwerken-penkits.nl\/de\/shop\/andere-bausatze\/kuchenartikel-sets\/salz-und-pfeffermuhle-mit-keramikmahlwerk\/salz-und-pfeffermuehle-mit-keramikmahlwerk-psi\/","title":{"rendered":"Salz- und Pfefferm\u00fchle mit Keramikmahlwerk ( PSI )"},"content":{"rendered":"<p>Zus\u00e4tzlich ben\u00f6tigtes Material:<\/p>\n<p>1&#8243; Forstner Bit, Artikel #FB1<br \/>\n1\u00bd&#8220; Forstner Bit, Artikel #FB150<\/p>\n<p>&nbsp;<\/p>\n","protected":false},"excerpt":{"rendered":"<p>Salz- und Pfefferm\u00fchle mit Keramikmahlwerk<\/p>\n","protected":false},"featured_media":73584,"comment_status":"open","ping_status":"closed","template":"","meta":{"_et_pb_use_builder":"","_et_pb_old_content":"","_et_gb_content_width":""},"product_brand":[],"product_cat":[5630],"product_tag":[5632,5631,2201,2962,4845],"class_list":{"0":"post-81259","1":"product","2":"type-product","3":"status-publish","4":"has-post-thumbnail","6":"product_cat-salz-und-pfeffermuhle-mit-keramikmahlwerk","7":"product_tag-salz-und-pfeffermuhle-mit-keramikmahlwerk","8":"product_tag-smartphone-stander-stylus-kit","9":"product_tag-stift-kits","10":"product_tag-stift-kits-de","11":"product_tag-zahnrad-klickstift-sets","13":"first","14":"instock","15":"taxable","16":"shipping-taxable","17":"purchasable","18":"product-type-variable"},"_links":{"self":[{"href":"https:\/\/houtdraaiwerken-penkits.nl\/de\/wp-json\/wp\/v2\/product\/81259","targetHints":{"allow":["GET"]}}],"collection":[{"href":"https:\/\/houtdraaiwerken-penkits.nl\/de\/wp-json\/wp\/v2\/product"}],"about":[{"href":"https:\/\/houtdraaiwerken-penkits.nl\/de\/wp-json\/wp\/v2\/types\/product"}],"replies":[{"embeddable":true,"href":"https:\/\/houtdraaiwerken-penkits.nl\/de\/wp-json\/wp\/v2\/comments?post=81259"}],"wp:featuredmedia":[{"embeddable":true,"href":"https:\/\/houtdraaiwerken-penkits.nl\/de\/wp-json\/wp\/v2\/media\/73584"}],"wp:attachment":[{"href":"https:\/\/houtdraaiwerken-penkits.nl\/de\/wp-json\/wp\/v2\/media?parent=81259"}],"wp:term":[{"taxonomy":"product_brand","embeddable":true,"href":"https:\/\/houtdraaiwerken-penkits.nl\/de\/wp-json\/wp\/v2\/product_brand?post=81259"},{"taxonomy":"product_cat","embeddable":true,"href":"https:\/\/houtdraaiwerken-penkits.nl\/de\/wp-json\/wp\/v2\/product_cat?post=81259"},{"taxonomy":"product_tag","embeddable":true,"href":"https:\/\/houtdraaiwerken-penkits.nl\/de\/wp-json\/wp\/v2\/product_tag?post=81259"}],"curies":[{"name":"wp","href":"https:\/\/api.w.org\/{rel}","templated":true}]}}