{"id":81671,"date":"2025-01-08T13:17:17","date_gmt":"2025-01-08T12:17:17","guid":{"rendered":"https:\/\/houtdraaiwerken-penkits.nl\/shop\/unkategorisiert\/dragon-fuellfederhalter-rollerball-kits\/"},"modified":"2026-01-09T23:20:48","modified_gmt":"2026-01-09T22:20:48","slug":"dragon-fuellfederhalter-rollerball-kits","status":"publish","type":"product","link":"https:\/\/houtdraaiwerken-penkits.nl\/de\/shop\/stift-kits\/fullfederhalter-und-tintenroller-sets\/dragon-fullfederhalter-rollerball-kits\/dragon-fuellfederhalter-rollerball-kits\/","title":{"rendered":"Dragon F\u00fcllfederhalter &amp; Rollerball-Kits"},"content":{"rendered":"<p>Erforderliche zus\u00e4tzliche Materialien:<\/p>\n<p><a href=\"https:\/\/houtdraaiwerken-penkits.nl\/fr\/shop\/jeu-dentretoises\/bu231-fp-rp-fr\/bu231-fp-rp\/\">BU231 fp\/rp<\/a> Buchsen<\/p>\n<p><a href=\"https:\/\/houtdraaiwerken-penkits.nl\/shop\/boren\/rsdb25-64-boor\/\">RSDB25\/64<\/a> &amp;<a href=\"https:\/\/houtdraaiwerken-penkits.nl\/shop\/boren\/db121\/db121\/\"> DB121<\/a> Bohrer<\/p>\n<p><a href=\"https:\/\/houtdraaiwerken-penkits.nl\/de\/shop\/werkzeuge\/pm015-stiftfraeser-hss-durchmesser9-9mm-laenge9-5cm-fuer-1045mm-stiftrohre\/\">PM015<\/a> &amp; <a href=\"https:\/\/houtdraaiwerken-penkits.nl\/fr\/shop\/outils\/pm107-fraise-a-stylo-hss-dia-10-7mm-l9-5cm-pour-les-tubes-de-stylos-de-115-mm\/\">PM107<\/a> Stiftfr\u00e4se. Bitte beachten Sie, f\u00fcr eine Stiftm\u00fchle ben\u00f6tigen Sie auch einen Fr\u00e4ser <a href=\"https:\/\/houtdraaiwerken-penkits.nl\/shop\/gereedschap\/pen-mills\/pm006\/pm006pen-mills-34-cutter-head-with-6-edges\/\">PM006<\/a> oder <a href=\"https:\/\/houtdraaiwerken-penkits.nl\/shop\/gereedschap\/pen-mills\/pm002\/pm002pen-mills-34-cutter-head-with-4-edges\/\">PM002<\/a> Der Fr\u00e4ser passt f\u00fcr jede Gr\u00f6\u00dfe Stiftm\u00fchle. <\/p>\n","protected":false},"excerpt":{"rendered":"<p>Dragon F\u00fcllfederhalter &amp; Rollerball-Kits<\/p>\n","protected":false},"featured_media":72979,"comment_status":"open","ping_status":"closed","template":"","meta":{"_et_pb_use_builder":"","_et_pb_old_content":"","_et_gb_content_width":""},"product_brand":[],"product_cat":[5779],"product_tag":[5780,5781,2962,2201],"class_list":{"0":"post-81671","1":"product","2":"type-product","3":"status-publish","4":"has-post-thumbnail","6":"product_cat-dragon-fullfederhalter-rollerball-kits","7":"product_tag-drachen-fullfederhalter-bausatz","8":"product_tag-dragon-rollerball-stift-set","9":"product_tag-stift-kits-de","10":"product_tag-stift-kits","12":"first","13":"instock","14":"taxable","15":"shipping-taxable","16":"purchasable","17":"product-type-variable"},"_links":{"self":[{"href":"https:\/\/houtdraaiwerken-penkits.nl\/de\/wp-json\/wp\/v2\/product\/81671","targetHints":{"allow":["GET"]}}],"collection":[{"href":"https:\/\/houtdraaiwerken-penkits.nl\/de\/wp-json\/wp\/v2\/product"}],"about":[{"href":"https:\/\/houtdraaiwerken-penkits.nl\/de\/wp-json\/wp\/v2\/types\/product"}],"replies":[{"embeddable":true,"href":"https:\/\/houtdraaiwerken-penkits.nl\/de\/wp-json\/wp\/v2\/comments?post=81671"}],"wp:featuredmedia":[{"embeddable":true,"href":"https:\/\/houtdraaiwerken-penkits.nl\/de\/wp-json\/wp\/v2\/media\/72979"}],"wp:attachment":[{"href":"https:\/\/houtdraaiwerken-penkits.nl\/de\/wp-json\/wp\/v2\/media?parent=81671"}],"wp:term":[{"taxonomy":"product_brand","embeddable":true,"href":"https:\/\/houtdraaiwerken-penkits.nl\/de\/wp-json\/wp\/v2\/product_brand?post=81671"},{"taxonomy":"product_cat","embeddable":true,"href":"https:\/\/houtdraaiwerken-penkits.nl\/de\/wp-json\/wp\/v2\/product_cat?post=81671"},{"taxonomy":"product_tag","embeddable":true,"href":"https:\/\/houtdraaiwerken-penkits.nl\/de\/wp-json\/wp\/v2\/product_tag?post=81671"}],"curies":[{"name":"wp","href":"https:\/\/api.w.org\/{rel}","templated":true}]}}