{"id":81852,"date":"2024-12-17T11:11:42","date_gmt":"2024-12-17T10:11:42","guid":{"rendered":"https:\/\/houtdraaiwerken-penkits.nl\/shop\/unkategorisiert\/radiergummi-fuer-amaranth-immerwaehrendes-bleistiftset-pcl8724\/"},"modified":"2026-01-27T21:23:00","modified_gmt":"2026-01-27T20:23:00","slug":"radiergummi-fuer-amaranth-immerwaehrendes-bleistiftset-pcl8724","status":"publish","type":"product","link":"https:\/\/houtdraaiwerken-penkits.nl\/de\/shop\/verschiedene-stiftteile\/radiergummi-fur-amaranth-immerwahrendes-bleistiftset-pcl8724\/radiergummi-fuer-amaranth-immerwaehrendes-bleistiftset-pcl8724\/","title":{"rendered":"Radiergummi f\u00fcr Amaranth immerw\u00e4hrendes Bleistiftset PCL8724"},"content":{"rendered":"","protected":false},"excerpt":{"rendered":"<p>Radiergummi f\u00fcr Amaranth immerw\u00e4hrendes Bleistiftset PCL8724. Preis pro 10 St\u00fcck<\/p>\n","protected":false},"featured_media":72737,"comment_status":"closed","ping_status":"closed","template":"","meta":{"_et_pb_use_builder":"","_et_pb_old_content":"","_et_gb_content_width":""},"product_brand":[],"product_cat":[5810],"product_tag":[],"class_list":{"0":"post-81852","1":"product","2":"type-product","3":"status-publish","4":"has-post-thumbnail","6":"product_cat-radiergummi-fur-amaranth-immerwahrendes-bleistiftset-pcl8724","8":"first","9":"instock","10":"taxable","11":"shipping-taxable","12":"purchasable","13":"product-type-simple"},"_links":{"self":[{"href":"https:\/\/houtdraaiwerken-penkits.nl\/de\/wp-json\/wp\/v2\/product\/81852","targetHints":{"allow":["GET"]}}],"collection":[{"href":"https:\/\/houtdraaiwerken-penkits.nl\/de\/wp-json\/wp\/v2\/product"}],"about":[{"href":"https:\/\/houtdraaiwerken-penkits.nl\/de\/wp-json\/wp\/v2\/types\/product"}],"replies":[{"embeddable":true,"href":"https:\/\/houtdraaiwerken-penkits.nl\/de\/wp-json\/wp\/v2\/comments?post=81852"}],"wp:featuredmedia":[{"embeddable":true,"href":"https:\/\/houtdraaiwerken-penkits.nl\/de\/wp-json\/wp\/v2\/media\/72737"}],"wp:attachment":[{"href":"https:\/\/houtdraaiwerken-penkits.nl\/de\/wp-json\/wp\/v2\/media?parent=81852"}],"wp:term":[{"taxonomy":"product_brand","embeddable":true,"href":"https:\/\/houtdraaiwerken-penkits.nl\/de\/wp-json\/wp\/v2\/product_brand?post=81852"},{"taxonomy":"product_cat","embeddable":true,"href":"https:\/\/houtdraaiwerken-penkits.nl\/de\/wp-json\/wp\/v2\/product_cat?post=81852"},{"taxonomy":"product_tag","embeddable":true,"href":"https:\/\/houtdraaiwerken-penkits.nl\/de\/wp-json\/wp\/v2\/product_tag?post=81852"}],"curies":[{"name":"wp","href":"https:\/\/api.w.org\/{rel}","templated":true}]}}