{"id":81926,"date":"2024-10-24T13:27:35","date_gmt":"2024-10-24T11:27:35","guid":{"rendered":"https:\/\/houtdraaiwerken-penkits.nl\/shop\/unkategorisiert\/bt8724-roehrchen-fuer-amaranth-everlasting-stift-sets\/"},"modified":"2025-12-02T04:57:46","modified_gmt":"2025-12-02T03:57:46","slug":"bt8724-roehrchen-fuer-amaranth-everlasting-stift-sets","status":"publish","type":"product","link":"https:\/\/houtdraaiwerken-penkits.nl\/de\/shop\/stiftrohre\/bt8724-rohrchen-fur-amaranth-everlasting-stift-sets\/bt8724-roehrchen-fuer-amaranth-everlasting-stift-sets\/","title":{"rendered":"BT8724 H\u00fclse f\u00fcr Amaranth Everlasting-Stift-Sets"},"content":{"rendered":"","protected":false},"excerpt":{"rendered":"<p>BT8724 H\u00fclse f\u00fcr Amaranth Everlasting Bleistift-Sets. Obere R\u00f6hre: 7,5*7*30mm Untere R\u00f6hre: 6,8*6,3*85mm<\/p>\n","protected":false},"featured_media":72385,"comment_status":"closed","ping_status":"closed","template":"","meta":{"_et_pb_use_builder":"","_et_pb_old_content":"","_et_gb_content_width":""},"product_brand":[],"product_cat":[5844],"product_tag":[],"class_list":{"0":"post-81926","1":"product","2":"type-product","3":"status-publish","4":"has-post-thumbnail","6":"product_cat-bt8724-rohrchen-fur-amaranth-everlasting-stift-sets","8":"first","9":"instock","10":"taxable","11":"shipping-taxable","12":"purchasable","13":"product-type-simple"},"_links":{"self":[{"href":"https:\/\/houtdraaiwerken-penkits.nl\/de\/wp-json\/wp\/v2\/product\/81926","targetHints":{"allow":["GET"]}}],"collection":[{"href":"https:\/\/houtdraaiwerken-penkits.nl\/de\/wp-json\/wp\/v2\/product"}],"about":[{"href":"https:\/\/houtdraaiwerken-penkits.nl\/de\/wp-json\/wp\/v2\/types\/product"}],"replies":[{"embeddable":true,"href":"https:\/\/houtdraaiwerken-penkits.nl\/de\/wp-json\/wp\/v2\/comments?post=81926"}],"wp:featuredmedia":[{"embeddable":true,"href":"https:\/\/houtdraaiwerken-penkits.nl\/de\/wp-json\/wp\/v2\/media\/72385"}],"wp:attachment":[{"href":"https:\/\/houtdraaiwerken-penkits.nl\/de\/wp-json\/wp\/v2\/media?parent=81926"}],"wp:term":[{"taxonomy":"product_brand","embeddable":true,"href":"https:\/\/houtdraaiwerken-penkits.nl\/de\/wp-json\/wp\/v2\/product_brand?post=81926"},{"taxonomy":"product_cat","embeddable":true,"href":"https:\/\/houtdraaiwerken-penkits.nl\/de\/wp-json\/wp\/v2\/product_cat?post=81926"},{"taxonomy":"product_tag","embeddable":true,"href":"https:\/\/houtdraaiwerken-penkits.nl\/de\/wp-json\/wp\/v2\/product_tag?post=81926"}],"curies":[{"name":"wp","href":"https:\/\/api.w.org\/{rel}","templated":true}]}}