{"id":81930,"date":"2024-10-17T15:09:36","date_gmt":"2024-10-17T13:09:36","guid":{"rendered":"https:\/\/houtdraaiwerken-penkits.nl\/shop\/unkategorisiert\/2-wahl-stiftebox-aus-holz-fuer-2-oder-3-schlanke-stifte-16-x-7-x-28-cm\/"},"modified":"2024-10-17T15:09:36","modified_gmt":"2024-10-17T13:09:36","slug":"2-wahl-stiftebox-aus-holz-fuer-2-oder-3-schlanke-stifte-16-x-7-x-28-cm","status":"publish","type":"product","link":"https:\/\/houtdraaiwerken-penkits.nl\/de\/shop\/angebote\/2-wahl-stiftebox-aus-holz-fur-2-oder-3-schlanke-stifte-16-x-7-x-28-cm\/2-wahl-stiftebox-aus-holz-fuer-2-oder-3-schlanke-stifte-16-x-7-x-28-cm\/","title":{"rendered":"2. Wahl Stiftebox aus Holz f\u00fcr 2 oder 3 schlanke Stifte. 16 x 7 x 2,8 cm"},"content":{"rendered":"<p>&nbsp;<\/p>\n<p>&nbsp;<\/p>\n","protected":false},"excerpt":{"rendered":"<p>2. Wahl Stiftebox aus Holz f\u00fcr 2 oder 3 schlanke Stifte. Gr\u00f6\u00dfe 16 x 7 x 2,8 cm. <\/p>\n<p>Bitte beachten!!! Diese Boxen haben leichte Besch\u00e4digungen. Sie k\u00f6nnen leicht stumpf oder wei\u00df lackiert sein (kann abgeb\u00fcrstet werden) und die Scharniere k\u00f6nnen leicht oxidiert sein (siehe Foto der Scharniere). Es gibt auch ein paar, die leicht verzogen sind, so dass sie nicht ganz richtig zu schlie\u00dfen.  <\/p>\n<p><strong>Ich gebe keine Garantie auf diese Boxen.  <\/strong><\/p>\n","protected":false},"featured_media":72363,"comment_status":"open","ping_status":"closed","template":"","meta":{"_et_pb_use_builder":"","_et_pb_old_content":"","_et_gb_content_width":""},"product_brand":[],"product_cat":[5846,4706,5097],"product_tag":[3767,2202,2201],"class_list":{"0":"post-81930","1":"product","2":"type-product","3":"status-publish","4":"has-post-thumbnail","6":"product_cat-2-wahl-stiftebox-aus-holz-fur-2-oder-3-schlanke-stifte-16-x-7-x-28-cm","7":"product_cat-angebote","8":"product_cat-stifteboxen","9":"product_tag-einzelne-holzschachtel","10":"product_tag-projekt-kits","11":"product_tag-stift-kits","13":"first","14":"instock","15":"taxable","16":"shipping-taxable","17":"purchasable","18":"product-type-variable"},"_links":{"self":[{"href":"https:\/\/houtdraaiwerken-penkits.nl\/de\/wp-json\/wp\/v2\/product\/81930","targetHints":{"allow":["GET"]}}],"collection":[{"href":"https:\/\/houtdraaiwerken-penkits.nl\/de\/wp-json\/wp\/v2\/product"}],"about":[{"href":"https:\/\/houtdraaiwerken-penkits.nl\/de\/wp-json\/wp\/v2\/types\/product"}],"replies":[{"embeddable":true,"href":"https:\/\/houtdraaiwerken-penkits.nl\/de\/wp-json\/wp\/v2\/comments?post=81930"}],"wp:featuredmedia":[{"embeddable":true,"href":"https:\/\/houtdraaiwerken-penkits.nl\/de\/wp-json\/wp\/v2\/media\/72363"}],"wp:attachment":[{"href":"https:\/\/houtdraaiwerken-penkits.nl\/de\/wp-json\/wp\/v2\/media?parent=81930"}],"wp:term":[{"taxonomy":"product_brand","embeddable":true,"href":"https:\/\/houtdraaiwerken-penkits.nl\/de\/wp-json\/wp\/v2\/product_brand?post=81930"},{"taxonomy":"product_cat","embeddable":true,"href":"https:\/\/houtdraaiwerken-penkits.nl\/de\/wp-json\/wp\/v2\/product_cat?post=81930"},{"taxonomy":"product_tag","embeddable":true,"href":"https:\/\/houtdraaiwerken-penkits.nl\/de\/wp-json\/wp\/v2\/product_tag?post=81930"}],"curies":[{"name":"wp","href":"https:\/\/api.w.org\/{rel}","templated":true}]}}