{"id":81934,"date":"2024-10-15T14:28:30","date_gmt":"2024-10-15T12:28:30","guid":{"rendered":"https:\/\/houtdraaiwerken-penkits.nl\/shop\/unkategorisiert\/nachfuellpackung-fuer-tiefbohrstiftsatz\/"},"modified":"2025-08-18T13:24:15","modified_gmt":"2025-08-18T11:24:15","slug":"nachfuellpackung-fuer-tiefbohrstiftsatz","status":"publish","type":"product","link":"https:\/\/houtdraaiwerken-penkits.nl\/de\/shop\/nachfullungen-tinte-federn\/nachfullpackung-fur-tiefbohrstiftsatz\/nachfuellpackung-fuer-tiefbohrstiftsatz\/","title":{"rendered":"Nachf\u00fcllpackung f\u00fcr Tiefbohrstiftsatz"},"content":{"rendered":"","protected":false},"excerpt":{"rendered":"<p>Nachf\u00fcllpackung f\u00fcr Deep Hole Pencil Kit. 2,8 mm x 120 mm <\/p>\n<p>Preis pro Schachtel mit 6 Minen<\/p>\n","protected":false},"featured_media":72275,"comment_status":"open","ping_status":"closed","template":"","meta":{"_et_pb_use_builder":"","_et_pb_old_content":"","_et_gb_content_width":""},"product_brand":[],"product_cat":[5848,2116,2112],"product_tag":[3709],"class_list":{"0":"post-81934","1":"product","2":"type-product","3":"status-publish","4":"has-post-thumbnail","6":"product_cat-nachfullpackung-fur-tiefbohrstiftsatz","7":"product_cat-nachfullungen-tinte-federn","8":"product_cat-stiftteile","9":"product_tag-pcl73lead-fuller-zimmermannsbleistift","11":"first","12":"instock","13":"taxable","14":"shipping-taxable","15":"purchasable","16":"product-type-simple"},"_links":{"self":[{"href":"https:\/\/houtdraaiwerken-penkits.nl\/de\/wp-json\/wp\/v2\/product\/81934","targetHints":{"allow":["GET"]}}],"collection":[{"href":"https:\/\/houtdraaiwerken-penkits.nl\/de\/wp-json\/wp\/v2\/product"}],"about":[{"href":"https:\/\/houtdraaiwerken-penkits.nl\/de\/wp-json\/wp\/v2\/types\/product"}],"replies":[{"embeddable":true,"href":"https:\/\/houtdraaiwerken-penkits.nl\/de\/wp-json\/wp\/v2\/comments?post=81934"}],"wp:featuredmedia":[{"embeddable":true,"href":"https:\/\/houtdraaiwerken-penkits.nl\/de\/wp-json\/wp\/v2\/media\/72275"}],"wp:attachment":[{"href":"https:\/\/houtdraaiwerken-penkits.nl\/de\/wp-json\/wp\/v2\/media?parent=81934"}],"wp:term":[{"taxonomy":"product_brand","embeddable":true,"href":"https:\/\/houtdraaiwerken-penkits.nl\/de\/wp-json\/wp\/v2\/product_brand?post=81934"},{"taxonomy":"product_cat","embeddable":true,"href":"https:\/\/houtdraaiwerken-penkits.nl\/de\/wp-json\/wp\/v2\/product_cat?post=81934"},{"taxonomy":"product_tag","embeddable":true,"href":"https:\/\/houtdraaiwerken-penkits.nl\/de\/wp-json\/wp\/v2\/product_tag?post=81934"}],"curies":[{"name":"wp","href":"https:\/\/api.w.org\/{rel}","templated":true}]}}