{"id":81981,"date":"2024-06-06T11:13:30","date_gmt":"2024-06-06T09:13:30","guid":{"rendered":"https:\/\/houtdraaiwerken-penkits.nl\/shop\/unkategorisiert\/bt3008-roehrchen-fuer-stacia-twist-stift-set\/"},"modified":"2024-06-06T11:13:30","modified_gmt":"2024-06-06T09:13:30","slug":"bt3008-roehrchen-fuer-stacia-twist-stift-set","status":"publish","type":"product","link":"https:\/\/houtdraaiwerken-penkits.nl\/de\/shop\/stiftrohre\/bt3008-rohrchen-fur-stacia-twist-stift-set\/bt3008-roehrchen-fuer-stacia-twist-stift-set\/","title":{"rendered":"BT3008 R\u00f6hrchen f\u00fcr Stacia Twist-Stift-Set"},"content":{"rendered":"","protected":false},"excerpt":{"rendered":"<p>BT3008 R\u00f6hrchen f\u00fcr Stacia Twist Stift-Kit. Preis pro St\u00fcck<\/p>\n<p>&nbsp;<\/p>\n","protected":false},"featured_media":63838,"comment_status":"open","ping_status":"closed","template":"","meta":{"_et_pb_use_builder":"","_et_pb_old_content":"","_et_gb_content_width":""},"product_brand":[],"product_cat":[5874],"product_tag":[3298],"class_list":{"0":"post-81981","1":"product","2":"type-product","3":"status-publish","4":"has-post-thumbnail","6":"product_cat-bt3008-rohrchen-fur-stacia-twist-stift-set","7":"product_tag-stiftrohr","9":"first","10":"instock","11":"taxable","12":"shipping-taxable","13":"purchasable","14":"product-type-simple"},"_links":{"self":[{"href":"https:\/\/houtdraaiwerken-penkits.nl\/de\/wp-json\/wp\/v2\/product\/81981","targetHints":{"allow":["GET"]}}],"collection":[{"href":"https:\/\/houtdraaiwerken-penkits.nl\/de\/wp-json\/wp\/v2\/product"}],"about":[{"href":"https:\/\/houtdraaiwerken-penkits.nl\/de\/wp-json\/wp\/v2\/types\/product"}],"replies":[{"embeddable":true,"href":"https:\/\/houtdraaiwerken-penkits.nl\/de\/wp-json\/wp\/v2\/comments?post=81981"}],"wp:featuredmedia":[{"embeddable":true,"href":"https:\/\/houtdraaiwerken-penkits.nl\/de\/wp-json\/wp\/v2\/media\/63838"}],"wp:attachment":[{"href":"https:\/\/houtdraaiwerken-penkits.nl\/de\/wp-json\/wp\/v2\/media?parent=81981"}],"wp:term":[{"taxonomy":"product_brand","embeddable":true,"href":"https:\/\/houtdraaiwerken-penkits.nl\/de\/wp-json\/wp\/v2\/product_brand?post=81981"},{"taxonomy":"product_cat","embeddable":true,"href":"https:\/\/houtdraaiwerken-penkits.nl\/de\/wp-json\/wp\/v2\/product_cat?post=81981"},{"taxonomy":"product_tag","embeddable":true,"href":"https:\/\/houtdraaiwerken-penkits.nl\/de\/wp-json\/wp\/v2\/product_tag?post=81981"}],"curies":[{"name":"wp","href":"https:\/\/api.w.org\/{rel}","templated":true}]}}