{"id":82026,"date":"2024-09-06T10:18:40","date_gmt":"2024-09-06T08:18:40","guid":{"rendered":"https:\/\/houtdraaiwerken-penkits.nl\/shop\/unkategorisiert\/myron-twist-stift-bausatz\/"},"modified":"2025-11-30T20:35:31","modified_gmt":"2025-11-30T19:35:31","slug":"myron-twist-stift-bausatz","status":"publish","type":"product","link":"https:\/\/houtdraaiwerken-penkits.nl\/de\/shop\/stift-kits\/hpk-stift-kits\/zeta-twist-stift-bausatz\/myron-twist-stift-bausatz\/","title":{"rendered":"Myron Kugelschreiber-Sets"},"content":{"rendered":"<p>Erforderliche zus\u00e4tzliche Materialien:<\/p>\n<p><a href=\"https:\/\/houtdraaiwerken-penkits.nl\/de\/shop\/distanzringsatz\/bu3007-de\/bu3007\/\">BU3007<\/a> Distanzring<\/p>\n<p><a href=\"https:\/\/houtdraaiwerken-penkits.nl\/de\/shop\/bohrer\/db007-de\/db007-bohrer-7-mm\/\">DB007<\/a> Bohrer<\/p>\n<p><a href=\"https:\/\/houtdraaiwerken-penkits.nl\/de\/shop\/werkzeuge\/stiftmuehlen-fraeser\/pm011-stiftmuehlen-hss-durchmesser618mm-laenge95cm-fuer-7mm-stiftrohr\/\">PM011<\/a> R\u00e4umerschafts. Bitte beachten Sie, dass Sie f\u00fcr eine Stiftm\u00fchle auch einen Fr\u00e4ser PM006\u00a0oder\u00a0PM002\u00a0ben\u00f6tigen. Der Fr\u00e4ser passt auf jede Stiftm\u00fchle.<\/p>\n","protected":false},"excerpt":{"rendered":"<p>Myron Kugelschreiber-Sets<\/p>\n<p>Das Schreibger\u00e4teset wird mit einer Kreuzmine geliefert.<\/p>\n<p>Made in Taiwan<\/p>\n","protected":false},"featured_media":72176,"comment_status":"open","ping_status":"closed","template":"","meta":{"_et_pb_use_builder":"","_et_pb_old_content":"","_et_gb_content_width":""},"product_brand":[],"product_cat":[5138,3352,5137,5391],"product_tag":[5393,2201,5392,5394],"class_list":{"0":"post-82026","1":"product","2":"type-product","3":"status-publish","4":"has-post-thumbnail","6":"product_cat-hpk-stift-kits","7":"product_cat-kugelschreiber-kits","8":"product_cat-stiftbausatze-made-in-taiwan","9":"product_cat-zeta-twist-stift-bausatz","10":"product_tag-serra-carbon-kugelschreiber-bausatz","11":"product_tag-stift-kits","12":"product_tag-tyrin-rollerball-kugelschreiber-sets","13":"product_tag-zeta-twist-stift-bausatz","15":"first","16":"instock","17":"taxable","18":"shipping-taxable","19":"purchasable","20":"product-type-variable"},"_links":{"self":[{"href":"https:\/\/houtdraaiwerken-penkits.nl\/de\/wp-json\/wp\/v2\/product\/82026","targetHints":{"allow":["GET"]}}],"collection":[{"href":"https:\/\/houtdraaiwerken-penkits.nl\/de\/wp-json\/wp\/v2\/product"}],"about":[{"href":"https:\/\/houtdraaiwerken-penkits.nl\/de\/wp-json\/wp\/v2\/types\/product"}],"replies":[{"embeddable":true,"href":"https:\/\/houtdraaiwerken-penkits.nl\/de\/wp-json\/wp\/v2\/comments?post=82026"}],"wp:featuredmedia":[{"embeddable":true,"href":"https:\/\/houtdraaiwerken-penkits.nl\/de\/wp-json\/wp\/v2\/media\/72176"}],"wp:attachment":[{"href":"https:\/\/houtdraaiwerken-penkits.nl\/de\/wp-json\/wp\/v2\/media?parent=82026"}],"wp:term":[{"taxonomy":"product_brand","embeddable":true,"href":"https:\/\/houtdraaiwerken-penkits.nl\/de\/wp-json\/wp\/v2\/product_brand?post=82026"},{"taxonomy":"product_cat","embeddable":true,"href":"https:\/\/houtdraaiwerken-penkits.nl\/de\/wp-json\/wp\/v2\/product_cat?post=82026"},{"taxonomy":"product_tag","embeddable":true,"href":"https:\/\/houtdraaiwerken-penkits.nl\/de\/wp-json\/wp\/v2\/product_tag?post=82026"}],"curies":[{"name":"wp","href":"https:\/\/api.w.org\/{rel}","templated":true}]}}