{"id":82168,"date":"2024-08-22T10:10:28","date_gmt":"2024-08-22T08:10:28","guid":{"rendered":"https:\/\/houtdraaiwerken-penkits.nl\/shop\/unkategorisiert\/farbige-kunststoff-pvc-karte\/"},"modified":"2026-01-16T15:59:11","modified_gmt":"2026-01-16T14:59:11","slug":"farbige-kunststoff-pvc-karte","status":"publish","type":"product","link":"https:\/\/houtdraaiwerken-penkits.nl\/de\/shop\/verschiedene-teile\/farbige-pvc-karte-aus-kunststoff\/farbige-kunststoff-pvc-karte\/","title":{"rendered":"Farbige Kunststoff-Pvc-Karte"},"content":{"rendered":"","protected":false},"excerpt":{"rendered":"<p>Farbige PVC-Plastikkarte f\u00fcr die Einlage von Kugelschreiberrohlingen. Diese Karte kann zur Herstellung von segmentierten Stiftrohlingen verwendet werden <\/p>\n<p>Gr\u00f6\u00dfe: 85,5 mm*54 mm*0,84 mm. Preis pro St\u00fcck<\/p>\n<p>&nbsp;<\/p>\n","protected":false},"featured_media":71780,"comment_status":"closed","ping_status":"closed","template":"","meta":{"_et_pb_use_builder":"","_et_pb_old_content":"","_et_gb_content_width":""},"product_brand":[],"product_cat":[5936,5034],"product_tag":[5938],"class_list":{"0":"post-82168","1":"product","2":"type-product","3":"status-publish","4":"has-post-thumbnail","6":"product_cat-farbige-pvc-karte-aus-kunststoff","7":"product_cat-verschiedene-teile","8":"product_tag-farbige-pvc-karte-aus-kunststoff","10":"first","11":"instock","12":"taxable","13":"shipping-taxable","14":"purchasable","15":"product-type-variable"},"_links":{"self":[{"href":"https:\/\/houtdraaiwerken-penkits.nl\/de\/wp-json\/wp\/v2\/product\/82168","targetHints":{"allow":["GET"]}}],"collection":[{"href":"https:\/\/houtdraaiwerken-penkits.nl\/de\/wp-json\/wp\/v2\/product"}],"about":[{"href":"https:\/\/houtdraaiwerken-penkits.nl\/de\/wp-json\/wp\/v2\/types\/product"}],"replies":[{"embeddable":true,"href":"https:\/\/houtdraaiwerken-penkits.nl\/de\/wp-json\/wp\/v2\/comments?post=82168"}],"wp:featuredmedia":[{"embeddable":true,"href":"https:\/\/houtdraaiwerken-penkits.nl\/de\/wp-json\/wp\/v2\/media\/71780"}],"wp:attachment":[{"href":"https:\/\/houtdraaiwerken-penkits.nl\/de\/wp-json\/wp\/v2\/media?parent=82168"}],"wp:term":[{"taxonomy":"product_brand","embeddable":true,"href":"https:\/\/houtdraaiwerken-penkits.nl\/de\/wp-json\/wp\/v2\/product_brand?post=82168"},{"taxonomy":"product_cat","embeddable":true,"href":"https:\/\/houtdraaiwerken-penkits.nl\/de\/wp-json\/wp\/v2\/product_cat?post=82168"},{"taxonomy":"product_tag","embeddable":true,"href":"https:\/\/houtdraaiwerken-penkits.nl\/de\/wp-json\/wp\/v2\/product_tag?post=82168"}],"curies":[{"name":"wp","href":"https:\/\/api.w.org\/{rel}","templated":true}]}}