{"id":83120,"date":"2016-05-11T22:14:44","date_gmt":"2016-05-11T20:14:44","guid":{"rendered":"https:\/\/houtdraaiwerken-penkits.nl\/shop\/unkategorisiert\/pm011-stiftmuehlen-hss-durchmesser618mm-laenge95cm-fuer-7mm-stiftrohr\/"},"modified":"2025-05-30T15:59:04","modified_gmt":"2025-05-30T13:59:04","slug":"pm011-stiftmuehlen-hss-durchmesser618mm-laenge95cm-fuer-7mm-stiftrohr","status":"publish","type":"product","link":"https:\/\/houtdraaiwerken-penkits.nl\/de\/shop\/werkzeuge\/stiftmuehlen-fraeser\/pm011-stiftmuehlen-hss-durchmesser618mm-laenge95cm-fuer-7mm-stiftrohr\/","title":{"rendered":"PM011 R\u00e4umerschafts HSS, Durchmesser:6,18mm, L\u00e4nge:9,5cm. f\u00fcr 7mm H\u00fclse"},"content":{"rendered":"","protected":false},"excerpt":{"rendered":"<p>R\u00e4umerschafts HSS, \u00d8:6,18mm, L:9,5cm. f\u00fcr 7mm Stifth\u00fclsen. Zum Richten des Holzendes im Verh\u00e4ltnis zur H\u00fclse.<\/p>\n","protected":false},"featured_media":41082,"comment_status":"open","ping_status":"closed","template":"","meta":{"_et_pb_use_builder":"","_et_pb_old_content":"","_et_gb_content_width":""},"product_brand":[],"product_cat":[6058,8429,2290],"product_tag":[6059,6060,2525],"class_list":{"0":"post-83120","1":"product","2":"type-product","3":"status-publish","4":"has-post-thumbnail","6":"product_cat-pm011-de","7":"product_cat-stiftmuehlen-fraeser","8":"product_cat-werkzeuge","9":"product_tag-durchmesser618-mm","10":"product_tag-l95cm-fur-7mm-stiftrohr","11":"product_tag-stiftfraser-hss","13":"first","14":"instock","15":"taxable","16":"shipping-taxable","17":"purchasable","18":"product-type-simple"},"_links":{"self":[{"href":"https:\/\/houtdraaiwerken-penkits.nl\/de\/wp-json\/wp\/v2\/product\/83120","targetHints":{"allow":["GET"]}}],"collection":[{"href":"https:\/\/houtdraaiwerken-penkits.nl\/de\/wp-json\/wp\/v2\/product"}],"about":[{"href":"https:\/\/houtdraaiwerken-penkits.nl\/de\/wp-json\/wp\/v2\/types\/product"}],"replies":[{"embeddable":true,"href":"https:\/\/houtdraaiwerken-penkits.nl\/de\/wp-json\/wp\/v2\/comments?post=83120"}],"wp:featuredmedia":[{"embeddable":true,"href":"https:\/\/houtdraaiwerken-penkits.nl\/de\/wp-json\/wp\/v2\/media\/41082"}],"wp:attachment":[{"href":"https:\/\/houtdraaiwerken-penkits.nl\/de\/wp-json\/wp\/v2\/media?parent=83120"}],"wp:term":[{"taxonomy":"product_brand","embeddable":true,"href":"https:\/\/houtdraaiwerken-penkits.nl\/de\/wp-json\/wp\/v2\/product_brand?post=83120"},{"taxonomy":"product_cat","embeddable":true,"href":"https:\/\/houtdraaiwerken-penkits.nl\/de\/wp-json\/wp\/v2\/product_cat?post=83120"},{"taxonomy":"product_tag","embeddable":true,"href":"https:\/\/houtdraaiwerken-penkits.nl\/de\/wp-json\/wp\/v2\/product_tag?post=83120"}],"curies":[{"name":"wp","href":"https:\/\/api.w.org\/{rel}","templated":true}]}}