{"id":83145,"date":"2017-09-23T17:47:38","date_gmt":"2017-09-23T15:47:38","guid":{"rendered":"https:\/\/houtdraaiwerken-penkits.nl\/shop\/unkategorisiert\/pm004-25mm-schneidkopf-mit-4-schneiden-fuer-stiftfraeser\/"},"modified":"2026-03-02T21:09:53","modified_gmt":"2026-03-02T20:09:53","slug":"pm004-25mm-schneidkopf-mit-4-schneiden-fuer-stiftfraeser","status":"publish","type":"product","link":"https:\/\/houtdraaiwerken-penkits.nl\/de\/shop\/werkzeuge\/stiftmuehlen-fraeser\/pm004-de\/pm004-25mm-schneidkopf-mit-4-schneiden-fuer-stiftfraeser\/","title":{"rendered":"PM004 25mm Schneidkopf mit 4 Schneiden f\u00fcr Stiftfr\u00e4ser"},"content":{"rendered":"","protected":false},"excerpt":{"rendered":"<p>25mm Schneidkopf mit 4 Schneiden f\u00fcr Pen Mills<\/p>\n<p>Extra gro\u00dfer Schneidkopf.<\/p>\n","protected":false},"featured_media":41058,"comment_status":"open","ping_status":"closed","template":"","meta":{"_et_pb_use_builder":"","_et_pb_old_content":"","_et_gb_content_width":""},"product_brand":[],"product_cat":[6093,2290],"product_tag":[6081],"class_list":{"0":"post-83145","1":"product","2":"type-product","3":"status-publish","4":"has-post-thumbnail","6":"product_cat-pm004-de","7":"product_cat-werkzeuge","8":"product_tag-stiftfrasen-3-4-messerkopf-mit-4-schneiden","10":"first","11":"instock","12":"taxable","13":"shipping-taxable","14":"purchasable","15":"product-type-simple"},"_links":{"self":[{"href":"https:\/\/houtdraaiwerken-penkits.nl\/de\/wp-json\/wp\/v2\/product\/83145","targetHints":{"allow":["GET"]}}],"collection":[{"href":"https:\/\/houtdraaiwerken-penkits.nl\/de\/wp-json\/wp\/v2\/product"}],"about":[{"href":"https:\/\/houtdraaiwerken-penkits.nl\/de\/wp-json\/wp\/v2\/types\/product"}],"replies":[{"embeddable":true,"href":"https:\/\/houtdraaiwerken-penkits.nl\/de\/wp-json\/wp\/v2\/comments?post=83145"}],"wp:featuredmedia":[{"embeddable":true,"href":"https:\/\/houtdraaiwerken-penkits.nl\/de\/wp-json\/wp\/v2\/media\/41058"}],"wp:attachment":[{"href":"https:\/\/houtdraaiwerken-penkits.nl\/de\/wp-json\/wp\/v2\/media?parent=83145"}],"wp:term":[{"taxonomy":"product_brand","embeddable":true,"href":"https:\/\/houtdraaiwerken-penkits.nl\/de\/wp-json\/wp\/v2\/product_brand?post=83145"},{"taxonomy":"product_cat","embeddable":true,"href":"https:\/\/houtdraaiwerken-penkits.nl\/de\/wp-json\/wp\/v2\/product_cat?post=83145"},{"taxonomy":"product_tag","embeddable":true,"href":"https:\/\/houtdraaiwerken-penkits.nl\/de\/wp-json\/wp\/v2\/product_tag?post=83145"}],"curies":[{"name":"wp","href":"https:\/\/api.w.org\/{rel}","templated":true}]}}