{"id":83160,"date":"2017-10-19T20:16:05","date_gmt":"2017-10-19T18:16:05","guid":{"rendered":"https:\/\/houtdraaiwerken-penkits.nl\/shop\/unkategorisiert\/aussie-oel-250ml\/"},"modified":"2026-03-23T16:04:58","modified_gmt":"2026-03-23T15:04:58","slug":"aussie-oel-250ml","status":"publish","type":"product","link":"https:\/\/houtdraaiwerken-penkits.nl\/de\/shop\/schleifpapier-leim-und-finishing\/aussie-ol-250ml\/aussie-oel-250ml\/","title":{"rendered":"Aussie \u00d6l 250ml"},"content":{"rendered":"<p>[Dieses Produkt ist zum Einreiben auf nacktem Holz bestimmt und ergibt ein Finish mit hartem, hellem, hohem Glanz. Es verleiht den meisten H\u00f6lzern eine gro\u00dfe Tiefe und Farbe, die lebendig und glitzernd wird. Vor allem, wenn es auf feinem, hochwertigem Holz verwendet wird. Und als ob das noch nicht genug w\u00e4re, ist das Ganze in wenigen Minuten erledigt.   <\/p>\n<p>Aussie Oil ist ideal f\u00fcr die meisten kleinen Gegenst\u00e4nde, wie Anh\u00e4nger, Broschen, Ohrringe, Stifte, Lupengriffe, Schl\u00fcsselanh\u00e4nger, Brief\u00f6ffner, eigentlich fast alles, was aus Holz ist. Sie k\u00f6nnen es zum Polieren bequem in der Hand halten. <\/p>\n<p>ANLEITUNG<br \/>\nZur Verwendung als Reibepolitur auf der Drehbank.<\/p>\n<p>Schleifen Sie das Holz durch die Maserung hindurch mit mindestens 800er K\u00f6rnung, f\u00fcr einen brillanteren Glanz auch h\u00f6her.<\/p>\n<p>Nehmen Sie ein sauberes, weiches Tuch. Flanell ist ideal, weil das Material keine Maserung hat, die die Oberfl\u00e4che des Lacks besch\u00e4digen oder zerkratzen k\u00f6nnte. <\/p>\n<p>Machen Sie aus dem Stoff ein kleines Kissen oder falten Sie ihn so, dass Sie 4 bis 6 Lagen wie einen dicken Wattebausch haben. Das geht ganz einfach, indem du den Stoff in 100-150 mm gro\u00dfe Quadrate schneidest, sie in der Mitte faltest und dann der L\u00e4nge nach in 3 gleiche Teile faltest. Auf diese Weise erhalten Sie ein sch\u00f6nes, 6-lagiges St\u00fcck Material, an dem Sie sich nicht die Finger verbrennen, wenn Sie das \u00d6l mit hoher Geschwindigkeit auftragen.  <\/p>\n<p>Sch\u00fctteln Sie die Mischung kr\u00e4ftig, bis sie eine cremige Farbe annimmt, und geben Sie dann eine kleine Menge auf das Tuch, wobei Sie darauf achten sollten, dass die Menge gerade so gro\u00df ist, dass die gesamte Oberfl\u00e4che des zu polierenden Teils bedeckt ist. F\u00fcr die Au\u00dfenseite einer kleinen Schale mit einem Durchmesser von 150 mm sollten Sie so viel verwenden, dass sie etwa die H\u00e4lfte Ihres kleinen Fingernagels bedeckt. Tragen Sie diese Menge bei angehaltener Drehbank gleichm\u00e4\u00dfig auf das zu polierende Teil auf. Schalten Sie die Drehbank ein und verwenden Sie dasselbe Tuch, \u00fcben Sie leichten Druck auf das Werkst\u00fcck aus und bewegen Sie den \u00f6lgetr\u00e4nkten Teil des Tuchs langsam \u00fcber die gesamte Oberfl\u00e4che von oben nach unten und wieder zur\u00fcck. Machen Sie das so lange, bis der Lappen auf der Oberfl\u00e4che ausgetrocknet und glasig und hart geworden ist. Dies sollte nicht l\u00e4nger als etwa 30 bis 40 Sekunden dauern.     <\/p>\n<p>Wenn Sie einen helleren Glanz w\u00fcnschen, k\u00f6nnen Sie den zweiten und die folgenden Anstriche fast sofort auftragen, indem Sie die gleichen Schritte wie oben ausf\u00fchren. Schleifen Sie nicht zwischen den Anstrichen. Tragen Sie das \u00d6l direkt auf die vorherige Schicht auf. In den meisten F\u00e4llen sind 2 - 3 Anstriche mehr als genug, um ein gl\u00e4nzendes Finish zu erzielen.   <\/p>\n<p>&nbsp;<\/p>\n<p>&nbsp;<\/p>\n","protected":false},"excerpt":{"rendered":"<p>Aussie \u00d6l 250ml<\/p>\n","protected":false},"featured_media":46904,"comment_status":"open","ping_status":"closed","template":"","meta":{"_et_pb_use_builder":"","_et_pb_old_content":"","_et_gb_content_width":""},"product_brand":[],"product_cat":[6109],"product_tag":[6110],"class_list":{"0":"post-83160","1":"product","2":"type-product","3":"status-publish","4":"has-post-thumbnail","6":"product_cat-aussie-ol-250ml","7":"product_tag-aussie-ol-250ml","9":"first","10":"outofstock","11":"taxable","12":"shipping-taxable","13":"purchasable","14":"product-type-simple"},"_links":{"self":[{"href":"https:\/\/houtdraaiwerken-penkits.nl\/de\/wp-json\/wp\/v2\/product\/83160","targetHints":{"allow":["GET"]}}],"collection":[{"href":"https:\/\/houtdraaiwerken-penkits.nl\/de\/wp-json\/wp\/v2\/product"}],"about":[{"href":"https:\/\/houtdraaiwerken-penkits.nl\/de\/wp-json\/wp\/v2\/types\/product"}],"replies":[{"embeddable":true,"href":"https:\/\/houtdraaiwerken-penkits.nl\/de\/wp-json\/wp\/v2\/comments?post=83160"}],"wp:featuredmedia":[{"embeddable":true,"href":"https:\/\/houtdraaiwerken-penkits.nl\/de\/wp-json\/wp\/v2\/media\/46904"}],"wp:attachment":[{"href":"https:\/\/houtdraaiwerken-penkits.nl\/de\/wp-json\/wp\/v2\/media?parent=83160"}],"wp:term":[{"taxonomy":"product_brand","embeddable":true,"href":"https:\/\/houtdraaiwerken-penkits.nl\/de\/wp-json\/wp\/v2\/product_brand?post=83160"},{"taxonomy":"product_cat","embeddable":true,"href":"https:\/\/houtdraaiwerken-penkits.nl\/de\/wp-json\/wp\/v2\/product_cat?post=83160"},{"taxonomy":"product_tag","embeddable":true,"href":"https:\/\/houtdraaiwerken-penkits.nl\/de\/wp-json\/wp\/v2\/product_tag?post=83160"}],"curies":[{"name":"wp","href":"https:\/\/api.w.org\/{rel}","templated":true}]}}