{"id":83180,"date":"2017-10-31T11:02:15","date_gmt":"2017-10-31T10:02:15","guid":{"rendered":"https:\/\/houtdraaiwerken-penkits.nl\/shop\/unkategorisiert\/gummistift-bausaetze\/"},"modified":"2017-10-31T11:02:15","modified_gmt":"2017-10-31T10:02:15","slug":"gummistift-bausaetze","status":"publish","type":"product","link":"https:\/\/houtdraaiwerken-penkits.nl\/de\/shop\/stift-kits\/klick-stift-sets\/gummistift-bausatze\/gummistift-bausaetze\/","title":{"rendered":"Gummistift-Baus\u00e4tze"},"content":{"rendered":"<p>ben\u00f6tigte Ausr\u00fcstung:<\/p>\n<p><a href=\"https:\/\/houtdraaiwerken-penkits.nl\/fr\/shop\/jeu-dentretoises\/bu247-fr\/bu148\/\">BU148<\/a> Buchsen<\/p>\n<p><a href=\"https:\/\/houtdraaiwerken-penkits.nl\/shop\/boren\/db008\/db008\/\">DB008<\/a> Bohrmaschine<\/p>\n<p><a href=\"https:\/\/houtdraaiwerken-penkits.nl\/fr\/shop\/outils\/pm012-fraises-a-stylo-hss-dia-7-2mm-l9-5cm-pour-tubes-de-8mm\/\">PM012 <\/a>Stiftm\u00fchle. Bitte beachten Sie, dass Sie f\u00fcr eine Stiftm\u00fchle auch einen Fr\u00e4ser <a href=\"https:\/\/houtdraaiwerken-penkits.nl\/fr\/shop\/outils\/pm006-tete-de-coupe-3-4-a-6-tranchants-pour-fraises-pen\/\">PM006<\/a> oder <a href=\"https:\/\/houtdraaiwerken-penkits.nl\/fr\/shop\/outils\/nlpm002-tete-de-coupe-3-4-avec-4-aretes-de-coupe-pour-fraises-pen\/\">PM002<\/a> ben\u00f6tigen. Der Fr\u00e4ser passt auf jede Stiftm\u00fchle<\/p>\n","protected":false},"excerpt":{"rendered":"<p>Gummistift-Baus\u00e4tze<\/p>\n<p>Sie k\u00f6nnen den Gummi auch weglassen und durch Holz ersetzen.<\/p>\n","protected":false},"featured_media":47024,"comment_status":"open","ping_status":"closed","template":"","meta":{"_et_pb_use_builder":"","_et_pb_old_content":"","_et_gb_content_width":""},"product_brand":[],"product_cat":[6126,3571],"product_tag":[3573,2201,2962],"class_list":{"0":"post-83180","1":"product","2":"type-product","3":"status-publish","4":"has-post-thumbnail","6":"product_cat-gummistift-bausatze","7":"product_cat-stift-kits","8":"product_tag-power-pen-kits-gun-metal-de","9":"product_tag-stift-kits","10":"product_tag-stift-kits-de","12":"first","13":"instock","14":"taxable","15":"shipping-taxable","16":"purchasable","17":"product-type-variable"},"_links":{"self":[{"href":"https:\/\/houtdraaiwerken-penkits.nl\/de\/wp-json\/wp\/v2\/product\/83180","targetHints":{"allow":["GET"]}}],"collection":[{"href":"https:\/\/houtdraaiwerken-penkits.nl\/de\/wp-json\/wp\/v2\/product"}],"about":[{"href":"https:\/\/houtdraaiwerken-penkits.nl\/de\/wp-json\/wp\/v2\/types\/product"}],"replies":[{"embeddable":true,"href":"https:\/\/houtdraaiwerken-penkits.nl\/de\/wp-json\/wp\/v2\/comments?post=83180"}],"wp:featuredmedia":[{"embeddable":true,"href":"https:\/\/houtdraaiwerken-penkits.nl\/de\/wp-json\/wp\/v2\/media\/47024"}],"wp:attachment":[{"href":"https:\/\/houtdraaiwerken-penkits.nl\/de\/wp-json\/wp\/v2\/media?parent=83180"}],"wp:term":[{"taxonomy":"product_brand","embeddable":true,"href":"https:\/\/houtdraaiwerken-penkits.nl\/de\/wp-json\/wp\/v2\/product_brand?post=83180"},{"taxonomy":"product_cat","embeddable":true,"href":"https:\/\/houtdraaiwerken-penkits.nl\/de\/wp-json\/wp\/v2\/product_cat?post=83180"},{"taxonomy":"product_tag","embeddable":true,"href":"https:\/\/houtdraaiwerken-penkits.nl\/de\/wp-json\/wp\/v2\/product_tag?post=83180"}],"curies":[{"name":"wp","href":"https:\/\/api.w.org\/{rel}","templated":true}]}}