{"id":83189,"date":"2017-10-31T12:09:17","date_gmt":"2017-10-31T11:09:17","guid":{"rendered":"https:\/\/houtdraaiwerken-penkits.nl\/shop\/unkategorisiert\/pm016-stiftfraeser-hss-o80mm-l95cm-fuer-85mm-stiftrohr\/"},"modified":"2025-07-21T19:32:31","modified_gmt":"2025-07-21T17:32:31","slug":"pm016-stiftfraeser-hss-o80mm-l95cm-fuer-85mm-stiftrohr","status":"publish","type":"product","link":"https:\/\/houtdraaiwerken-penkits.nl\/de\/shop\/werkzeuge\/stiftmuehlen-fraeser\/pm016-de\/pm016-stiftfraeser-hss-o80mm-l95cm-fuer-85mm-stiftrohr\/","title":{"rendered":"PM016 Stiftfr\u00e4ser HSS, \u00d8:8,0mm, L:9,5cm, f\u00fcr 8,5mm Stiftrohr."},"content":{"rendered":"","protected":false},"excerpt":{"rendered":"<p>[Stiftfr\u00e4ser HSS, \u00d8:8,0 mm, L:9,5 cm, f\u00fcr 8,5 mm Stiftr\u00f6hrchen.<\/p>\n<p>F\u00fcr die Endbearbeitung des Holzes in gerader Beziehung zum R\u00f6hrchen.<\/p>\n","protected":false},"featured_media":41118,"comment_status":"open","ping_status":"closed","template":"","meta":{"_et_pb_use_builder":"","_et_pb_old_content":"","_et_gb_content_width":""},"product_brand":[],"product_cat":[6134,2290],"product_tag":[2525],"class_list":{"0":"post-83189","1":"product","2":"type-product","3":"status-publish","4":"has-post-thumbnail","6":"product_cat-pm016-de","7":"product_cat-werkzeuge","8":"product_tag-stiftfraser-hss","10":"first","11":"instock","12":"taxable","13":"shipping-taxable","14":"purchasable","15":"product-type-simple"},"_links":{"self":[{"href":"https:\/\/houtdraaiwerken-penkits.nl\/de\/wp-json\/wp\/v2\/product\/83189","targetHints":{"allow":["GET"]}}],"collection":[{"href":"https:\/\/houtdraaiwerken-penkits.nl\/de\/wp-json\/wp\/v2\/product"}],"about":[{"href":"https:\/\/houtdraaiwerken-penkits.nl\/de\/wp-json\/wp\/v2\/types\/product"}],"replies":[{"embeddable":true,"href":"https:\/\/houtdraaiwerken-penkits.nl\/de\/wp-json\/wp\/v2\/comments?post=83189"}],"wp:featuredmedia":[{"embeddable":true,"href":"https:\/\/houtdraaiwerken-penkits.nl\/de\/wp-json\/wp\/v2\/media\/41118"}],"wp:attachment":[{"href":"https:\/\/houtdraaiwerken-penkits.nl\/de\/wp-json\/wp\/v2\/media?parent=83189"}],"wp:term":[{"taxonomy":"product_brand","embeddable":true,"href":"https:\/\/houtdraaiwerken-penkits.nl\/de\/wp-json\/wp\/v2\/product_brand?post=83189"},{"taxonomy":"product_cat","embeddable":true,"href":"https:\/\/houtdraaiwerken-penkits.nl\/de\/wp-json\/wp\/v2\/product_cat?post=83189"},{"taxonomy":"product_tag","embeddable":true,"href":"https:\/\/houtdraaiwerken-penkits.nl\/de\/wp-json\/wp\/v2\/product_tag?post=83189"}],"curies":[{"name":"wp","href":"https:\/\/api.w.org\/{rel}","templated":true}]}}