{"id":83230,"date":"2017-11-12T20:25:02","date_gmt":"2017-11-12T19:25:02","guid":{"rendered":"https:\/\/houtdraaiwerken-penkits.nl\/shop\/unkategorisiert\/pb32-tuerkischer-nussbaum-stiftrohlinge-20x20x155mm\/"},"modified":"2017-11-12T20:25:02","modified_gmt":"2017-11-12T19:25:02","slug":"pb32-tuerkischer-nussbaum-stiftrohlinge-20x20x155mm","status":"publish","type":"product","link":"https:\/\/houtdraaiwerken-penkits.nl\/de\/shop\/stiftrohlinge\/holz-fur-stifte\/pb32-turkischer-nussbaum-stiftrohlinge\/pb32-tuerkischer-nussbaum-stiftrohlinge-20x20x155mm\/","title":{"rendered":"PB32 T\u00fcrkischer Nussbaum Stiftrohlinge 20x20x155mm"},"content":{"rendered":"<p>Die Farbe kann leicht vom Foto abweichen.<\/p>\n<p>&nbsp;<\/p>\n<p>&nbsp;<\/p>\n","protected":false},"excerpt":{"rendered":"<p>Schreibger\u00e4te-Rohlinge aus t\u00fcrkischem Nussbaumholz. Preis pro St\u00fcck.<\/p>\n","protected":false},"featured_media":66742,"comment_status":"open","ping_status":"closed","template":"","meta":{"_et_pb_use_builder":"","_et_pb_old_content":"","_et_gb_content_width":""},"product_brand":[],"product_cat":[3063,6175],"product_tag":[2187,2977,2975],"class_list":{"0":"post-83230","1":"product","2":"type-product","3":"status-publish","4":"has-post-thumbnail","6":"product_cat-holz-fur-stifte","7":"product_cat-pb32-turkischer-nussbaum-stiftrohlinge","8":"product_tag-acryl-stiftrohling","9":"product_tag-farbe-holz-stift-blank","10":"product_tag-stiftrohlinge-aus-holz","12":"first","13":"instock","14":"taxable","15":"shipping-taxable","16":"purchasable","17":"product-type-simple"},"_links":{"self":[{"href":"https:\/\/houtdraaiwerken-penkits.nl\/de\/wp-json\/wp\/v2\/product\/83230","targetHints":{"allow":["GET"]}}],"collection":[{"href":"https:\/\/houtdraaiwerken-penkits.nl\/de\/wp-json\/wp\/v2\/product"}],"about":[{"href":"https:\/\/houtdraaiwerken-penkits.nl\/de\/wp-json\/wp\/v2\/types\/product"}],"replies":[{"embeddable":true,"href":"https:\/\/houtdraaiwerken-penkits.nl\/de\/wp-json\/wp\/v2\/comments?post=83230"}],"wp:featuredmedia":[{"embeddable":true,"href":"https:\/\/houtdraaiwerken-penkits.nl\/de\/wp-json\/wp\/v2\/media\/66742"}],"wp:attachment":[{"href":"https:\/\/houtdraaiwerken-penkits.nl\/de\/wp-json\/wp\/v2\/media?parent=83230"}],"wp:term":[{"taxonomy":"product_brand","embeddable":true,"href":"https:\/\/houtdraaiwerken-penkits.nl\/de\/wp-json\/wp\/v2\/product_brand?post=83230"},{"taxonomy":"product_cat","embeddable":true,"href":"https:\/\/houtdraaiwerken-penkits.nl\/de\/wp-json\/wp\/v2\/product_cat?post=83230"},{"taxonomy":"product_tag","embeddable":true,"href":"https:\/\/houtdraaiwerken-penkits.nl\/de\/wp-json\/wp\/v2\/product_tag?post=83230"}],"curies":[{"name":"wp","href":"https:\/\/api.w.org\/{rel}","templated":true}]}}