{"id":83269,"date":"2018-01-19T21:21:23","date_gmt":"2018-01-19T20:21:23","guid":{"rendered":"https:\/\/houtdraaiwerken-penkits.nl\/shop\/unkategorisiert\/holzkassette-fuer-1-grossen-kugelschreiber-ew007-xl\/"},"modified":"2026-01-15T19:24:11","modified_gmt":"2026-01-15T18:24:11","slug":"holzkassette-fuer-1-grossen-kugelschreiber-ew007-xl","status":"publish","type":"product","link":"https:\/\/houtdraaiwerken-penkits.nl\/de\/shop\/stifteboxen\/holzkassette-fur-1-grosen-kugelschreiber-ew007-xl\/holzkassette-fuer-1-grossen-kugelschreiber-ew007-xl\/","title":{"rendered":"Holzkassette f\u00fcr 1 gro\u00dfen Kugelschreiber EW007 XL"},"content":{"rendered":"<p>&nbsp;<\/p>\n<p>&nbsp;<\/p>\n","protected":false},"excerpt":{"rendered":"<p>H\u00f6lzerne Stiftbox f\u00fcr 1 F\u00fcllfederhalter oder Rollerball.<\/p>\n<p>Dies ist f\u00fcr gro\u00dfe Stifte wie gro\u00dfe JR Gentleman Serie Stift, Churchill Stift, Hawaiian Liebe Stift, Zigarre Stift<\/p>\n<p>Gr\u00f6\u00dfe:151.5&#215;24.5x18mm<\/p>\n","protected":false},"featured_media":47468,"comment_status":"open","ping_status":"closed","template":"","meta":{"_et_pb_use_builder":"","_et_pb_old_content":"","_et_gb_content_width":""},"product_brand":[],"product_cat":[6205,5097],"product_tag":[3767,2202,2201],"class_list":{"0":"post-83269","1":"product","2":"type-product","3":"status-publish","4":"has-post-thumbnail","6":"product_cat-holzkassette-fur-1-grosen-kugelschreiber-ew007-xl","7":"product_cat-stifteboxen","8":"product_tag-einzelne-holzschachtel","9":"product_tag-projekt-kits","10":"product_tag-stift-kits","12":"first","13":"instock","14":"taxable","15":"shipping-taxable","16":"purchasable","17":"product-type-simple"},"_links":{"self":[{"href":"https:\/\/houtdraaiwerken-penkits.nl\/de\/wp-json\/wp\/v2\/product\/83269","targetHints":{"allow":["GET"]}}],"collection":[{"href":"https:\/\/houtdraaiwerken-penkits.nl\/de\/wp-json\/wp\/v2\/product"}],"about":[{"href":"https:\/\/houtdraaiwerken-penkits.nl\/de\/wp-json\/wp\/v2\/types\/product"}],"replies":[{"embeddable":true,"href":"https:\/\/houtdraaiwerken-penkits.nl\/de\/wp-json\/wp\/v2\/comments?post=83269"}],"wp:featuredmedia":[{"embeddable":true,"href":"https:\/\/houtdraaiwerken-penkits.nl\/de\/wp-json\/wp\/v2\/media\/47468"}],"wp:attachment":[{"href":"https:\/\/houtdraaiwerken-penkits.nl\/de\/wp-json\/wp\/v2\/media?parent=83269"}],"wp:term":[{"taxonomy":"product_brand","embeddable":true,"href":"https:\/\/houtdraaiwerken-penkits.nl\/de\/wp-json\/wp\/v2\/product_brand?post=83269"},{"taxonomy":"product_cat","embeddable":true,"href":"https:\/\/houtdraaiwerken-penkits.nl\/de\/wp-json\/wp\/v2\/product_cat?post=83269"},{"taxonomy":"product_tag","embeddable":true,"href":"https:\/\/houtdraaiwerken-penkits.nl\/de\/wp-json\/wp\/v2\/product_tag?post=83269"}],"curies":[{"name":"wp","href":"https:\/\/api.w.org\/{rel}","templated":true}]}}