{"id":83442,"date":"2016-05-11T20:51:34","date_gmt":"2016-05-11T18:51:34","guid":{"rendered":"https:\/\/houtdraaiwerken-penkits.nl\/shop\/unkategorisiert\/bstm-dorn-fuer-flaschenverschluesse\/"},"modified":"2016-05-11T20:51:34","modified_gmt":"2016-05-11T18:51:34","slug":"bstm-dorn-fuer-flaschenverschluesse","status":"publish","type":"product","link":"https:\/\/houtdraaiwerken-penkits.nl\/de\/shop\/werkzeuge\/mandrels-und-zubehor\/flaschenverschlussdorn\/bstm-dorn-fuer-flaschenverschluesse\/","title":{"rendered":"BSTM-Dorn f\u00fcr Flaschenverschl\u00fcsse"},"content":{"rendered":"","protected":false},"excerpt":{"rendered":"<p>Flaschenverschlussdorn f\u00fcr WBS2 Chrom-Flaschenverschluss<\/p>\n","protected":false},"featured_media":40950,"comment_status":"open","ping_status":"closed","template":"","meta":{"_et_pb_use_builder":"","_et_pb_old_content":"","_et_gb_content_width":""},"product_brand":[],"product_cat":[6328],"product_tag":[6197,2202,2962,2201],"class_list":{"0":"post-83442","1":"product","2":"type-product","3":"status-publish","4":"has-post-thumbnail","6":"product_cat-flaschenverschlussdorn","7":"product_tag-flaschenverschlussdorn","8":"product_tag-projekt-kits","9":"product_tag-stift-kits-de","10":"product_tag-stift-kits","12":"first","13":"instock","14":"taxable","15":"shipping-taxable","16":"purchasable","17":"product-type-simple"},"_links":{"self":[{"href":"https:\/\/houtdraaiwerken-penkits.nl\/de\/wp-json\/wp\/v2\/product\/83442","targetHints":{"allow":["GET"]}}],"collection":[{"href":"https:\/\/houtdraaiwerken-penkits.nl\/de\/wp-json\/wp\/v2\/product"}],"about":[{"href":"https:\/\/houtdraaiwerken-penkits.nl\/de\/wp-json\/wp\/v2\/types\/product"}],"replies":[{"embeddable":true,"href":"https:\/\/houtdraaiwerken-penkits.nl\/de\/wp-json\/wp\/v2\/comments?post=83442"}],"wp:featuredmedia":[{"embeddable":true,"href":"https:\/\/houtdraaiwerken-penkits.nl\/de\/wp-json\/wp\/v2\/media\/40950"}],"wp:attachment":[{"href":"https:\/\/houtdraaiwerken-penkits.nl\/de\/wp-json\/wp\/v2\/media?parent=83442"}],"wp:term":[{"taxonomy":"product_brand","embeddable":true,"href":"https:\/\/houtdraaiwerken-penkits.nl\/de\/wp-json\/wp\/v2\/product_brand?post=83442"},{"taxonomy":"product_cat","embeddable":true,"href":"https:\/\/houtdraaiwerken-penkits.nl\/de\/wp-json\/wp\/v2\/product_cat?post=83442"},{"taxonomy":"product_tag","embeddable":true,"href":"https:\/\/houtdraaiwerken-penkits.nl\/de\/wp-json\/wp\/v2\/product_tag?post=83442"}],"curies":[{"name":"wp","href":"https:\/\/api.w.org\/{rel}","templated":true}]}}